{"id":9883,"date":"2026-02-02T15:31:32","date_gmt":"2026-02-02T15:31:32","guid":{"rendered":"https:\/\/imprentamaxspeed2120.live-website.com\/tienda\/sin%20categor\u00eda\/neoblu-loris\/"},"modified":"2026-02-02T15:32:54","modified_gmt":"2026-02-02T15:32:54","slug":"neoblu-loris","status":"publish","type":"product","link":"https:\/\/imprentaametros.com\/es\/tienda\/textil\/camiseta\/neoblu-loris\/","title":{"rendered":"NEOBLU LORIS"},"content":{"rendered":"<p><span dir=\"auto\" style=\"vertical-align: inherit;\"><span dir=\"auto\" style=\"vertical-align: inherit;\"><span dir=\"auto\" style=\"vertical-align: inherit;\"><span dir=\"auto\" style=\"vertical-align: inherit;\"><span dir=\"auto\" style=\"vertical-align: inherit;\"><span dir=\"auto\" style=\"vertical-align: inherit;\"><span dir=\"auto\" style=\"vertical-align: inherit;\"><span dir=\"auto\" style=\"vertical-align: inherit;\">Unisex &#8211; Camiseta de manga corta &#8211; Cuello redondo y acabado de canal\u00e9 grueso en los pu\u00f1os &#8211; Cortado y cosidoLa NEOBLU LORIS, confeccionada en algod\u00f3n piqu\u00e9, no es una simple camiseta. Solo lo parece, porque tiene la comodidad y el ajuste de un polo. Confeccionada con algod\u00f3n 100% org\u00e1nico, es especialmente suave y agradable al tacto.<\/span><\/span><\/span><\/span><\/span><\/span><\/span><\/span><\/p>\n<p><span dir=\"auto\" style=\"vertical-align: inherit;\"><span dir=\"auto\" style=\"vertical-align: inherit;\"><span dir=\"auto\" style=\"vertical-align: inherit;\"><span dir=\"auto\" style=\"vertical-align: inherit;\"><span dir=\"auto\" style=\"vertical-align: inherit;\"><span dir=\"auto\" style=\"vertical-align: inherit;\"><span dir=\"auto\" style=\"vertical-align: inherit;\"><span dir=\"auto\" style=\"vertical-align: inherit;\">100% algod\u00f3n org\u00e1nico peinado &#8211; Acabado natural para un tacto m\u00e1s suave y lis.<\/span><\/span><\/span><\/span><\/span><\/span><\/span><\/span><\/p>\n<p><span dir=\"auto\" style=\"vertical-align: inherit;\"><span dir=\"auto\" style=\"vertical-align: inherit;\"><\/span><\/span><\/p>\n","protected":false},"excerpt":{"rendered":"<p>Unisex &#8211; Camiseta de manga corta &#8211; Cuello redondo y acabado de canal\u00e9 grueso en los pu\u00f1os &#8211; Cortado y cosidoLa NEOBLU LORIS, confeccionada en algod\u00f3n piqu\u00e9, no es una simple camiseta. Solo lo parece, porque tiene la comodidad y el ajuste de un polo. Confeccionada con algod\u00f3n 100% org\u00e1nico, es especialmente suave y agradable [&hellip;]<\/p>\n","protected":false},"featured_media":4143,"template":"","meta":[],"product_brand":[70],"product_cat":[97],"product_tag":[],"class_list":{"0":"post-9883","1":"product","2":"type-product","3":"status-publish","4":"has-post-thumbnail","6":"product_brand-neoblu","7":"product_cat-camiseta","8":"pa_color-blanco-optimo","9":"pa_color-gris-mezcla","10":"pa_color-negro-profundo","11":"pa_color-noche","12":"pa_ficha-tecnica-https-mcprod-sologroup-paris-com-default-pdfpublication-pdf-product-sku-03775-store-21-type-template_map","13":"pa_genero-unisex","14":"pa_talla-3xl","15":"pa_talla-4xl","16":"pa_talla-l","17":"pa_talla-m","18":"pa_talla-s","19":"pa_talla-xl","20":"pa_talla-xs","21":"pa_talla-xxl","23":"first","24":"instock","25":"purchasable","26":"product-type-variable","27":"wvs-archive-product-wrapper"},"_links":{"self":[{"href":"https:\/\/imprentaametros.com\/es\/wp-json\/wp\/v2\/product\/9883","targetHints":{"allow":["GET"]}}],"collection":[{"href":"https:\/\/imprentaametros.com\/es\/wp-json\/wp\/v2\/product"}],"about":[{"href":"https:\/\/imprentaametros.com\/es\/wp-json\/wp\/v2\/types\/product"}],"version-history":[{"count":1,"href":"https:\/\/imprentaametros.com\/es\/wp-json\/wp\/v2\/product\/9883\/revisions"}],"predecessor-version":[{"id":9884,"href":"https:\/\/imprentaametros.com\/es\/wp-json\/wp\/v2\/product\/9883\/revisions\/9884"}],"wp:featuredmedia":[{"embeddable":true,"href":"https:\/\/imprentaametros.com\/es\/wp-json\/wp\/v2\/media\/4143"}],"wp:attachment":[{"href":"https:\/\/imprentaametros.com\/es\/wp-json\/wp\/v2\/media?parent=9883"}],"wp:term":[{"taxonomy":"product_brand","embeddable":true,"href":"https:\/\/imprentaametros.com\/es\/wp-json\/wp\/v2\/product_brand?post=9883"},{"taxonomy":"product_cat","embeddable":true,"href":"https:\/\/imprentaametros.com\/es\/wp-json\/wp\/v2\/product_cat?post=9883"},{"taxonomy":"product_tag","embeddable":true,"href":"https:\/\/imprentaametros.com\/es\/wp-json\/wp\/v2\/product_tag?post=9883"}],"curies":[{"name":"wp","href":"https:\/\/api.w.org\/{rel}","templated":true}]}}