{"id":9355,"date":"2026-02-02T15:13:15","date_gmt":"2026-02-02T15:13:15","guid":{"rendered":"https:\/\/imprentamaxspeed2120.live-website.com\/tienda\/sin%20categor\u00eda\/sols-crusader-kids\/"},"modified":"2026-02-02T15:18:34","modified_gmt":"2026-02-02T15:18:34","slug":"sols-crusader-kids","status":"publish","type":"product","link":"https:\/\/imprentaametros.com\/es\/tienda\/textil\/camiseta\/sols-crusader-kids\/","title":{"rendered":"SOL&#8217;S CRUSADER KIDS"},"content":{"rendered":"<p><span dir=\"auto\" style=\"vertical-align: inherit;\"><span dir=\"auto\" style=\"vertical-align: inherit;\"><span dir=\"auto\" style=\"vertical-align: inherit;\"><span dir=\"auto\" style=\"vertical-align: inherit;\"><span dir=\"auto\" style=\"vertical-align: inherit;\"><span dir=\"auto\" style=\"vertical-align: inherit;\"><span dir=\"auto\" style=\"vertical-align: inherit;\"><span dir=\"auto\" style=\"vertical-align: inherit;\">Cuello acanalado 100% algod\u00f3n &#8211; Cuello redondo &#8211; Tapacosturas en el cuello &#8211; Corte ajustado &#8211; Cortado y cosido<\/span><\/span><\/span><\/span><\/span><\/span><\/span><\/span><\/p>\n<p><span dir=\"auto\" style=\"vertical-align: inherit;\"><span dir=\"auto\" style=\"vertical-align: inherit;\"><span dir=\"auto\" style=\"vertical-align: inherit;\"><span dir=\"auto\" style=\"vertical-align: inherit;\"><span dir=\"auto\" style=\"vertical-align: inherit;\"><span dir=\"auto\" style=\"vertical-align: inherit;\"><span dir=\"auto\" style=\"vertical-align: inherit;\"><span dir=\"auto\" style=\"vertical-align: inherit;\">100% algod\u00f3n org\u00e1nico &#8211; Enriquecido mediante un tratamiento enzim\u00e1tico para un tacto m\u00e1s suave<\/span><\/span><\/span><\/span><\/span><\/span><\/span><\/span><\/p>\n<p><span dir=\"auto\" style=\"vertical-align: inherit;\"><span dir=\"auto\" style=\"vertical-align: inherit;\"><\/span><\/span><\/p>\n","protected":false},"excerpt":{"rendered":"<p>Cuello acanalado 100% algod\u00f3n &#8211; Cuello redondo &#8211; Tapacosturas en el cuello &#8211; Corte ajustado &#8211; Cortado y cosido 100% algod\u00f3n org\u00e1nico &#8211; Enriquecido mediante un tratamiento enzim\u00e1tico para un tacto m\u00e1s suave<\/p>\n","protected":false},"featured_media":3777,"template":"","meta":[],"product_brand":[26],"product_cat":[97],"product_tag":[],"class_list":{"0":"post-9355","1":"product","2":"type-product","3":"status-publish","4":"has-post-thumbnail","6":"product_brand-sols","7":"product_cat-camiseta","8":"pa_color-amarillo","9":"pa_color-aqua","10":"pa_color-azul-royal","11":"pa_color-beige-jaspeado","12":"pa_color-blanco","13":"pa_color-french-marino","14":"pa_color-fucsia","15":"pa_color-gris-mezcla","16":"pa_color-naranja","17":"pa_color-negro-profundo","18":"pa_color-rojo","19":"pa_color-rosa-jaspeado","20":"pa_color-rosa-orquidea","21":"pa_color-rosa-palido","22":"pa_color-verde-jaspeado-claro","23":"pa_color-verde-manzana","24":"pa_color-verde-pradera","25":"pa_ficha-tecnica-https-mcprod-sologroup-paris-com-default-pdfpublication-pdf-product-sku-03580-store-21-type-template_map","26":"pa_genero-nino","27":"pa_talla-02a","28":"pa_talla-04a","29":"pa_talla-06a","30":"pa_talla-08a","31":"pa_talla-10a","32":"pa_talla-12a","34":"first","35":"instock","36":"purchasable","37":"product-type-variable","38":"wvs-archive-product-wrapper"},"_links":{"self":[{"href":"https:\/\/imprentaametros.com\/es\/wp-json\/wp\/v2\/product\/9355","targetHints":{"allow":["GET"]}}],"collection":[{"href":"https:\/\/imprentaametros.com\/es\/wp-json\/wp\/v2\/product"}],"about":[{"href":"https:\/\/imprentaametros.com\/es\/wp-json\/wp\/v2\/types\/product"}],"version-history":[{"count":1,"href":"https:\/\/imprentaametros.com\/es\/wp-json\/wp\/v2\/product\/9355\/revisions"}],"predecessor-version":[{"id":9356,"href":"https:\/\/imprentaametros.com\/es\/wp-json\/wp\/v2\/product\/9355\/revisions\/9356"}],"wp:featuredmedia":[{"embeddable":true,"href":"https:\/\/imprentaametros.com\/es\/wp-json\/wp\/v2\/media\/3777"}],"wp:attachment":[{"href":"https:\/\/imprentaametros.com\/es\/wp-json\/wp\/v2\/media?parent=9355"}],"wp:term":[{"taxonomy":"product_brand","embeddable":true,"href":"https:\/\/imprentaametros.com\/es\/wp-json\/wp\/v2\/product_brand?post=9355"},{"taxonomy":"product_cat","embeddable":true,"href":"https:\/\/imprentaametros.com\/es\/wp-json\/wp\/v2\/product_cat?post=9355"},{"taxonomy":"product_tag","embeddable":true,"href":"https:\/\/imprentaametros.com\/es\/wp-json\/wp\/v2\/product_tag?post=9355"}],"curies":[{"name":"wp","href":"https:\/\/api.w.org\/{rel}","templated":true}]}}