{"id":9164,"date":"2026-02-02T15:08:20","date_gmt":"2026-02-02T15:08:20","guid":{"rendered":"https:\/\/imprentamaxspeed2120.live-website.com\/tienda\/sin%20categor\u00eda\/sols-pioneer-women\/"},"modified":"2026-02-02T15:13:53","modified_gmt":"2026-02-02T15:13:53","slug":"sols-pioneer-women","status":"publish","type":"product","link":"https:\/\/imprentaametros.com\/es\/tienda\/textil\/camiseta\/sols-pioneer-women\/","title":{"rendered":"SOL&#8217;S PIONEER WOMEN"},"content":{"rendered":"<p><span dir=\"auto\" style=\"vertical-align: inherit;\"><span dir=\"auto\" style=\"vertical-align: inherit;\"><span dir=\"auto\" style=\"vertical-align: inherit;\"><span dir=\"auto\" style=\"vertical-align: inherit;\"><span dir=\"auto\" style=\"vertical-align: inherit;\"><span dir=\"auto\" style=\"vertical-align: inherit;\"><span dir=\"auto\" style=\"vertical-align: inherit;\"><span dir=\"auto\" style=\"vertical-align: inherit;\">Cuello acanalado 100% algod\u00f3n &#8211; Cuello redondo &#8211; Tapacosturas en el cuello &#8211; Corte ajustado &#8211; Tubular<\/span><\/span><\/span><\/span><\/span><\/span><\/span><\/span><\/p>\n<p><span dir=\"auto\" style=\"vertical-align: inherit;\"><span dir=\"auto\" style=\"vertical-align: inherit;\"><span dir=\"auto\" style=\"vertical-align: inherit;\"><span dir=\"auto\" style=\"vertical-align: inherit;\"><span dir=\"auto\" style=\"vertical-align: inherit;\"><span dir=\"auto\" style=\"vertical-align: inherit;\"><span dir=\"auto\" style=\"vertical-align: inherit;\"><span dir=\"auto\" style=\"vertical-align: inherit;\">100% algod\u00f3n biol\u00f3gico &#8211; Acabado natural para un tacto m\u00e1s suave y liso<\/span><\/span><\/span><\/span><\/span><\/span><\/span><\/span><\/p>\n<p><span dir=\"auto\" style=\"vertical-align: inherit;\"><span dir=\"auto\" style=\"vertical-align: inherit;\"><\/span><\/span><\/p>\n","protected":false},"excerpt":{"rendered":"<p>Cuello acanalado 100% algod\u00f3n &#8211; Cuello redondo &#8211; Tapacosturas en el cuello &#8211; Corte ajustado &#8211; Tubular 100% algod\u00f3n biol\u00f3gico &#8211; Acabado natural para un tacto m\u00e1s suave y liso<\/p>\n","protected":false},"featured_media":3582,"template":"","meta":[],"product_brand":[26],"product_cat":[97],"product_tag":[],"class_list":{"0":"post-9164","1":"product","2":"type-product","3":"status-publish","4":"has-post-thumbnail","6":"product_brand-sols","7":"product_cat-camiseta","8":"pa_color-amarillo","9":"pa_color-aqua","10":"pa_color-ash","11":"pa_color-azul-royal","12":"pa_color-blanco","13":"pa_color-blanco-crema","14":"pa_color-burdeos","15":"pa_color-caqui","16":"pa_color-cuerda","17":"pa_color-denim","18":"pa_color-french-marino","19":"pa_color-fucsia","20":"pa_color-gris-mezcla","21":"pa_color-gris-raton","22":"pa_color-naranja","23":"pa_color-natural","24":"pa_color-negro-profundo","25":"pa_color-rojo","26":"pa_color-rojo-vivo","27":"pa_color-rosa-palido","28":"pa_color-verde-botella","29":"pa_color-verde-manzana","30":"pa_color-verde-pradera","31":"pa_ficha-tecnica-https-mcprod-sologroup-paris-com-default-pdfpublication-pdf-product-sku-03579-store-21-type-template_map","32":"pa_genero-mujer","33":"pa_talla-3xl","34":"pa_talla-l","35":"pa_talla-m","36":"pa_talla-s","37":"pa_talla-xl","38":"pa_talla-xxl","40":"first","41":"instock","42":"purchasable","43":"product-type-variable","44":"wvs-archive-product-wrapper"},"_links":{"self":[{"href":"https:\/\/imprentaametros.com\/es\/wp-json\/wp\/v2\/product\/9164","targetHints":{"allow":["GET"]}}],"collection":[{"href":"https:\/\/imprentaametros.com\/es\/wp-json\/wp\/v2\/product"}],"about":[{"href":"https:\/\/imprentaametros.com\/es\/wp-json\/wp\/v2\/types\/product"}],"version-history":[{"count":1,"href":"https:\/\/imprentaametros.com\/es\/wp-json\/wp\/v2\/product\/9164\/revisions"}],"predecessor-version":[{"id":9165,"href":"https:\/\/imprentaametros.com\/es\/wp-json\/wp\/v2\/product\/9164\/revisions\/9165"}],"wp:featuredmedia":[{"embeddable":true,"href":"https:\/\/imprentaametros.com\/es\/wp-json\/wp\/v2\/media\/3582"}],"wp:attachment":[{"href":"https:\/\/imprentaametros.com\/es\/wp-json\/wp\/v2\/media?parent=9164"}],"wp:term":[{"taxonomy":"product_brand","embeddable":true,"href":"https:\/\/imprentaametros.com\/es\/wp-json\/wp\/v2\/product_brand?post=9164"},{"taxonomy":"product_cat","embeddable":true,"href":"https:\/\/imprentaametros.com\/es\/wp-json\/wp\/v2\/product_cat?post=9164"},{"taxonomy":"product_tag","embeddable":true,"href":"https:\/\/imprentaametros.com\/es\/wp-json\/wp\/v2\/product_tag?post=9164"}],"curies":[{"name":"wp","href":"https:\/\/api.w.org\/{rel}","templated":true}]}}