{"id":9057,"date":"2026-02-02T15:05:40","date_gmt":"2026-02-02T15:05:40","guid":{"rendered":"https:\/\/imprentamaxspeed2120.live-website.com\/tienda\/sin%20categor\u00eda\/sols-pioneer-kids\/"},"modified":"2026-02-02T15:08:23","modified_gmt":"2026-02-02T15:08:23","slug":"sols-pioneer-kids","status":"publish","type":"product","link":"https:\/\/imprentaametros.com\/es\/tienda\/textil\/camiseta\/sols-pioneer-kids\/","title":{"rendered":"SOL&#8217;S PIONEER KIDS"},"content":{"rendered":"<p><span dir=\"auto\" style=\"vertical-align: inherit;\"><span dir=\"auto\" style=\"vertical-align: inherit;\"><span dir=\"auto\" style=\"vertical-align: inherit;\"><span dir=\"auto\" style=\"vertical-align: inherit;\"><span dir=\"auto\" style=\"vertical-align: inherit;\"><span dir=\"auto\" style=\"vertical-align: inherit;\"><span dir=\"auto\" style=\"vertical-align: inherit;\"><span dir=\"auto\" style=\"vertical-align: inherit;\">Cuello acanalado 100% algod\u00f3n &#8211; Cuello redondo &#8211; Tapacosturas en el cuello &#8211; Corte ajustado &#8211; Tubular<\/span><\/span><\/span><\/span><\/span><\/span><\/span><\/span><\/p>\n<p><span dir=\"auto\" style=\"vertical-align: inherit;\"><span dir=\"auto\" style=\"vertical-align: inherit;\"><span dir=\"auto\" style=\"vertical-align: inherit;\"><span dir=\"auto\" style=\"vertical-align: inherit;\"><span dir=\"auto\" style=\"vertical-align: inherit;\"><span dir=\"auto\" style=\"vertical-align: inherit;\"><span dir=\"auto\" style=\"vertical-align: inherit;\"><span dir=\"auto\" style=\"vertical-align: inherit;\">100% algod\u00f3n org\u00e1nico &#8211; Acabado natural para un tacto m\u00e1s suave y liso<\/span><\/span><\/span><\/span><\/span><\/span><\/span><\/span><\/p>\n<p><span dir=\"auto\" style=\"vertical-align: inherit;\"><span dir=\"auto\" style=\"vertical-align: inherit;\"><\/span><\/span><\/p>\n","protected":false},"excerpt":{"rendered":"<p>Cuello acanalado 100% algod\u00f3n &#8211; Cuello redondo &#8211; Tapacosturas en el cuello &#8211; Corte ajustado &#8211; Tubular 100% algod\u00f3n org\u00e1nico &#8211; Acabado natural para un tacto m\u00e1s suave y liso<\/p>\n","protected":false},"featured_media":3471,"template":"","meta":[],"product_brand":[26],"product_cat":[97],"product_tag":[],"class_list":{"0":"post-9057","1":"product","2":"type-product","3":"status-publish","4":"has-post-thumbnail","6":"product_brand-sols","7":"product_cat-camiseta","8":"pa_color-amarillo","9":"pa_color-aqua","10":"pa_color-azul-royal","11":"pa_color-blanco","12":"pa_color-french-marino","13":"pa_color-gris-mezcla","14":"pa_color-naranja","15":"pa_color-negro-profundo","16":"pa_color-rojo","17":"pa_color-rosa-palido","18":"pa_color-verde-manzana","19":"pa_color-verde-pradera","20":"pa_ficha-tecnica-https-mcprod-sologroup-paris-com-default-pdfpublication-pdf-product-sku-03578-store-21-type-template_map","21":"pa_genero-nino","22":"pa_talla-02a","23":"pa_talla-04a","24":"pa_talla-06a","25":"pa_talla-08a","26":"pa_talla-10a","27":"pa_talla-12a","29":"first","30":"instock","31":"purchasable","32":"product-type-variable","33":"wvs-archive-product-wrapper"},"_links":{"self":[{"href":"https:\/\/imprentaametros.com\/es\/wp-json\/wp\/v2\/product\/9057","targetHints":{"allow":["GET"]}}],"collection":[{"href":"https:\/\/imprentaametros.com\/es\/wp-json\/wp\/v2\/product"}],"about":[{"href":"https:\/\/imprentaametros.com\/es\/wp-json\/wp\/v2\/types\/product"}],"version-history":[{"count":1,"href":"https:\/\/imprentaametros.com\/es\/wp-json\/wp\/v2\/product\/9057\/revisions"}],"predecessor-version":[{"id":9058,"href":"https:\/\/imprentaametros.com\/es\/wp-json\/wp\/v2\/product\/9057\/revisions\/9058"}],"wp:featuredmedia":[{"embeddable":true,"href":"https:\/\/imprentaametros.com\/es\/wp-json\/wp\/v2\/media\/3471"}],"wp:attachment":[{"href":"https:\/\/imprentaametros.com\/es\/wp-json\/wp\/v2\/media?parent=9057"}],"wp:term":[{"taxonomy":"product_brand","embeddable":true,"href":"https:\/\/imprentaametros.com\/es\/wp-json\/wp\/v2\/product_brand?post=9057"},{"taxonomy":"product_cat","embeddable":true,"href":"https:\/\/imprentaametros.com\/es\/wp-json\/wp\/v2\/product_cat?post=9057"},{"taxonomy":"product_tag","embeddable":true,"href":"https:\/\/imprentaametros.com\/es\/wp-json\/wp\/v2\/product_tag?post=9057"}],"curies":[{"name":"wp","href":"https:\/\/api.w.org\/{rel}","templated":true}]}}