{"id":9022,"date":"2026-02-02T15:05:01","date_gmt":"2026-02-02T15:05:01","guid":{"rendered":"https:\/\/imprentamaxspeed2120.live-website.com\/tienda\/sin%20categor\u00eda\/neoblu-leonard-women\/"},"modified":"2026-02-02T15:06:15","modified_gmt":"2026-02-02T15:06:15","slug":"neoblu-leonard-women","status":"publish","type":"product","link":"https:\/\/imprentaametros.com\/es\/tienda\/textil\/camiseta\/neoblu-leonard-women\/","title":{"rendered":"NEOBLU LEONARD WOMEN"},"content":{"rendered":"<p><span dir=\"auto\" style=\"vertical-align: inherit;\"><span dir=\"auto\" style=\"vertical-align: inherit;\"><span dir=\"auto\" style=\"vertical-align: inherit;\"><span dir=\"auto\" style=\"vertical-align: inherit;\"><span dir=\"auto\" style=\"vertical-align: inherit;\"><span dir=\"auto\" style=\"vertical-align: inherit;\"><span dir=\"auto\" style=\"vertical-align: inherit;\"><span dir=\"auto\" style=\"vertical-align: inherit;\">Mangas cortas &#8211; Cuello redondo acanalado de algod\u00f3n mercerizado &#8211; Pu\u00f1os y bajo con acabado termosellado &#8211; Tapacosturas en el cuelloDise\u00f1ada respetando nuestro medioambiente, esta camiseta de manga corta de algod\u00f3n ecol\u00f3gico es una excelente prenda b\u00e1sica para un \u00ablook\u00bb moderno y comprometido.<\/span><\/span><\/span><\/span><\/span><\/span><\/span><\/span><\/p>\n<p><span dir=\"auto\" style=\"vertical-align: inherit;\"><span dir=\"auto\" style=\"vertical-align: inherit;\"><span dir=\"auto\" style=\"vertical-align: inherit;\"><span dir=\"auto\" style=\"vertical-align: inherit;\"><span dir=\"auto\" style=\"vertical-align: inherit;\"><span dir=\"auto\" style=\"vertical-align: inherit;\"><span dir=\"auto\" style=\"vertical-align: inherit;\"><span dir=\"auto\" style=\"vertical-align: inherit;\">100% algod\u00f3n biol\u00f3gico<\/span><\/span><\/span><\/span><\/span><\/span><\/span><\/span><\/p>\n<p><span dir=\"auto\" style=\"vertical-align: inherit;\"><span dir=\"auto\" style=\"vertical-align: inherit;\"><\/span><\/span><\/p>\n","protected":false},"excerpt":{"rendered":"<p>Mangas cortas &#8211; Cuello redondo acanalado de algod\u00f3n mercerizado &#8211; Pu\u00f1os y bajo con acabado termosellado &#8211; Tapacosturas en el cuelloDise\u00f1ada respetando nuestro medioambiente, esta camiseta de manga corta de algod\u00f3n ecol\u00f3gico es una excelente prenda b\u00e1sica para un \u00ablook\u00bb moderno y comprometido. 100% algod\u00f3n biol\u00f3gico<\/p>\n","protected":false},"featured_media":3432,"template":"","meta":[],"product_brand":[70],"product_cat":[97],"product_tag":[],"class_list":{"0":"post-9022","1":"product","2":"type-product","3":"status-publish","4":"has-post-thumbnail","6":"product_brand-neoblu","7":"product_cat-camiseta","8":"pa_color-azul-oscuro","9":"pa_color-blanco-optimo","10":"pa_color-negro-profundo","11":"pa_color-noche","12":"pa_ficha-tecnica-https-mcprod-sologroup-paris-com-default-pdfpublication-pdf-product-sku-03571-store-21-type-template_map","13":"pa_genero-mujer","14":"pa_talla-3xl","15":"pa_talla-l","16":"pa_talla-m","17":"pa_talla-s","18":"pa_talla-xl","19":"pa_talla-xxl","21":"first","22":"instock","23":"purchasable","24":"product-type-variable","25":"wvs-archive-product-wrapper"},"_links":{"self":[{"href":"https:\/\/imprentaametros.com\/es\/wp-json\/wp\/v2\/product\/9022","targetHints":{"allow":["GET"]}}],"collection":[{"href":"https:\/\/imprentaametros.com\/es\/wp-json\/wp\/v2\/product"}],"about":[{"href":"https:\/\/imprentaametros.com\/es\/wp-json\/wp\/v2\/types\/product"}],"version-history":[{"count":1,"href":"https:\/\/imprentaametros.com\/es\/wp-json\/wp\/v2\/product\/9022\/revisions"}],"predecessor-version":[{"id":9023,"href":"https:\/\/imprentaametros.com\/es\/wp-json\/wp\/v2\/product\/9022\/revisions\/9023"}],"wp:featuredmedia":[{"embeddable":true,"href":"https:\/\/imprentaametros.com\/es\/wp-json\/wp\/v2\/media\/3432"}],"wp:attachment":[{"href":"https:\/\/imprentaametros.com\/es\/wp-json\/wp\/v2\/media?parent=9022"}],"wp:term":[{"taxonomy":"product_brand","embeddable":true,"href":"https:\/\/imprentaametros.com\/es\/wp-json\/wp\/v2\/product_brand?post=9022"},{"taxonomy":"product_cat","embeddable":true,"href":"https:\/\/imprentaametros.com\/es\/wp-json\/wp\/v2\/product_cat?post=9022"},{"taxonomy":"product_tag","embeddable":true,"href":"https:\/\/imprentaametros.com\/es\/wp-json\/wp\/v2\/product_tag?post=9022"}],"curies":[{"name":"wp","href":"https:\/\/api.w.org\/{rel}","templated":true}]}}