{"id":8493,"date":"2026-02-02T14:51:44","date_gmt":"2026-02-02T14:51:44","guid":{"rendered":"https:\/\/imprentamaxspeed2120.live-website.com\/tienda\/sin%20categor\u00eda\/rtp-apparel-tempo-185-men\/"},"modified":"2026-02-02T14:53:23","modified_gmt":"2026-02-02T14:53:23","slug":"rtp-apparel-tempo-185-men","status":"publish","type":"product","link":"https:\/\/imprentaametros.com\/es\/tienda\/textil\/camiseta\/rtp-apparel-tempo-185-men\/","title":{"rendered":"RTP APPAREL TEMPO 185 MEN"},"content":{"rendered":"<p><span dir=\"auto\" style=\"vertical-align: inherit;\"><span dir=\"auto\" style=\"vertical-align: inherit;\"><span dir=\"auto\" style=\"vertical-align: inherit;\"><span dir=\"auto\" style=\"vertical-align: inherit;\"><span dir=\"auto\" style=\"vertical-align: inherit;\"><span dir=\"auto\" style=\"vertical-align: inherit;\"><span dir=\"auto\" style=\"vertical-align: inherit;\"><span dir=\"auto\" style=\"vertical-align: inherit;\">Tubular &#8211; Cuello redondo acanalado y cinta interior para el cuello &#8211; Corte moderno &#8211; \u00c1rea de impresi\u00f3n frontal: 38 x 52 cm, para una camiseta de hombre de la talla L &#8211; El tama\u00f1o de esta \u00e1rea var\u00eda en funci\u00f3n del tama\u00f1o del producto (v\u00e9ase la tabla de tama\u00f1os de \u00e1reas de impresi\u00f3n) &#8211; Se venden en paquetes de 10 unidades del mismo color y tama\u00f1o Coton semi-peign\u00e9 pour un rapport qualit\u00e9\/prix imbattable &#8211; Existe en 2 grammages &#8211; Pas de masque de pr\u00e9traitement apparent &#8211; Enrichi d&#8217;un appr\u00eat naturel\u00a0pour un toucher plus doux<\/span><\/span><\/span><\/span><\/span><\/span><\/span><\/span><\/p>\n<p><span dir=\"auto\" style=\"vertical-align: inherit;\"><span dir=\"auto\" style=\"vertical-align: inherit;\"><span dir=\"auto\" style=\"vertical-align: inherit;\"><span dir=\"auto\" style=\"vertical-align: inherit;\"><span dir=\"auto\" style=\"vertical-align: inherit;\"><span dir=\"auto\" style=\"vertical-align: inherit;\"><span dir=\"auto\" style=\"vertical-align: inherit;\"><span dir=\"auto\" style=\"vertical-align: inherit;\">100% algod\u00f3n biol\u00f3gico &#8211; Preprocesamiento para la impresi\u00f3n digital<\/span><\/span><\/span><\/span><\/span><\/span><\/span><\/span><\/p>\n<p><span dir=\"auto\" style=\"vertical-align: inherit;\"><span dir=\"auto\" style=\"vertical-align: inherit;\"><\/span><\/span><\/p>\n","protected":false},"excerpt":{"rendered":"<p>Tubular &#8211; Cuello redondo acanalado y cinta interior para el cuello &#8211; Corte moderno &#8211; \u00c1rea de impresi\u00f3n frontal: 38 x 52 cm, para una camiseta de hombre de la talla L &#8211; El tama\u00f1o de esta \u00e1rea var\u00eda en funci\u00f3n del tama\u00f1o del producto (v\u00e9ase la tabla de tama\u00f1os de \u00e1reas de impresi\u00f3n) &#8211; [&hellip;]<\/p>\n","protected":false},"featured_media":2868,"template":"","meta":[],"product_brand":[194],"product_cat":[97],"product_tag":[],"class_list":{"0":"post-8493","1":"product","2":"type-product","3":"status-publish","4":"has-post-thumbnail","6":"product_brand-rtp","7":"product_cat-camiseta","8":"pa_color-blanco","9":"pa_color-french-marino","10":"pa_color-gris-mezcla","11":"pa_color-negro-profundo","12":"pa_ficha-tecnica-https-mcprod-sologroup-paris-com-default-pdfpublication-pdf-product-sku-03270-store-21-type-template_map","13":"pa_genero-hombre","14":"pa_genero-unisex","15":"pa_talla-3xl","16":"pa_talla-l","17":"pa_talla-m","18":"pa_talla-s","19":"pa_talla-xl","20":"pa_talla-xxl","22":"first","23":"instock","24":"purchasable","25":"product-type-variable","26":"wvs-archive-product-wrapper"},"_links":{"self":[{"href":"https:\/\/imprentaametros.com\/es\/wp-json\/wp\/v2\/product\/8493","targetHints":{"allow":["GET"]}}],"collection":[{"href":"https:\/\/imprentaametros.com\/es\/wp-json\/wp\/v2\/product"}],"about":[{"href":"https:\/\/imprentaametros.com\/es\/wp-json\/wp\/v2\/types\/product"}],"version-history":[{"count":1,"href":"https:\/\/imprentaametros.com\/es\/wp-json\/wp\/v2\/product\/8493\/revisions"}],"predecessor-version":[{"id":8494,"href":"https:\/\/imprentaametros.com\/es\/wp-json\/wp\/v2\/product\/8493\/revisions\/8494"}],"wp:featuredmedia":[{"embeddable":true,"href":"https:\/\/imprentaametros.com\/es\/wp-json\/wp\/v2\/media\/2868"}],"wp:attachment":[{"href":"https:\/\/imprentaametros.com\/es\/wp-json\/wp\/v2\/media?parent=8493"}],"wp:term":[{"taxonomy":"product_brand","embeddable":true,"href":"https:\/\/imprentaametros.com\/es\/wp-json\/wp\/v2\/product_brand?post=8493"},{"taxonomy":"product_cat","embeddable":true,"href":"https:\/\/imprentaametros.com\/es\/wp-json\/wp\/v2\/product_cat?post=8493"},{"taxonomy":"product_tag","embeddable":true,"href":"https:\/\/imprentaametros.com\/es\/wp-json\/wp\/v2\/product_tag?post=8493"}],"curies":[{"name":"wp","href":"https:\/\/api.w.org\/{rel}","templated":true}]}}