{"id":8221,"date":"2026-02-02T14:46:00","date_gmt":"2026-02-02T14:46:00","guid":{"rendered":"https:\/\/imprentamaxspeed2120.live-website.com\/tienda\/sin%20categor\u00eda\/sols-sprint\/"},"modified":"2026-02-02T14:49:49","modified_gmt":"2026-02-02T14:49:49","slug":"sols-sprint","status":"publish","type":"product","link":"https:\/\/imprentaametros.com\/es\/tienda\/textil\/camiseta\/sols-sprint\/","title":{"rendered":"SOL&#8217;S SPRINT"},"content":{"rendered":"<p><span dir=\"auto\" style=\"vertical-align: inherit;\"><span dir=\"auto\" style=\"vertical-align: inherit;\"><span dir=\"auto\" style=\"vertical-align: inherit;\"><span dir=\"auto\" style=\"vertical-align: inherit;\"><span dir=\"auto\" style=\"vertical-align: inherit;\"><span dir=\"auto\" style=\"vertical-align: inherit;\"><span dir=\"auto\" style=\"vertical-align: inherit;\"><span dir=\"auto\" style=\"vertical-align: inherit;\">Unisex &#8211; Cuello redondo &#8211; Cortado y cosido &#8211; Mangas montadas &#8211; Cuerpo y cuello en tejido piqu\u00e9<\/span><\/span><\/span><\/span><\/span><\/span><\/span><\/span><\/p>\n<p><span dir=\"auto\" style=\"vertical-align: inherit;\"><span dir=\"auto\" style=\"vertical-align: inherit;\"><span dir=\"auto\" style=\"vertical-align: inherit;\"><span dir=\"auto\" style=\"vertical-align: inherit;\"><span dir=\"auto\" style=\"vertical-align: inherit;\"><span dir=\"auto\" style=\"vertical-align: inherit;\"><span dir=\"auto\" style=\"vertical-align: inherit;\"><span dir=\"auto\" style=\"vertical-align: inherit;\">100% poli\u00e9ster piqu\u00e9<\/span><\/span><\/span><\/span><\/span><\/span><\/span><\/span><\/p>\n<p><span dir=\"auto\" style=\"vertical-align: inherit;\"><span dir=\"auto\" style=\"vertical-align: inherit;\"><\/span><\/span><\/p>\n","protected":false},"excerpt":{"rendered":"<p>Unisex &#8211; Cuello redondo &#8211; Cortado y cosido &#8211; Mangas montadas &#8211; Cuerpo y cuello en tejido piqu\u00e9 100% poli\u00e9ster piqu\u00e9<\/p>\n","protected":false},"featured_media":2572,"template":"","meta":[],"product_brand":[26],"product_cat":[97],"product_tag":[],"class_list":{"0":"post-8221","1":"product","2":"type-product","3":"status-publish","4":"has-post-thumbnail","6":"product_brand-sols","7":"product_cat-camiseta","8":"pa_color-amarillo-neon","9":"pa_color-aqua","10":"pa_color-army","11":"pa_color-azul-piscina","12":"pa_color-azul-royal","13":"pa_color-blanco","14":"pa_color-french-marino","15":"pa_color-gris-puro","16":"pa_color-naranja-fluor","17":"pa_color-negro","18":"pa_color-ribbon-rosa","19":"pa_color-rojo","20":"pa_color-verde-manzana","21":"pa_ficha-tecnica-https-mcprod-sologroup-paris-com-default-pdfpublication-pdf-product-sku-02995-store-21-type-template_map","22":"pa_genero-unisex","23":"pa_talla-3xl","24":"pa_talla-l","25":"pa_talla-m","26":"pa_talla-s","27":"pa_talla-xl","28":"pa_talla-xs","29":"pa_talla-xxl","30":"pa_talla-xxs","32":"first","33":"instock","34":"purchasable","35":"product-type-variable","36":"wvs-archive-product-wrapper"},"_links":{"self":[{"href":"https:\/\/imprentaametros.com\/es\/wp-json\/wp\/v2\/product\/8221","targetHints":{"allow":["GET"]}}],"collection":[{"href":"https:\/\/imprentaametros.com\/es\/wp-json\/wp\/v2\/product"}],"about":[{"href":"https:\/\/imprentaametros.com\/es\/wp-json\/wp\/v2\/types\/product"}],"version-history":[{"count":1,"href":"https:\/\/imprentaametros.com\/es\/wp-json\/wp\/v2\/product\/8221\/revisions"}],"predecessor-version":[{"id":8222,"href":"https:\/\/imprentaametros.com\/es\/wp-json\/wp\/v2\/product\/8221\/revisions\/8222"}],"wp:featuredmedia":[{"embeddable":true,"href":"https:\/\/imprentaametros.com\/es\/wp-json\/wp\/v2\/media\/2572"}],"wp:attachment":[{"href":"https:\/\/imprentaametros.com\/es\/wp-json\/wp\/v2\/media?parent=8221"}],"wp:term":[{"taxonomy":"product_brand","embeddable":true,"href":"https:\/\/imprentaametros.com\/es\/wp-json\/wp\/v2\/product_brand?post=8221"},{"taxonomy":"product_cat","embeddable":true,"href":"https:\/\/imprentaametros.com\/es\/wp-json\/wp\/v2\/product_cat?post=8221"},{"taxonomy":"product_tag","embeddable":true,"href":"https:\/\/imprentaametros.com\/es\/wp-json\/wp\/v2\/product_tag?post=8221"}],"curies":[{"name":"wp","href":"https:\/\/api.w.org\/{rel}","templated":true}]}}