{"id":6836,"date":"2026-02-02T14:05:47","date_gmt":"2026-02-02T14:05:47","guid":{"rendered":"https:\/\/imprentamaxspeed2120.live-website.com\/tienda\/sin%20categor\u00eda\/sols-marine-men\/"},"modified":"2026-02-02T14:07:52","modified_gmt":"2026-02-02T14:07:52","slug":"sols-marine-men","status":"publish","type":"product","link":"https:\/\/imprentaametros.com\/es\/tienda\/textil\/camiseta\/sols-marine-men\/","title":{"rendered":"SOL&#8217;S MARINE MEN"},"content":{"rendered":"<p><span dir=\"auto\" style=\"vertical-align: inherit;\"><span dir=\"auto\" style=\"vertical-align: inherit;\"><span dir=\"auto\" style=\"vertical-align: inherit;\"><span dir=\"auto\" style=\"vertical-align: inherit;\"><span dir=\"auto\" style=\"vertical-align: inherit;\"><span dir=\"auto\" style=\"vertical-align: inherit;\"><span dir=\"auto\" style=\"vertical-align: inherit;\"><span dir=\"auto\" style=\"vertical-align: inherit;\">Cuello redondo &#8211; Corte entallado &#8211; Cortada y cosida &#8211; Detalles\u00a0Chambray en el cuello Prenda eterna, cl\u00e1sica y siempre a la moda, con sus calidades excelentes: el algod\u00f3n peinado y las rayas tejidas.<\/span><\/span><\/span><\/span><\/span><\/span><\/span><\/span><\/p>\n<p><span dir=\"auto\" style=\"vertical-align: inherit;\"><span dir=\"auto\" style=\"vertical-align: inherit;\"><span dir=\"auto\" style=\"vertical-align: inherit;\"><span dir=\"auto\" style=\"vertical-align: inherit;\"><span dir=\"auto\" style=\"vertical-align: inherit;\"><span dir=\"auto\" style=\"vertical-align: inherit;\"><span dir=\"auto\" style=\"vertical-align: inherit;\"><span dir=\"auto\" style=\"vertical-align: inherit;\">100% algod\u00f3n peinado Ringspun<\/span><\/span><\/span><\/span><\/span><\/span><\/span><\/span><\/p>\n<p><span dir=\"auto\" style=\"vertical-align: inherit;\"><span dir=\"auto\" style=\"vertical-align: inherit;\"><\/span><\/span><\/p>\n","protected":false},"excerpt":{"rendered":"<p>Cuello redondo &#8211; Corte entallado &#8211; Cortada y cosida &#8211; Detalles\u00a0Chambray en el cuello Prenda eterna, cl\u00e1sica y siempre a la moda, con sus calidades excelentes: el algod\u00f3n peinado y las rayas tejidas. 100% algod\u00f3n peinado Ringspun<\/p>\n","protected":false},"featured_media":1111,"template":"","meta":[],"product_brand":[26],"product_cat":[97],"product_tag":[],"class_list":{"0":"post-6836","1":"product","2":"type-product","3":"status-publish","4":"has-post-thumbnail","6":"product_brand-sols","7":"product_cat-camiseta","8":"pa_color-blanco-azul-marino","9":"pa_color-blanco-rojo","10":"pa_ficha-tecnica-https-mcprod-sologroup-paris-com-default-pdfpublication-pdf-product-sku-01402-store-21-type-template_map","11":"pa_genero-hombre","12":"pa_talla-3xl","13":"pa_talla-l","14":"pa_talla-m","15":"pa_talla-s","16":"pa_talla-xl","17":"pa_talla-xxl","19":"first","20":"instock","21":"purchasable","22":"product-type-variable","23":"wvs-archive-product-wrapper"},"_links":{"self":[{"href":"https:\/\/imprentaametros.com\/es\/wp-json\/wp\/v2\/product\/6836","targetHints":{"allow":["GET"]}}],"collection":[{"href":"https:\/\/imprentaametros.com\/es\/wp-json\/wp\/v2\/product"}],"about":[{"href":"https:\/\/imprentaametros.com\/es\/wp-json\/wp\/v2\/types\/product"}],"version-history":[{"count":1,"href":"https:\/\/imprentaametros.com\/es\/wp-json\/wp\/v2\/product\/6836\/revisions"}],"predecessor-version":[{"id":6837,"href":"https:\/\/imprentaametros.com\/es\/wp-json\/wp\/v2\/product\/6836\/revisions\/6837"}],"wp:featuredmedia":[{"embeddable":true,"href":"https:\/\/imprentaametros.com\/es\/wp-json\/wp\/v2\/media\/1111"}],"wp:attachment":[{"href":"https:\/\/imprentaametros.com\/es\/wp-json\/wp\/v2\/media?parent=6836"}],"wp:term":[{"taxonomy":"product_brand","embeddable":true,"href":"https:\/\/imprentaametros.com\/es\/wp-json\/wp\/v2\/product_brand?post=6836"},{"taxonomy":"product_cat","embeddable":true,"href":"https:\/\/imprentaametros.com\/es\/wp-json\/wp\/v2\/product_cat?post=6836"},{"taxonomy":"product_tag","embeddable":true,"href":"https:\/\/imprentaametros.com\/es\/wp-json\/wp\/v2\/product_tag?post=6836"}],"curies":[{"name":"wp","href":"https:\/\/api.w.org\/{rel}","templated":true}]}}