{"id":6618,"date":"2026-02-02T13:59:45","date_gmt":"2026-02-02T13:59:45","guid":{"rendered":"https:\/\/imprentamaxspeed2120.live-website.com\/tienda\/sin%20categor\u00eda\/sols-regent-fit-kids\/"},"modified":"2026-02-02T14:04:19","modified_gmt":"2026-02-02T14:04:19","slug":"sols-regent-fit-kids","status":"publish","type":"product","link":"https:\/\/imprentaametros.com\/es\/tienda\/textil\/camiseta\/sols-regent-fit-kids\/","title":{"rendered":"SOL&#8217;S REGENT FIT KIDS"},"content":{"rendered":"<p><span dir=\"auto\" style=\"vertical-align: inherit;\"><span dir=\"auto\" style=\"vertical-align: inherit;\"><span dir=\"auto\" style=\"vertical-align: inherit;\"><span dir=\"auto\" style=\"vertical-align: inherit;\"><span dir=\"auto\" style=\"vertical-align: inherit;\"><span dir=\"auto\" style=\"vertical-align: inherit;\"><span dir=\"auto\" style=\"vertical-align: inherit;\"><span dir=\"auto\" style=\"vertical-align: inherit;\">Cinta en el cuello &#8211; Cuello de punto el\u00e1stico con elastano &#8211; Manga corta &#8211; Cortada y cosida Coupe fitt\u00e9e<\/span><\/span><\/span><\/span><\/span><\/span><\/span><\/span><\/p>\n<p><span dir=\"auto\" style=\"vertical-align: inherit;\"><span dir=\"auto\" style=\"vertical-align: inherit;\"><span dir=\"auto\" style=\"vertical-align: inherit;\"><span dir=\"auto\" style=\"vertical-align: inherit;\"><span dir=\"auto\" style=\"vertical-align: inherit;\"><span dir=\"auto\" style=\"vertical-align: inherit;\"><span dir=\"auto\" style=\"vertical-align: inherit;\"><span dir=\"auto\" style=\"vertical-align: inherit;\">100% algod\u00f3n\u00a0Ringspun semi-peinado<\/span><\/span><\/span><\/span><\/span><\/span><\/span><\/span><\/p>\n<p><span dir=\"auto\" style=\"vertical-align: inherit;\"><span dir=\"auto\" style=\"vertical-align: inherit;\"><\/span><\/span><\/p>\n","protected":false},"excerpt":{"rendered":"<p>Cinta en el cuello &#8211; Cuello de punto el\u00e1stico con elastano &#8211; Manga corta &#8211; Cortada y cosida Coupe fitt\u00e9e 100% algod\u00f3n\u00a0Ringspun semi-peinado<\/p>\n","protected":false},"featured_media":869,"template":"","meta":[],"product_brand":[26],"product_cat":[97],"product_tag":[],"class_list":{"0":"post-6618","1":"product","2":"type-product","3":"status-publish","4":"has-post-thumbnail","6":"product_brand-sols","7":"product_cat-camiseta","8":"pa_color-antracita-mezcla","9":"pa_color-aqua","10":"pa_color-azul-atolon","11":"pa_color-azul-cielo-jaspeado","12":"pa_color-azul-royal","13":"pa_color-blanco","14":"pa_color-caqui-jaspeado","15":"pa_color-denim-jaspeado","16":"pa_color-french-marino","17":"pa_color-gris-mezcla","18":"pa_color-negro-profundo","19":"pa_color-oxblood-jaspeado","20":"pa_color-rojo","21":"pa_color-rosa-jaspeado","22":"pa_ficha-tecnica-https-mcprod-sologroup-paris-com-default-pdfpublication-pdf-product-sku-01183-store-21-type-template_map","23":"pa_genero-nino","24":"pa_talla-02a","25":"pa_talla-04a","26":"pa_talla-06a","27":"pa_talla-08a","28":"pa_talla-10a","29":"pa_talla-12a","31":"first","32":"instock","33":"purchasable","34":"product-type-variable","35":"wvs-archive-product-wrapper"},"_links":{"self":[{"href":"https:\/\/imprentaametros.com\/es\/wp-json\/wp\/v2\/product\/6618","targetHints":{"allow":["GET"]}}],"collection":[{"href":"https:\/\/imprentaametros.com\/es\/wp-json\/wp\/v2\/product"}],"about":[{"href":"https:\/\/imprentaametros.com\/es\/wp-json\/wp\/v2\/types\/product"}],"version-history":[{"count":1,"href":"https:\/\/imprentaametros.com\/es\/wp-json\/wp\/v2\/product\/6618\/revisions"}],"predecessor-version":[{"id":6619,"href":"https:\/\/imprentaametros.com\/es\/wp-json\/wp\/v2\/product\/6618\/revisions\/6619"}],"wp:featuredmedia":[{"embeddable":true,"href":"https:\/\/imprentaametros.com\/es\/wp-json\/wp\/v2\/media\/869"}],"wp:attachment":[{"href":"https:\/\/imprentaametros.com\/es\/wp-json\/wp\/v2\/media?parent=6618"}],"wp:term":[{"taxonomy":"product_brand","embeddable":true,"href":"https:\/\/imprentaametros.com\/es\/wp-json\/wp\/v2\/product_brand?post=6618"},{"taxonomy":"product_cat","embeddable":true,"href":"https:\/\/imprentaametros.com\/es\/wp-json\/wp\/v2\/product_cat?post=6618"},{"taxonomy":"product_tag","embeddable":true,"href":"https:\/\/imprentaametros.com\/es\/wp-json\/wp\/v2\/product_tag?post=6618"}],"curies":[{"name":"wp","href":"https:\/\/api.w.org\/{rel}","templated":true}]}}