{"id":6543,"date":"2026-02-02T13:57:39","date_gmt":"2026-02-02T13:57:39","guid":{"rendered":"https:\/\/imprentamaxspeed2120.live-website.com\/tienda\/sin%20categor\u00eda\/sols-sporty-kids\/"},"modified":"2026-02-02T14:00:43","modified_gmt":"2026-02-02T14:00:43","slug":"sols-sporty-kids","status":"publish","type":"product","link":"https:\/\/imprentaametros.com\/es\/tienda\/textil\/camiseta\/sols-sporty-kids\/","title":{"rendered":"SOL&#8217;S SPORTY KIDS"},"content":{"rendered":"<p><span dir=\"auto\" style=\"vertical-align: inherit;\"><span dir=\"auto\" style=\"vertical-align: inherit;\"><span dir=\"auto\" style=\"vertical-align: inherit;\"><span dir=\"auto\" style=\"vertical-align: inherit;\"><span dir=\"auto\" style=\"vertical-align: inherit;\"><span dir=\"auto\" style=\"vertical-align: inherit;\"><span dir=\"auto\" style=\"vertical-align: inherit;\"><span dir=\"auto\" style=\"vertical-align: inherit;\">Ribeteado en el cuello &#8211; Mangas ragl\u00e1n &#8211; Espalda m\u00e1s larga Su materia transpirable, su corte con mangas ragl\u00e1n y sus costuras planas hacen que sea el producto ideal para todas sus operaciones deportivas. Su amplio abanico de tallas y colores tambi\u00e9n incluye tonos fluorescentes<\/span><\/span><\/span><\/span><\/span><\/span><\/span><\/span><\/p>\n<p><span dir=\"auto\" style=\"vertical-align: inherit;\"><span dir=\"auto\" style=\"vertical-align: inherit;\"><span dir=\"auto\" style=\"vertical-align: inherit;\"><span dir=\"auto\" style=\"vertical-align: inherit;\"><span dir=\"auto\" style=\"vertical-align: inherit;\"><span dir=\"auto\" style=\"vertical-align: inherit;\"><span dir=\"auto\" style=\"vertical-align: inherit;\"><span dir=\"auto\" style=\"vertical-align: inherit;\">100% poli\u00e9ster transpirable\u00a0&#8211;\u00a0Dry fit<\/span><\/span><\/span><\/span><\/span><\/span><\/span><\/span><\/p>\n<p><span dir=\"auto\" style=\"vertical-align: inherit;\"><span dir=\"auto\" style=\"vertical-align: inherit;\"><\/span><\/span><\/p>\n","protected":false},"excerpt":{"rendered":"<p>Ribeteado en el cuello &#8211; Mangas ragl\u00e1n &#8211; Espalda m\u00e1s larga Su materia transpirable, su corte con mangas ragl\u00e1n y sus costuras planas hacen que sea el producto ideal para todas sus operaciones deportivas. Su amplio abanico de tallas y colores tambi\u00e9n incluye tonos fluorescentes 100% poli\u00e9ster transpirable\u00a0&#8211;\u00a0Dry fit<\/p>\n","protected":false},"featured_media":790,"template":"","meta":[],"product_brand":[26],"product_cat":[97],"product_tag":[],"class_list":{"0":"post-6543","1":"product","2":"type-product","3":"status-publish","4":"has-post-thumbnail","6":"product_brand-sols","7":"product_cat-camiseta","8":"pa_color-amarillo-neon","9":"pa_color-aqua","10":"pa_color-azul-royal","11":"pa_color-blanco","12":"pa_color-french-marino","13":"pa_color-naranja-fluor","14":"pa_color-negro","15":"pa_color-rojo","16":"pa_color-rosa-fluor-2","17":"pa_color-verde-manzana","18":"pa_color-verde-neon","19":"pa_ficha-tecnica-https-mcprod-sologroup-paris-com-default-pdfpublication-pdf-product-sku-01166-store-21-type-template_map","20":"pa_genero-nino","21":"pa_talla-06a","22":"pa_talla-08a","23":"pa_talla-10a","24":"pa_talla-12a","26":"first","27":"instock","28":"purchasable","29":"product-type-variable","30":"wvs-archive-product-wrapper"},"_links":{"self":[{"href":"https:\/\/imprentaametros.com\/es\/wp-json\/wp\/v2\/product\/6543","targetHints":{"allow":["GET"]}}],"collection":[{"href":"https:\/\/imprentaametros.com\/es\/wp-json\/wp\/v2\/product"}],"about":[{"href":"https:\/\/imprentaametros.com\/es\/wp-json\/wp\/v2\/types\/product"}],"version-history":[{"count":1,"href":"https:\/\/imprentaametros.com\/es\/wp-json\/wp\/v2\/product\/6543\/revisions"}],"predecessor-version":[{"id":6544,"href":"https:\/\/imprentaametros.com\/es\/wp-json\/wp\/v2\/product\/6543\/revisions\/6544"}],"wp:featuredmedia":[{"embeddable":true,"href":"https:\/\/imprentaametros.com\/es\/wp-json\/wp\/v2\/media\/790"}],"wp:attachment":[{"href":"https:\/\/imprentaametros.com\/es\/wp-json\/wp\/v2\/media?parent=6543"}],"wp:term":[{"taxonomy":"product_brand","embeddable":true,"href":"https:\/\/imprentaametros.com\/es\/wp-json\/wp\/v2\/product_brand?post=6543"},{"taxonomy":"product_cat","embeddable":true,"href":"https:\/\/imprentaametros.com\/es\/wp-json\/wp\/v2\/product_cat?post=6543"},{"taxonomy":"product_tag","embeddable":true,"href":"https:\/\/imprentaametros.com\/es\/wp-json\/wp\/v2\/product_tag?post=6543"}],"curies":[{"name":"wp","href":"https:\/\/api.w.org\/{rel}","templated":true}]}}