{"id":6334,"date":"2026-02-02T13:51:38","date_gmt":"2026-02-02T13:51:38","guid":{"rendered":"https:\/\/imprentamaxspeed2120.live-website.com\/tienda\/sin%20categor\u00eda\/sols-bambino\/"},"modified":"2026-02-02T13:54:42","modified_gmt":"2026-02-02T13:54:42","slug":"sols-bambino","status":"publish","type":"product","link":"https:\/\/imprentaametros.com\/es\/tienda\/textil\/camiseta\/sols-bambino\/","title":{"rendered":"SOL&#8217;S BAMBINO"},"content":{"rendered":"<p><span dir=\"auto\" style=\"vertical-align: inherit;\"><span dir=\"auto\" style=\"vertical-align: inherit;\"><span dir=\"auto\" style=\"vertical-align: inherit;\"><span dir=\"auto\" style=\"vertical-align: inherit;\"><span dir=\"auto\" style=\"vertical-align: inherit;\"><span dir=\"auto\" style=\"vertical-align: inherit;\"><span dir=\"auto\" style=\"vertical-align: inherit;\"><span dir=\"auto\" style=\"vertical-align: inherit;\">Ribeteado en cuello, bajo y pu\u00f1os acanalados &#8211; Sisas americanas &#8211; Cierre con botones a presi\u00f3n en entrepierna Excelente relaci\u00f3n calidad \/ precio &#8211; Destinado a mercado de souvenir.<\/span><\/span><\/span><\/span><\/span><\/span><\/span><\/span><\/p>\n<p><span dir=\"auto\" style=\"vertical-align: inherit;\"><span dir=\"auto\" style=\"vertical-align: inherit;\"><span dir=\"auto\" style=\"vertical-align: inherit;\"><span dir=\"auto\" style=\"vertical-align: inherit;\"><span dir=\"auto\" style=\"vertical-align: inherit;\"><span dir=\"auto\" style=\"vertical-align: inherit;\"><span dir=\"auto\" style=\"vertical-align: inherit;\"><span dir=\"auto\" style=\"vertical-align: inherit;\">100% algod\u00f3n peinado Ringspun<\/span><\/span><\/span><\/span><\/span><\/span><\/span><\/span><\/p>\n<p><span dir=\"auto\" style=\"vertical-align: inherit;\"><span dir=\"auto\" style=\"vertical-align: inherit;\"><\/span><\/span><\/p>\n","protected":false},"excerpt":{"rendered":"<p>Ribeteado en cuello, bajo y pu\u00f1os acanalados &#8211; Sisas americanas &#8211; Cierre con botones a presi\u00f3n en entrepierna Excelente relaci\u00f3n calidad \/ precio &#8211; Destinado a mercado de souvenir. 100% algod\u00f3n peinado Ringspun<\/p>\n","protected":false},"featured_media":574,"template":"","meta":[],"product_brand":[26],"product_cat":[97],"product_tag":[],"class_list":{"0":"post-6334","1":"product","2":"type-product","3":"status-publish","4":"has-post-thumbnail","6":"product_brand-sols","7":"product_cat-camiseta","8":"pa_color-aqua","9":"pa_color-azul-baby","10":"pa_color-blanco","11":"pa_color-french-marino","12":"pa_color-fucsia","13":"pa_color-gris-mezcla","14":"pa_color-negro","15":"pa_color-rojo-vivo","16":"pa_color-rosa-crema","17":"pa_color-rosa-orquidea","18":"pa_color-verde-manzana","19":"pa_ficha-tecnica-https-mcprod-sologroup-paris-com-default-pdfpublication-pdf-product-sku-00583-store-21-type-template_map","20":"pa_genero-nino","21":"pa_talla-06m","22":"pa_talla-12m","23":"pa_talla-18m","24":"pa_talla-23m","26":"first","27":"instock","28":"purchasable","29":"product-type-variable","30":"wvs-archive-product-wrapper"},"_links":{"self":[{"href":"https:\/\/imprentaametros.com\/es\/wp-json\/wp\/v2\/product\/6334","targetHints":{"allow":["GET"]}}],"collection":[{"href":"https:\/\/imprentaametros.com\/es\/wp-json\/wp\/v2\/product"}],"about":[{"href":"https:\/\/imprentaametros.com\/es\/wp-json\/wp\/v2\/types\/product"}],"version-history":[{"count":1,"href":"https:\/\/imprentaametros.com\/es\/wp-json\/wp\/v2\/product\/6334\/revisions"}],"predecessor-version":[{"id":6335,"href":"https:\/\/imprentaametros.com\/es\/wp-json\/wp\/v2\/product\/6334\/revisions\/6335"}],"wp:featuredmedia":[{"embeddable":true,"href":"https:\/\/imprentaametros.com\/es\/wp-json\/wp\/v2\/media\/574"}],"wp:attachment":[{"href":"https:\/\/imprentaametros.com\/es\/wp-json\/wp\/v2\/media?parent=6334"}],"wp:term":[{"taxonomy":"product_brand","embeddable":true,"href":"https:\/\/imprentaametros.com\/es\/wp-json\/wp\/v2\/product_brand?post=6334"},{"taxonomy":"product_cat","embeddable":true,"href":"https:\/\/imprentaametros.com\/es\/wp-json\/wp\/v2\/product_cat?post=6334"},{"taxonomy":"product_tag","embeddable":true,"href":"https:\/\/imprentaametros.com\/es\/wp-json\/wp\/v2\/product_tag?post=6334"}],"curies":[{"name":"wp","href":"https:\/\/api.w.org\/{rel}","templated":true}]}}