{"id":6247,"date":"2026-02-02T13:49:12","date_gmt":"2026-02-02T13:49:12","guid":{"rendered":"https:\/\/imprentamaxspeed2120.live-website.com\/tienda\/sin%20categor\u00eda\/sols-imperial-fit\/"},"modified":"2026-02-02T13:52:36","modified_gmt":"2026-02-02T13:52:36","slug":"sols-imperial-fit","status":"publish","type":"product","link":"https:\/\/imprentaametros.com\/es\/tienda\/textil\/camiseta\/sols-imperial-fit\/","title":{"rendered":"SOL&#8217;S Imperial FIT"},"content":{"rendered":"<p><span dir=\"auto\" style=\"vertical-align: inherit;\"><span dir=\"auto\" style=\"vertical-align: inherit;\"><span dir=\"auto\" style=\"vertical-align: inherit;\"><span dir=\"auto\" style=\"vertical-align: inherit;\"><span dir=\"auto\" style=\"vertical-align: inherit;\"><span dir=\"auto\" style=\"vertical-align: inherit;\"><span dir=\"auto\" style=\"vertical-align: inherit;\"><span dir=\"auto\" style=\"vertical-align: inherit;\">Costuras del cuello reforzadas &#8211; Cuello de elastano acanalado &#8211; Manga\u00a0corta &#8211; Corte cosido &#8211; Ajuste estrecho Excelente relaci\u00f3n estilo \/ calidad \/ precio &#8211; Corte ajustado &#8211; Etiqueta de talla en el cuello &#8211; Opci\u00f3n a las operaciones promocionales cl\u00e1sicas y de moda<\/span><\/span><\/span><\/span><\/span><\/span><\/span><\/span><\/p>\n<p><span dir=\"auto\" style=\"vertical-align: inherit;\"><span dir=\"auto\" style=\"vertical-align: inherit;\"><span dir=\"auto\" style=\"vertical-align: inherit;\"><span dir=\"auto\" style=\"vertical-align: inherit;\"><span dir=\"auto\" style=\"vertical-align: inherit;\"><span dir=\"auto\" style=\"vertical-align: inherit;\"><span dir=\"auto\" style=\"vertical-align: inherit;\"><span dir=\"auto\" style=\"vertical-align: inherit;\">100% algod\u00f3n semi-peinado Ringspun<\/span><\/span><\/span><\/span><\/span><\/span><\/span><\/span><\/p>\n<p><span dir=\"auto\" style=\"vertical-align: inherit;\"><span dir=\"auto\" style=\"vertical-align: inherit;\"><\/span><\/span><\/p>\n","protected":false},"excerpt":{"rendered":"<p>Costuras del cuello reforzadas &#8211; Cuello de elastano acanalado &#8211; Manga\u00a0corta &#8211; Corte cosido &#8211; Ajuste estrecho Excelente relaci\u00f3n estilo \/ calidad \/ precio &#8211; Corte ajustado &#8211; Etiqueta de talla en el cuello &#8211; Opci\u00f3n a las operaciones promocionales cl\u00e1sicas y de moda 100% algod\u00f3n semi-peinado Ringspun<\/p>\n","protected":false},"featured_media":483,"template":"","meta":[],"product_brand":[26],"product_cat":[97],"product_tag":[],"class_list":{"0":"post-6247","1":"product","2":"type-product","3":"status-publish","4":"has-post-thumbnail","6":"product_brand-sols","7":"product_cat-camiseta","8":"pa_color-antracita-mezcla","9":"pa_color-blanco","10":"pa_color-borgona","11":"pa_color-caqui-jaspeado","12":"pa_color-denim-jaspeado","13":"pa_color-french-marino","14":"pa_color-gris-mezcla","15":"pa_color-gris-oscuro","16":"pa_color-gris-puro","17":"pa_color-negro-profundo","18":"pa_color-oxblood-jaspeado","19":"pa_ficha-tecnica-https-mcprod-sologroup-paris-com-default-pdfpublication-pdf-product-sku-00580-store-21-type-template_map","20":"pa_genero-hombre","21":"pa_talla-l","22":"pa_talla-m","23":"pa_talla-s","24":"pa_talla-xl","25":"pa_talla-xxl","27":"first","28":"instock","29":"purchasable","30":"product-type-variable","31":"wvs-archive-product-wrapper"},"_links":{"self":[{"href":"https:\/\/imprentaametros.com\/es\/wp-json\/wp\/v2\/product\/6247","targetHints":{"allow":["GET"]}}],"collection":[{"href":"https:\/\/imprentaametros.com\/es\/wp-json\/wp\/v2\/product"}],"about":[{"href":"https:\/\/imprentaametros.com\/es\/wp-json\/wp\/v2\/types\/product"}],"version-history":[{"count":1,"href":"https:\/\/imprentaametros.com\/es\/wp-json\/wp\/v2\/product\/6247\/revisions"}],"predecessor-version":[{"id":6248,"href":"https:\/\/imprentaametros.com\/es\/wp-json\/wp\/v2\/product\/6247\/revisions\/6248"}],"wp:featuredmedia":[{"embeddable":true,"href":"https:\/\/imprentaametros.com\/es\/wp-json\/wp\/v2\/media\/483"}],"wp:attachment":[{"href":"https:\/\/imprentaametros.com\/es\/wp-json\/wp\/v2\/media?parent=6247"}],"wp:term":[{"taxonomy":"product_brand","embeddable":true,"href":"https:\/\/imprentaametros.com\/es\/wp-json\/wp\/v2\/product_brand?post=6247"},{"taxonomy":"product_cat","embeddable":true,"href":"https:\/\/imprentaametros.com\/es\/wp-json\/wp\/v2\/product_cat?post=6247"},{"taxonomy":"product_tag","embeddable":true,"href":"https:\/\/imprentaametros.com\/es\/wp-json\/wp\/v2\/product_tag?post=6247"}],"curies":[{"name":"wp","href":"https:\/\/api.w.org\/{rel}","templated":true}]}}