{"id":47488,"date":"2026-02-27T09:59:08","date_gmt":"2026-02-27T09:59:08","guid":{"rendered":"https:\/\/imprentaametros.com\/tienda\/sin%20categor\u00eda\/sols-golden-women\/"},"modified":"2026-02-27T10:00:11","modified_gmt":"2026-02-27T10:00:11","slug":"sols-golden-women","status":"publish","type":"product","link":"https:\/\/imprentaametros.com\/es\/tienda\/jersey\/sols-golden-women\/","title":{"rendered":"SOL&#8217;S GOLDEN WOMEN"},"content":{"rendered":"<p><span dir=\"auto\" style=\"vertical-align: inherit;\"><span dir=\"auto\" style=\"vertical-align: inherit;\"><span dir=\"auto\" style=\"vertical-align: inherit;\"><span dir=\"auto\" style=\"vertical-align: inherit;\"><span dir=\"auto\" style=\"vertical-align: inherit;\"><span dir=\"auto\" style=\"vertical-align: inherit;\"><span dir=\"auto\" style=\"vertical-align: inherit;\"><span dir=\"auto\" style=\"vertical-align: inherit;\">Mangas montadas &#8211; Elastano acanalado en la parte inferior y en pu\u00f1os para sujetarse mejor &#8211; Trabilla de punto del mismo color que los botones &#8211; Sisas de moda &#8211; Bot\u00f3n de respuesto en el interior de la costura lateral &#8211; Corte ajustado  &#8211; Dise\u00f1o atemporal &#8211; &#8211; \u00d3ptima calidad. &#8211; &#8211; Prenda c\u00f3moda y elegante que puede llevarse tanto sobre una camisa como sobre un polo. &#8211; => Producto que complementa la colecci\u00f3n de jers\u00e9is destinados al mercado corporativo.<\/span><\/span><\/span><\/span><\/span><\/span><\/span><\/span><\/p>\n<p><span dir=\"auto\" style=\"vertical-align: inherit;\"><span dir=\"auto\" style=\"vertical-align: inherit;\"><span dir=\"auto\" style=\"vertical-align: inherit;\"><span dir=\"auto\" style=\"vertical-align: inherit;\"><span dir=\"auto\" style=\"vertical-align: inherit;\"><span dir=\"auto\" style=\"vertical-align: inherit;\"><span dir=\"auto\" style=\"vertical-align: inherit;\"><span dir=\"auto\" style=\"vertical-align: inherit;\">Galga 12 &#8211; 49% algod\u00f3n\u00a0&#8211;\u00a049% acr\u00edlico\u00a0&#8211;\u00a02% poliamida<\/span><\/span><\/span><\/span><\/span><\/span><\/span><\/span><\/p>\n<p><span dir=\"auto\" style=\"vertical-align: inherit;\"><span dir=\"auto\" style=\"vertical-align: inherit;\"><\/span><\/span><\/p>\n","protected":false},"excerpt":{"rendered":"<p>Mangas montadas &#8211; Elastano acanalado en la parte inferior y en pu\u00f1os para sujetarse mejor &#8211; Trabilla de punto del mismo color que los botones &#8211; Sisas de moda &#8211; Bot\u00f3n de respuesto en el interior de la costura lateral &#8211; Corte ajustado &#8211; Dise\u00f1o atemporal &#8211; &#8211; \u00d3ptima calidad. &#8211; &#8211; Prenda c\u00f3moda y [&hellip;]<\/p>\n","protected":false},"featured_media":47491,"template":"","meta":[],"product_brand":[26],"product_cat":[1171],"product_tag":[],"class_list":{"0":"post-47488","1":"product","2":"type-product","3":"status-publish","4":"has-post-thumbnail","6":"product_brand-sols","7":"product_cat-jersey","8":"pa_color-azul-marino","9":"pa_color-gris-medio","10":"pa_color-negro","11":"pa_ficha-tecnica-bangladesh","12":"pa_genero-mujer","13":"pa_talla-l","14":"pa_talla-m","15":"pa_talla-s","16":"pa_talla-xl","17":"pa_talla-xxl","19":"first","20":"instock","21":"purchasable","22":"product-type-variable","23":"wvs-archive-product-wrapper"},"_links":{"self":[{"href":"https:\/\/imprentaametros.com\/es\/wp-json\/wp\/v2\/product\/47488","targetHints":{"allow":["GET"]}}],"collection":[{"href":"https:\/\/imprentaametros.com\/es\/wp-json\/wp\/v2\/product"}],"about":[{"href":"https:\/\/imprentaametros.com\/es\/wp-json\/wp\/v2\/types\/product"}],"version-history":[{"count":1,"href":"https:\/\/imprentaametros.com\/es\/wp-json\/wp\/v2\/product\/47488\/revisions"}],"predecessor-version":[{"id":47489,"href":"https:\/\/imprentaametros.com\/es\/wp-json\/wp\/v2\/product\/47488\/revisions\/47489"}],"wp:featuredmedia":[{"embeddable":true,"href":"https:\/\/imprentaametros.com\/es\/wp-json\/wp\/v2\/media\/47491"}],"wp:attachment":[{"href":"https:\/\/imprentaametros.com\/es\/wp-json\/wp\/v2\/media?parent=47488"}],"wp:term":[{"taxonomy":"product_brand","embeddable":true,"href":"https:\/\/imprentaametros.com\/es\/wp-json\/wp\/v2\/product_brand?post=47488"},{"taxonomy":"product_cat","embeddable":true,"href":"https:\/\/imprentaametros.com\/es\/wp-json\/wp\/v2\/product_cat?post=47488"},{"taxonomy":"product_tag","embeddable":true,"href":"https:\/\/imprentaametros.com\/es\/wp-json\/wp\/v2\/product_tag?post=47488"}],"curies":[{"name":"wp","href":"https:\/\/api.w.org\/{rel}","templated":true}]}}