{"id":47459,"date":"2026-02-27T09:57:42","date_gmt":"2026-02-27T09:57:42","guid":{"rendered":"https:\/\/imprentaametros.com\/tienda\/sin%20categor\u00eda\/sols-golden-men\/"},"modified":"2026-02-27T09:59:14","modified_gmt":"2026-02-27T09:59:14","slug":"sols-golden-men","status":"publish","type":"product","link":"https:\/\/imprentaametros.com\/es\/tienda\/jersey\/sols-golden-men\/","title":{"rendered":"SOL&#8217;S GOLDEN MEN"},"content":{"rendered":"<p><span dir=\"auto\" style=\"vertical-align: inherit;\"><span dir=\"auto\" style=\"vertical-align: inherit;\"><span dir=\"auto\" style=\"vertical-align: inherit;\"><span dir=\"auto\" style=\"vertical-align: inherit;\"><span dir=\"auto\" style=\"vertical-align: inherit;\"><span dir=\"auto\" style=\"vertical-align: inherit;\"><span dir=\"auto\" style=\"vertical-align: inherit;\"><span dir=\"auto\" style=\"vertical-align: inherit;\">Mangas montadas &#8211; Elastano acanalado en la parte inferior y en pu\u00f1os para sujetarse mejor &#8211; Trabilla de punto del mismo color que los botones &#8211; Sisas de moda &#8211; Bot\u00f3n de repuesto en el interior de la costura lateral &#8211; Dise\u00f1o atemporal. &#8211; &#8211; \u00d3ptima calidad. &#8211; &#8211; Prenda c\u00f3moda y elegante que puede llevarse tanto sobre una camisa como sobre un polo. &#8211; => Producto que complementa la colecci\u00f3n de jers\u00e9is destinados al mercado corporativo.<\/span><\/span><\/span><\/span><\/span><\/span><\/span><\/span><\/p>\n<p><span dir=\"auto\" style=\"vertical-align: inherit;\"><span dir=\"auto\" style=\"vertical-align: inherit;\"><span dir=\"auto\" style=\"vertical-align: inherit;\"><span dir=\"auto\" style=\"vertical-align: inherit;\"><span dir=\"auto\" style=\"vertical-align: inherit;\"><span dir=\"auto\" style=\"vertical-align: inherit;\"><span dir=\"auto\" style=\"vertical-align: inherit;\"><span dir=\"auto\" style=\"vertical-align: inherit;\">Galga 12 &#8211; 49% algod\u00f3n &#8211; 49% acr\u00edlico &#8211; 2% poliamida<\/span><\/span><\/span><\/span><\/span><\/span><\/span><\/span><\/p>\n<p><span dir=\"auto\" style=\"vertical-align: inherit;\"><span dir=\"auto\" style=\"vertical-align: inherit;\"><\/span><\/span><\/p>\n","protected":false},"excerpt":{"rendered":"<p>Mangas montadas &#8211; Elastano acanalado en la parte inferior y en pu\u00f1os para sujetarse mejor &#8211; Trabilla de punto del mismo color que los botones &#8211; Sisas de moda &#8211; Bot\u00f3n de repuesto en el interior de la costura lateral &#8211; Dise\u00f1o atemporal. &#8211; &#8211; \u00d3ptima calidad. &#8211; &#8211; Prenda c\u00f3moda y elegante que puede [&hellip;]<\/p>\n","protected":false},"featured_media":47462,"template":"","meta":[],"product_brand":[26],"product_cat":[1171],"product_tag":[],"class_list":{"0":"post-47459","1":"product","2":"type-product","3":"status-publish","4":"has-post-thumbnail","6":"product_brand-sols","7":"product_cat-jersey","8":"pa_color-azul-marino","9":"pa_color-negro","10":"pa_color-rojo","11":"pa_ficha-tecnica-https-mcprod-sologroup-paris-com-default-pdfpublication-pdf-product-sku-90011-store-21-type-template_map","12":"pa_genero-hombre","13":"pa_talla-3xl","14":"pa_talla-l","15":"pa_talla-m","16":"pa_talla-s","17":"pa_talla-xl","18":"pa_talla-xxl","20":"first","21":"instock","22":"purchasable","23":"product-type-variable","24":"wvs-archive-product-wrapper"},"_links":{"self":[{"href":"https:\/\/imprentaametros.com\/es\/wp-json\/wp\/v2\/product\/47459","targetHints":{"allow":["GET"]}}],"collection":[{"href":"https:\/\/imprentaametros.com\/es\/wp-json\/wp\/v2\/product"}],"about":[{"href":"https:\/\/imprentaametros.com\/es\/wp-json\/wp\/v2\/types\/product"}],"version-history":[{"count":1,"href":"https:\/\/imprentaametros.com\/es\/wp-json\/wp\/v2\/product\/47459\/revisions"}],"predecessor-version":[{"id":47460,"href":"https:\/\/imprentaametros.com\/es\/wp-json\/wp\/v2\/product\/47459\/revisions\/47460"}],"wp:featuredmedia":[{"embeddable":true,"href":"https:\/\/imprentaametros.com\/es\/wp-json\/wp\/v2\/media\/47462"}],"wp:attachment":[{"href":"https:\/\/imprentaametros.com\/es\/wp-json\/wp\/v2\/media?parent=47459"}],"wp:term":[{"taxonomy":"product_brand","embeddable":true,"href":"https:\/\/imprentaametros.com\/es\/wp-json\/wp\/v2\/product_brand?post=47459"},{"taxonomy":"product_cat","embeddable":true,"href":"https:\/\/imprentaametros.com\/es\/wp-json\/wp\/v2\/product_cat?post=47459"},{"taxonomy":"product_tag","embeddable":true,"href":"https:\/\/imprentaametros.com\/es\/wp-json\/wp\/v2\/product_tag?post=47459"}],"curies":[{"name":"wp","href":"https:\/\/api.w.org\/{rel}","templated":true}]}}