{"id":47424,"date":"2026-02-27T09:55:51","date_gmt":"2026-02-27T09:55:51","guid":{"rendered":"https:\/\/imprentaametros.com\/tienda\/sin%20categor\u00eda\/sols-galaxy-women\/"},"modified":"2026-02-27T09:57:49","modified_gmt":"2026-02-27T09:57:49","slug":"sols-galaxy-women","status":"publish","type":"product","link":"https:\/\/imprentaametros.com\/es\/tienda\/jersey\/sols-galaxy-women\/","title":{"rendered":"SOL&#8217;S GALAXY WOMEN"},"content":{"rendered":"<p><span dir=\"auto\" style=\"vertical-align: inherit;\"><span dir=\"auto\" style=\"vertical-align: inherit;\"><span dir=\"auto\" style=\"vertical-align: inherit;\"><span dir=\"auto\" style=\"vertical-align: inherit;\"><span dir=\"auto\" style=\"vertical-align: inherit;\"><span dir=\"auto\" style=\"vertical-align: inherit;\"><span dir=\"auto\" style=\"vertical-align: inherit;\"><span dir=\"auto\" style=\"vertical-align: inherit;\">Corte ajustado &#8211; Mangas montadas &#8211; Pu\u00f1os y bajo acanalados &#8211; Sisas de moda Su tejido de punto liso\u00a0de\u00a0acr\u00edlico y algod\u00f3n proporciona calor y comodidad.<\/span><\/span><\/span><\/span><\/span><\/span><\/span><\/span><\/p>\n<p><span dir=\"auto\" style=\"vertical-align: inherit;\"><span dir=\"auto\" style=\"vertical-align: inherit;\"><span dir=\"auto\" style=\"vertical-align: inherit;\"><span dir=\"auto\" style=\"vertical-align: inherit;\"><span dir=\"auto\" style=\"vertical-align: inherit;\"><span dir=\"auto\" style=\"vertical-align: inherit;\"><span dir=\"auto\" style=\"vertical-align: inherit;\"><span dir=\"auto\" style=\"vertical-align: inherit;\">Calibre 12 &#8211; 49% algod\u00f3n &#8211; 49% acr\u00edlico &#8211; 2% poliamida<\/span><\/span><\/span><\/span><\/span><\/span><\/span><\/span><\/p>\n<p><span dir=\"auto\" style=\"vertical-align: inherit;\"><span dir=\"auto\" style=\"vertical-align: inherit;\"><\/span><\/span><\/p>\n","protected":false},"excerpt":{"rendered":"<p>Corte ajustado &#8211; Mangas montadas &#8211; Pu\u00f1os y bajo acanalados &#8211; Sisas de moda Su tejido de punto liso\u00a0de\u00a0acr\u00edlico y algod\u00f3n proporciona calor y comodidad. Calibre 12 &#8211; 49% algod\u00f3n &#8211; 49% acr\u00edlico &#8211; 2% poliamida<\/p>\n","protected":false},"featured_media":47427,"template":"","meta":[],"product_brand":[26],"product_cat":[1171],"product_tag":[],"class_list":{"0":"post-47424","1":"product","2":"type-product","3":"status-publish","4":"has-post-thumbnail","6":"product_brand-sols","7":"product_cat-jersey","8":"pa_color-azul-marino","9":"pa_color-gris-medio","10":"pa_color-negro","11":"pa_color-rojo","12":"pa_ficha-tecnica-bangladesh","13":"pa_genero-mujer","14":"pa_talla-l","15":"pa_talla-m","16":"pa_talla-s","17":"pa_talla-xl","18":"pa_talla-xs","19":"pa_talla-xxl","21":"first","22":"instock","23":"purchasable","24":"product-type-variable","25":"wvs-archive-product-wrapper"},"_links":{"self":[{"href":"https:\/\/imprentaametros.com\/es\/wp-json\/wp\/v2\/product\/47424","targetHints":{"allow":["GET"]}}],"collection":[{"href":"https:\/\/imprentaametros.com\/es\/wp-json\/wp\/v2\/product"}],"about":[{"href":"https:\/\/imprentaametros.com\/es\/wp-json\/wp\/v2\/types\/product"}],"version-history":[{"count":1,"href":"https:\/\/imprentaametros.com\/es\/wp-json\/wp\/v2\/product\/47424\/revisions"}],"predecessor-version":[{"id":47425,"href":"https:\/\/imprentaametros.com\/es\/wp-json\/wp\/v2\/product\/47424\/revisions\/47425"}],"wp:featuredmedia":[{"embeddable":true,"href":"https:\/\/imprentaametros.com\/es\/wp-json\/wp\/v2\/media\/47427"}],"wp:attachment":[{"href":"https:\/\/imprentaametros.com\/es\/wp-json\/wp\/v2\/media?parent=47424"}],"wp:term":[{"taxonomy":"product_brand","embeddable":true,"href":"https:\/\/imprentaametros.com\/es\/wp-json\/wp\/v2\/product_brand?post=47424"},{"taxonomy":"product_cat","embeddable":true,"href":"https:\/\/imprentaametros.com\/es\/wp-json\/wp\/v2\/product_cat?post=47424"},{"taxonomy":"product_tag","embeddable":true,"href":"https:\/\/imprentaametros.com\/es\/wp-json\/wp\/v2\/product_tag?post=47424"}],"curies":[{"name":"wp","href":"https:\/\/api.w.org\/{rel}","templated":true}]}}