{"id":47212,"date":"2026-02-27T09:23:06","date_gmt":"2026-02-27T09:23:06","guid":{"rendered":"https:\/\/imprentaametros.com\/tienda\/sin%20categor\u00eda\/sols-glory-women\/"},"modified":"2026-02-27T09:24:24","modified_gmt":"2026-02-27T09:24:24","slug":"sols-glory-women","status":"publish","type":"product","link":"https:\/\/imprentaametros.com\/es\/tienda\/jersey\/sols-glory-women\/","title":{"rendered":"SOL&#8217;S GLORY WOMEN"},"content":{"rendered":"<p><span dir=\"auto\" style=\"vertical-align: inherit;\"><span dir=\"auto\" style=\"vertical-align: inherit;\"><span dir=\"auto\" style=\"vertical-align: inherit;\"><span dir=\"auto\" style=\"vertical-align: inherit;\"><span dir=\"auto\" style=\"vertical-align: inherit;\"><span dir=\"auto\" style=\"vertical-align: inherit;\"><span dir=\"auto\" style=\"vertical-align: inherit;\"><span dir=\"auto\" style=\"vertical-align: inherit;\">Cuello de pico &#8211; Corte ajustado &#8211; Pu\u00f1os y parte inferior con Canal\u00e9 1&#215;1 con el\u00e1stano para un ajuste perfecto &#8211; Sisas en tejido de punto MODERN UND KOMFORTABEL<\/span><\/span><\/span><\/span><\/span><\/span><\/span><\/span><\/p>\n<p><span dir=\"auto\" style=\"vertical-align: inherit;\"><span dir=\"auto\" style=\"vertical-align: inherit;\"><span dir=\"auto\" style=\"vertical-align: inherit;\"><span dir=\"auto\" style=\"vertical-align: inherit;\"><span dir=\"auto\" style=\"vertical-align: inherit;\"><span dir=\"auto\" style=\"vertical-align: inherit;\"><span dir=\"auto\" style=\"vertical-align: inherit;\"><span dir=\"auto\" style=\"vertical-align: inherit;\">Galga 12 &#8211; 70% viscosa &#8211; 30% poliamida<\/span><\/span><\/span><\/span><\/span><\/span><\/span><\/span><\/p>\n<p><span dir=\"auto\" style=\"vertical-align: inherit;\"><span dir=\"auto\" style=\"vertical-align: inherit;\"><\/span><\/span><\/p>\n","protected":false},"excerpt":{"rendered":"<p>Cuello de pico &#8211; Corte ajustado &#8211; Pu\u00f1os y parte inferior con Canal\u00e9 1&#215;1 con el\u00e1stano para un ajuste perfecto &#8211; Sisas en tejido de punto MODERN UND KOMFORTABEL Galga 12 &#8211; 70% viscosa &#8211; 30% poliamida<\/p>\n","protected":false},"featured_media":47215,"template":"","meta":[],"product_brand":[26],"product_cat":[1171],"product_tag":[],"class_list":{"0":"post-47212","1":"product","2":"type-product","3":"status-publish","4":"has-post-thumbnail","6":"product_brand-sols","7":"product_cat-jersey","8":"pa_color-antracita-mezcla","9":"pa_color-french-marino","10":"pa_color-gris-mezcla","11":"pa_color-negro","12":"pa_ficha-tecnica-bangladesh","13":"pa_genero-mujer","14":"pa_talla-l","15":"pa_talla-m","16":"pa_talla-s","17":"pa_talla-xl","18":"pa_talla-xs","19":"pa_talla-xxl","21":"first","22":"instock","23":"purchasable","24":"product-type-variable","25":"wvs-archive-product-wrapper"},"_links":{"self":[{"href":"https:\/\/imprentaametros.com\/es\/wp-json\/wp\/v2\/product\/47212","targetHints":{"allow":["GET"]}}],"collection":[{"href":"https:\/\/imprentaametros.com\/es\/wp-json\/wp\/v2\/product"}],"about":[{"href":"https:\/\/imprentaametros.com\/es\/wp-json\/wp\/v2\/types\/product"}],"version-history":[{"count":1,"href":"https:\/\/imprentaametros.com\/es\/wp-json\/wp\/v2\/product\/47212\/revisions"}],"predecessor-version":[{"id":47213,"href":"https:\/\/imprentaametros.com\/es\/wp-json\/wp\/v2\/product\/47212\/revisions\/47213"}],"wp:featuredmedia":[{"embeddable":true,"href":"https:\/\/imprentaametros.com\/es\/wp-json\/wp\/v2\/media\/47215"}],"wp:attachment":[{"href":"https:\/\/imprentaametros.com\/es\/wp-json\/wp\/v2\/media?parent=47212"}],"wp:term":[{"taxonomy":"product_brand","embeddable":true,"href":"https:\/\/imprentaametros.com\/es\/wp-json\/wp\/v2\/product_brand?post=47212"},{"taxonomy":"product_cat","embeddable":true,"href":"https:\/\/imprentaametros.com\/es\/wp-json\/wp\/v2\/product_cat?post=47212"},{"taxonomy":"product_tag","embeddable":true,"href":"https:\/\/imprentaametros.com\/es\/wp-json\/wp\/v2\/product_tag?post=47212"}],"curies":[{"name":"wp","href":"https:\/\/api.w.org\/{rel}","templated":true}]}}