{"id":47068,"date":"2026-02-25T17:39:39","date_gmt":"2026-02-25T17:39:39","guid":{"rendered":"https:\/\/imprentaametros.com\/tienda\/sin%20categor\u00eda\/sols-mistral\/"},"modified":"2026-02-25T17:41:14","modified_gmt":"2026-02-25T17:41:14","slug":"sols-mistral","status":"publish","type":"product","link":"https:\/\/imprentaametros.com\/es\/tienda\/textil\/cortavientos\/sols-mistral\/","title":{"rendered":"SOL&#8217;S MISTRAL"},"content":{"rendered":"<p><span dir=\"auto\" style=\"vertical-align: inherit;\"><span dir=\"auto\" style=\"vertical-align: inherit;\"><span dir=\"auto\" style=\"vertical-align: inherit;\"><span dir=\"auto\" style=\"vertical-align: inherit;\"><span dir=\"auto\" style=\"vertical-align: inherit;\"><span dir=\"auto\" style=\"vertical-align: inherit;\"><span dir=\"auto\" style=\"vertical-align: inherit;\"><span dir=\"auto\" style=\"vertical-align: inherit;\">Abertura con trabilla, cremallera y autom\u00e1ticos &#8211; Pu\u00f1os ajustables con autom\u00e1ticos &#8211; Numerosos bolsillos &#8211; Capucha plegada en el cuello con cord\u00f3n de ajuste &#8211; Aberturas de ventilaci\u00f3n &#8211; Aberturas laterales con cord\u00f3n de ajustableSin duda alguna la chaqueta cortavientos forrada de primer precio m\u00e1s lograda del mercado, con su solapa protege-cremallera, su capucha oculta en el cuello y sus pu\u00f1os ajustables.<\/span><\/span><\/span><\/span><\/span><\/span><\/span><\/span><\/p>\n<p><span dir=\"auto\" style=\"vertical-align: inherit;\"><span dir=\"auto\" style=\"vertical-align: inherit;\"><span dir=\"auto\" style=\"vertical-align: inherit;\"><span dir=\"auto\" style=\"vertical-align: inherit;\"><span dir=\"auto\" style=\"vertical-align: inherit;\"><span dir=\"auto\" style=\"vertical-align: inherit;\"><span dir=\"auto\" style=\"vertical-align: inherit;\"><span dir=\"auto\" style=\"vertical-align: inherit;\">Exterior: 100% poliamida &#8211; Forro: 100% poli\u00e9ster &#8211; Repelente al agua y resistente al viento<\/span><\/span><\/span><\/span><\/span><\/span><\/span><\/span><\/p>\n<p><span dir=\"auto\" style=\"vertical-align: inherit;\"><span dir=\"auto\" style=\"vertical-align: inherit;\"><\/span><\/span><\/p>\n","protected":false},"excerpt":{"rendered":"<p>Abertura con trabilla, cremallera y autom\u00e1ticos &#8211; Pu\u00f1os ajustables con autom\u00e1ticos &#8211; Numerosos bolsillos &#8211; Capucha plegada en el cuello con cord\u00f3n de ajuste &#8211; Aberturas de ventilaci\u00f3n &#8211; Aberturas laterales con cord\u00f3n de ajustableSin duda alguna la chaqueta cortavientos forrada de primer precio m\u00e1s lograda del mercado, con su solapa protege-cremallera, su capucha oculta [&hellip;]<\/p>\n","protected":false},"featured_media":47071,"template":"","meta":[],"product_brand":[26],"product_cat":[1044],"product_tag":[],"class_list":{"0":"post-47068","1":"product","2":"type-product","3":"status-publish","4":"has-post-thumbnail","6":"product_brand-sols","7":"product_cat-cortavientos","8":"pa_color-azul-marino","9":"pa_color-azul-royal","10":"pa_color-negro","11":"pa_color-rojo","12":"pa_color-verde-bosque","13":"pa_ficha-tecnica-https-mcprod-sologroup-paris-com-default-pdfpublication-pdf-product-sku-46000-store-21-type-template_map","14":"pa_genero-hombre","15":"pa_talla-l","16":"pa_talla-m","17":"pa_talla-s","18":"pa_talla-xl","19":"pa_talla-xxl","21":"first","22":"instock","23":"purchasable","24":"product-type-variable","25":"wvs-archive-product-wrapper"},"_links":{"self":[{"href":"https:\/\/imprentaametros.com\/es\/wp-json\/wp\/v2\/product\/47068","targetHints":{"allow":["GET"]}}],"collection":[{"href":"https:\/\/imprentaametros.com\/es\/wp-json\/wp\/v2\/product"}],"about":[{"href":"https:\/\/imprentaametros.com\/es\/wp-json\/wp\/v2\/types\/product"}],"version-history":[{"count":1,"href":"https:\/\/imprentaametros.com\/es\/wp-json\/wp\/v2\/product\/47068\/revisions"}],"predecessor-version":[{"id":47069,"href":"https:\/\/imprentaametros.com\/es\/wp-json\/wp\/v2\/product\/47068\/revisions\/47069"}],"wp:featuredmedia":[{"embeddable":true,"href":"https:\/\/imprentaametros.com\/es\/wp-json\/wp\/v2\/media\/47071"}],"wp:attachment":[{"href":"https:\/\/imprentaametros.com\/es\/wp-json\/wp\/v2\/media?parent=47068"}],"wp:term":[{"taxonomy":"product_brand","embeddable":true,"href":"https:\/\/imprentaametros.com\/es\/wp-json\/wp\/v2\/product_brand?post=47068"},{"taxonomy":"product_cat","embeddable":true,"href":"https:\/\/imprentaametros.com\/es\/wp-json\/wp\/v2\/product_cat?post=47068"},{"taxonomy":"product_tag","embeddable":true,"href":"https:\/\/imprentaametros.com\/es\/wp-json\/wp\/v2\/product_tag?post=47068"}],"curies":[{"name":"wp","href":"https:\/\/api.w.org\/{rel}","templated":true}]}}