{"id":47009,"date":"2026-02-25T17:37:37","date_gmt":"2026-02-25T17:37:37","guid":{"rendered":"https:\/\/imprentaametros.com\/tienda\/sin%20categor\u00eda\/sols-surf-kids\/"},"modified":"2026-02-25T17:40:09","modified_gmt":"2026-02-25T17:40:09","slug":"sols-surf-kids","status":"publish","type":"product","link":"https:\/\/imprentaametros.com\/es\/tienda\/textil\/cortavientos\/sols-surf-kids\/","title":{"rendered":"SOL&#8217;S SURF KIDS"},"content":{"rendered":"<p><span dir=\"auto\" style=\"vertical-align: inherit;\"><span dir=\"auto\" style=\"vertical-align: inherit;\"><span dir=\"auto\" style=\"vertical-align: inherit;\"><span dir=\"auto\" style=\"vertical-align: inherit;\"><span dir=\"auto\" style=\"vertical-align: inherit;\"><span dir=\"auto\" style=\"vertical-align: inherit;\"><span dir=\"auto\" style=\"vertical-align: inherit;\"><span dir=\"auto\" style=\"vertical-align: inherit;\">Abertura con cremallera &#8211; Capucha doblada en el cuello &#8211; 2 bolsillos exteriores cerrados con cremallera &#8211; Sistema de plegado \u00abin bag\u00bb con el\u00e1sticos anudados en cintura &#8211; Aberturas de ventilaci\u00f3n &#8211; Cord\u00f3n interior asegurado en la base<\/span><\/span><\/span><\/span><\/span><\/span><\/span><\/span><\/p>\n<p><span dir=\"auto\" style=\"vertical-align: inherit;\"><span dir=\"auto\" style=\"vertical-align: inherit;\"><span dir=\"auto\" style=\"vertical-align: inherit;\"><span dir=\"auto\" style=\"vertical-align: inherit;\"><span dir=\"auto\" style=\"vertical-align: inherit;\"><span dir=\"auto\" style=\"vertical-align: inherit;\"><span dir=\"auto\" style=\"vertical-align: inherit;\"><span dir=\"auto\" style=\"vertical-align: inherit;\">100% poliamida &#8211; Impermeable<\/span><\/span><\/span><\/span><\/span><\/span><\/span><\/span><\/p>\n<p><span dir=\"auto\" style=\"vertical-align: inherit;\"><span dir=\"auto\" style=\"vertical-align: inherit;\"><\/span><\/span><\/p>\n","protected":false},"excerpt":{"rendered":"<p>Abertura con cremallera &#8211; Capucha doblada en el cuello &#8211; 2 bolsillos exteriores cerrados con cremallera &#8211; Sistema de plegado \u00abin bag\u00bb con el\u00e1sticos anudados en cintura &#8211; Aberturas de ventilaci\u00f3n &#8211; Cord\u00f3n interior asegurado en la base 100% poliamida &#8211; Impermeable<\/p>\n","protected":false},"featured_media":47012,"template":"","meta":[],"product_brand":[26],"product_cat":[1044],"product_tag":[],"class_list":{"0":"post-47009","1":"product","2":"type-product","3":"status-publish","4":"has-post-thumbnail","6":"product_brand-sols","7":"product_cat-cortavientos","8":"pa_color-amarillo","9":"pa_color-azul-marino","10":"pa_color-azul-royal","11":"pa_color-naranja","12":"pa_color-negro","13":"pa_color-rojo","14":"pa_color-verde-bosque","15":"pa_ficha-tecnica-https-mcprod-sologroup-paris-com-default-pdfpublication-pdf-product-sku-32300-store-21-type-template_map","16":"pa_genero-nino","17":"pa_talla-1125","18":"pa_talla-5a6","19":"pa_talla-7a8","20":"pa_talla-ixi","21":"pa_talla-xv5","23":"first","24":"instock","25":"purchasable","26":"product-type-variable","27":"wvs-archive-product-wrapper"},"_links":{"self":[{"href":"https:\/\/imprentaametros.com\/es\/wp-json\/wp\/v2\/product\/47009","targetHints":{"allow":["GET"]}}],"collection":[{"href":"https:\/\/imprentaametros.com\/es\/wp-json\/wp\/v2\/product"}],"about":[{"href":"https:\/\/imprentaametros.com\/es\/wp-json\/wp\/v2\/types\/product"}],"version-history":[{"count":1,"href":"https:\/\/imprentaametros.com\/es\/wp-json\/wp\/v2\/product\/47009\/revisions"}],"predecessor-version":[{"id":47010,"href":"https:\/\/imprentaametros.com\/es\/wp-json\/wp\/v2\/product\/47009\/revisions\/47010"}],"wp:featuredmedia":[{"embeddable":true,"href":"https:\/\/imprentaametros.com\/es\/wp-json\/wp\/v2\/media\/47012"}],"wp:attachment":[{"href":"https:\/\/imprentaametros.com\/es\/wp-json\/wp\/v2\/media?parent=47009"}],"wp:term":[{"taxonomy":"product_brand","embeddable":true,"href":"https:\/\/imprentaametros.com\/es\/wp-json\/wp\/v2\/product_brand?post=47009"},{"taxonomy":"product_cat","embeddable":true,"href":"https:\/\/imprentaametros.com\/es\/wp-json\/wp\/v2\/product_cat?post=47009"},{"taxonomy":"product_tag","embeddable":true,"href":"https:\/\/imprentaametros.com\/es\/wp-json\/wp\/v2\/product_tag?post=47009"}],"curies":[{"name":"wp","href":"https:\/\/api.w.org\/{rel}","templated":true}]}}