{"id":46899,"date":"2026-02-25T17:33:40","date_gmt":"2026-02-25T17:33:40","guid":{"rendered":"https:\/\/imprentaametros.com\/tienda\/sin%20categor\u00eda\/sols-surf\/"},"modified":"2026-02-25T17:38:06","modified_gmt":"2026-02-25T17:38:06","slug":"sols-surf","status":"publish","type":"product","link":"https:\/\/imprentaametros.com\/es\/tienda\/textil\/cortavientos\/sols-surf\/","title":{"rendered":"SOL&#8217;S SURF"},"content":{"rendered":"<p><span dir=\"auto\" style=\"vertical-align: inherit;\"><span dir=\"auto\" style=\"vertical-align: inherit;\"><span dir=\"auto\" style=\"vertical-align: inherit;\"><span dir=\"auto\" style=\"vertical-align: inherit;\"><span dir=\"auto\" style=\"vertical-align: inherit;\"><span dir=\"auto\" style=\"vertical-align: inherit;\"><span dir=\"auto\" style=\"vertical-align: inherit;\"><span dir=\"auto\" style=\"vertical-align: inherit;\">Apertura con cremallera &#8211; Capucha con cord\u00f3n plegado en el cuello &#8211; 2 bolsillos exteriores con cremallera &#8211; Sistema de plegado \u00aben bolsa\u00bb con lazos el\u00e1sticos en la cintura &#8211; Pu\u00f1os el\u00e1sticos &#8211; Ojales de ventilaci\u00f3n Sin duda alguna, la chaqueta cortavientos m\u00e1s competitiva del mercado. &#8211; Se diferencia de la competencia por sus dos bolsillos con cremallera, el cuello tambi\u00e9n con cremallera que contiene una capucha y sus ojales para la ventilaci\u00f3n.<\/span><\/span><\/span><\/span><\/span><\/span><\/span><\/span><\/p>\n<p><span dir=\"auto\" style=\"vertical-align: inherit;\"><span dir=\"auto\" style=\"vertical-align: inherit;\"><span dir=\"auto\" style=\"vertical-align: inherit;\"><span dir=\"auto\" style=\"vertical-align: inherit;\"><span dir=\"auto\" style=\"vertical-align: inherit;\"><span dir=\"auto\" style=\"vertical-align: inherit;\"><span dir=\"auto\" style=\"vertical-align: inherit;\"><span dir=\"auto\" style=\"vertical-align: inherit;\">100% poliamida<\/span><\/span><\/span><\/span><\/span><\/span><\/span><\/span><\/p>\n<p><span dir=\"auto\" style=\"vertical-align: inherit;\"><span dir=\"auto\" style=\"vertical-align: inherit;\"><\/span><\/span><\/p>\n","protected":false},"excerpt":{"rendered":"<p>Apertura con cremallera &#8211; Capucha con cord\u00f3n plegado en el cuello &#8211; 2 bolsillos exteriores con cremallera &#8211; Sistema de plegado \u00aben bolsa\u00bb con lazos el\u00e1sticos en la cintura &#8211; Pu\u00f1os el\u00e1sticos &#8211; Ojales de ventilaci\u00f3n Sin duda alguna, la chaqueta cortavientos m\u00e1s competitiva del mercado. &#8211; Se diferencia de la competencia por sus dos [&hellip;]<\/p>\n","protected":false},"featured_media":46902,"template":"","meta":[],"product_brand":[26],"product_cat":[1044],"product_tag":[],"class_list":{"0":"post-46899","1":"product","2":"type-product","3":"status-publish","4":"has-post-thumbnail","6":"product_brand-sols","7":"product_cat-cortavientos","8":"pa_color-amarillo","9":"pa_color-azul-atolon","10":"pa_color-azul-marino","11":"pa_color-azul-royal","12":"pa_color-blanco","13":"pa_color-morado-oscuro","14":"pa_color-naranja","15":"pa_color-negro","16":"pa_color-rojo","17":"pa_color-rosa-fluor-2","18":"pa_color-tilo-fluor","19":"pa_color-verde-bosque","20":"pa_ficha-tecnica-https-mcprod-sologroup-paris-com-default-pdfpublication-pdf-product-sku-32000-store-21-type-template_map","21":"pa_genero-unisex","22":"pa_talla-l","23":"pa_talla-m","24":"pa_talla-s","25":"pa_talla-xl","26":"pa_talla-xs","27":"pa_talla-xxl","29":"first","30":"instock","31":"purchasable","32":"product-type-variable","33":"wvs-archive-product-wrapper"},"_links":{"self":[{"href":"https:\/\/imprentaametros.com\/es\/wp-json\/wp\/v2\/product\/46899","targetHints":{"allow":["GET"]}}],"collection":[{"href":"https:\/\/imprentaametros.com\/es\/wp-json\/wp\/v2\/product"}],"about":[{"href":"https:\/\/imprentaametros.com\/es\/wp-json\/wp\/v2\/types\/product"}],"version-history":[{"count":1,"href":"https:\/\/imprentaametros.com\/es\/wp-json\/wp\/v2\/product\/46899\/revisions"}],"predecessor-version":[{"id":46900,"href":"https:\/\/imprentaametros.com\/es\/wp-json\/wp\/v2\/product\/46899\/revisions\/46900"}],"wp:featuredmedia":[{"embeddable":true,"href":"https:\/\/imprentaametros.com\/es\/wp-json\/wp\/v2\/media\/46902"}],"wp:attachment":[{"href":"https:\/\/imprentaametros.com\/es\/wp-json\/wp\/v2\/media?parent=46899"}],"wp:term":[{"taxonomy":"product_brand","embeddable":true,"href":"https:\/\/imprentaametros.com\/es\/wp-json\/wp\/v2\/product_brand?post=46899"},{"taxonomy":"product_cat","embeddable":true,"href":"https:\/\/imprentaametros.com\/es\/wp-json\/wp\/v2\/product_cat?post=46899"},{"taxonomy":"product_tag","embeddable":true,"href":"https:\/\/imprentaametros.com\/es\/wp-json\/wp\/v2\/product_tag?post=46899"}],"curies":[{"name":"wp","href":"https:\/\/api.w.org\/{rel}","templated":true}]}}