{"id":46867,"date":"2026-02-25T17:32:44","date_gmt":"2026-02-25T17:32:44","guid":{"rendered":"https:\/\/imprentaametros.com\/tienda\/sin%20categor\u00eda\/neoblu-andrea\/"},"modified":"2026-02-25T17:34:11","modified_gmt":"2026-02-25T17:34:11","slug":"neoblu-andrea","status":"publish","type":"product","link":"https:\/\/imprentaametros.com\/es\/tienda\/textil\/cortavientos\/neoblu-andrea\/","title":{"rendered":"NEOBLU ANDREA"},"content":{"rendered":"<p><span dir=\"auto\" style=\"vertical-align: inherit;\"><span dir=\"auto\" style=\"vertical-align: inherit;\"><span dir=\"auto\" style=\"vertical-align: inherit;\"><span dir=\"auto\" style=\"vertical-align: inherit;\"><span dir=\"auto\" style=\"vertical-align: inherit;\"><span dir=\"auto\" style=\"vertical-align: inherit;\"><span dir=\"auto\" style=\"vertical-align: inherit;\"><span dir=\"auto\" style=\"vertical-align: inherit;\">Unisex &#8211; Cierre de cremallera frontal de nylon &#8211; Bolsillos laterales con cremallera &#8211; Costuras selladas &#8211; Cord\u00f3n el\u00e1stico en la capucha &#8211; Pu\u00f1os y dobladillo el\u00e1sticos &#8211; Detalles reflectantes Este pr\u00e1ctico cortavientos es a la vez ligero, totalmente impermeable y est\u00e1 a la moda. No dejar\u00e1 pasar ni la lluvia ni el viento por ning\u00fan lugar: el bajo y las mangas tienen goma.\u00a0 &#8211; Incluye elementos reflectantes, por lo que se convertir\u00e1 en un elemento imprescindible para ser visto por la noche.\u00a0 &#8211; Fabricado con poli\u00e9ster reciclado a partir de botellas de pl\u00e1stico, NEOBLU ANDREA combina el estilo con la protecci\u00f3n del medio ambiente.<\/span><\/span><\/span><\/span><\/span><\/span><\/span><\/span><\/p>\n<p><span dir=\"auto\" style=\"vertical-align: inherit;\"><span dir=\"auto\" style=\"vertical-align: inherit;\"><span dir=\"auto\" style=\"vertical-align: inherit;\"><span dir=\"auto\" style=\"vertical-align: inherit;\"><span dir=\"auto\" style=\"vertical-align: inherit;\"><span dir=\"auto\" style=\"vertical-align: inherit;\"><span dir=\"auto\" style=\"vertical-align: inherit;\"><span dir=\"auto\" style=\"vertical-align: inherit;\">100% poli\u00e9ster reciclado con membrana &#8211; Grado de impermeabilidad: 5000 mm &#8211; \u00cdndice de transpirabilidad 5000 g\/m\u00b2\/24 h<\/span><\/span><\/span><\/span><\/span><\/span><\/span><\/span><\/p>\n<p><span dir=\"auto\" style=\"vertical-align: inherit;\"><span dir=\"auto\" style=\"vertical-align: inherit;\"><\/span><\/span><\/p>\n","protected":false},"excerpt":{"rendered":"<p>Unisex &#8211; Cierre de cremallera frontal de nylon &#8211; Bolsillos laterales con cremallera &#8211; Costuras selladas &#8211; Cord\u00f3n el\u00e1stico en la capucha &#8211; Pu\u00f1os y dobladillo el\u00e1sticos &#8211; Detalles reflectantes Este pr\u00e1ctico cortavientos es a la vez ligero, totalmente impermeable y est\u00e1 a la moda. No dejar\u00e1 pasar ni la lluvia ni el viento por [&hellip;]<\/p>\n","protected":false},"featured_media":46870,"template":"","meta":[],"product_brand":[70],"product_cat":[1044],"product_tag":[],"class_list":{"0":"post-46867","1":"product","2":"type-product","3":"status-publish","4":"has-post-thumbnail","6":"product_brand-neoblu","7":"product_cat-cortavientos","8":"pa_color-kaki-oscuro","9":"pa_color-negro-profundo","10":"pa_color-noche","11":"pa_ficha-tecnica-https-mcprod-sologroup-paris-com-default-pdfpublication-pdf-product-sku-03781-store-21-type-template_map","12":"pa_genero-unisex","13":"pa_talla-3xl","14":"pa_talla-l","15":"pa_talla-m","16":"pa_talla-s","17":"pa_talla-xl","18":"pa_talla-xs","19":"pa_talla-xxl","21":"first","22":"instock","23":"purchasable","24":"product-type-variable","25":"wvs-archive-product-wrapper"},"_links":{"self":[{"href":"https:\/\/imprentaametros.com\/es\/wp-json\/wp\/v2\/product\/46867","targetHints":{"allow":["GET"]}}],"collection":[{"href":"https:\/\/imprentaametros.com\/es\/wp-json\/wp\/v2\/product"}],"about":[{"href":"https:\/\/imprentaametros.com\/es\/wp-json\/wp\/v2\/types\/product"}],"version-history":[{"count":1,"href":"https:\/\/imprentaametros.com\/es\/wp-json\/wp\/v2\/product\/46867\/revisions"}],"predecessor-version":[{"id":46868,"href":"https:\/\/imprentaametros.com\/es\/wp-json\/wp\/v2\/product\/46867\/revisions\/46868"}],"wp:featuredmedia":[{"embeddable":true,"href":"https:\/\/imprentaametros.com\/es\/wp-json\/wp\/v2\/media\/46870"}],"wp:attachment":[{"href":"https:\/\/imprentaametros.com\/es\/wp-json\/wp\/v2\/media?parent=46867"}],"wp:term":[{"taxonomy":"product_brand","embeddable":true,"href":"https:\/\/imprentaametros.com\/es\/wp-json\/wp\/v2\/product_brand?post=46867"},{"taxonomy":"product_cat","embeddable":true,"href":"https:\/\/imprentaametros.com\/es\/wp-json\/wp\/v2\/product_cat?post=46867"},{"taxonomy":"product_tag","embeddable":true,"href":"https:\/\/imprentaametros.com\/es\/wp-json\/wp\/v2\/product_tag?post=46867"}],"curies":[{"name":"wp","href":"https:\/\/api.w.org\/{rel}","templated":true}]}}