{"id":46559,"date":"2026-02-25T15:36:39","date_gmt":"2026-02-25T15:36:39","guid":{"rendered":"https:\/\/imprentaametros.com\/tienda\/sin%20categor\u00eda\/sols-sunny\/"},"modified":"2026-02-25T17:14:53","modified_gmt":"2026-02-25T17:14:53","slug":"sols-sunny","status":"publish","type":"product","link":"https:\/\/imprentaametros.com\/es\/tienda\/textil\/gorra-y-gorro\/sols-sunny\/","title":{"rendered":"SOL&#8217;S SUNNY"},"content":{"rendered":"<p><span dir=\"auto\" style=\"vertical-align: inherit;\"><span dir=\"auto\" style=\"vertical-align: inherit;\"><span dir=\"auto\" style=\"vertical-align: inherit;\"><span dir=\"auto\" style=\"vertical-align: inherit;\"><span dir=\"auto\" style=\"vertical-align: inherit;\"><span dir=\"auto\" style=\"vertical-align: inherit;\"><span dir=\"auto\" style=\"vertical-align: inherit;\"><span dir=\"auto\" style=\"vertical-align: inherit;\">5 paneles &#8211; Visera preformada &#8211; 4 ojales de ventilaci\u00f3n bordados &#8211; Cierre atr\u00e1s regulable con tira auto-agarrante Competitiva y de calidad con su algod\u00f3n cepillado<\/span><\/span><\/span><\/span><\/span><\/span><\/span><\/span><\/p>\n<p><span dir=\"auto\" style=\"vertical-align: inherit;\"><span dir=\"auto\" style=\"vertical-align: inherit;\"><span dir=\"auto\" style=\"vertical-align: inherit;\"><span dir=\"auto\" style=\"vertical-align: inherit;\"><span dir=\"auto\" style=\"vertical-align: inherit;\"><span dir=\"auto\" style=\"vertical-align: inherit;\"><span dir=\"auto\" style=\"vertical-align: inherit;\"><span dir=\"auto\" style=\"vertical-align: inherit;\">100% algod\u00f3n\u00a0cepillado ligero<\/span><\/span><\/span><\/span><\/span><\/span><\/span><\/span><\/p>\n<p><span dir=\"auto\" style=\"vertical-align: inherit;\"><span dir=\"auto\" style=\"vertical-align: inherit;\"><\/span><\/span><\/p>\n","protected":false},"excerpt":{"rendered":"<p>5 paneles &#8211; Visera preformada &#8211; 4 ojales de ventilaci\u00f3n bordados &#8211; Cierre atr\u00e1s regulable con tira auto-agarrante Competitiva y de calidad con su algod\u00f3n cepillado 100% algod\u00f3n\u00a0cepillado ligero<\/p>\n","protected":false},"featured_media":46562,"template":"","meta":[],"product_brand":[26],"product_cat":[1049],"product_tag":[],"class_list":{"0":"post-46559","1":"product","2":"type-product","3":"status-publish","4":"has-post-thumbnail","6":"product_brand-sols","7":"product_cat-gorra-y-gorro","8":"pa_color-borgona","9":"pa_ficha-tecnica-china","10":"pa_genero-gorra-y-gorro","11":"pa_talla-tun","13":"first","14":"instock","15":"purchasable","16":"product-type-variable","17":"wvs-archive-product-wrapper"},"_links":{"self":[{"href":"https:\/\/imprentaametros.com\/es\/wp-json\/wp\/v2\/product\/46559","targetHints":{"allow":["GET"]}}],"collection":[{"href":"https:\/\/imprentaametros.com\/es\/wp-json\/wp\/v2\/product"}],"about":[{"href":"https:\/\/imprentaametros.com\/es\/wp-json\/wp\/v2\/types\/product"}],"version-history":[{"count":1,"href":"https:\/\/imprentaametros.com\/es\/wp-json\/wp\/v2\/product\/46559\/revisions"}],"predecessor-version":[{"id":46560,"href":"https:\/\/imprentaametros.com\/es\/wp-json\/wp\/v2\/product\/46559\/revisions\/46560"}],"wp:featuredmedia":[{"embeddable":true,"href":"https:\/\/imprentaametros.com\/es\/wp-json\/wp\/v2\/media\/46562"}],"wp:attachment":[{"href":"https:\/\/imprentaametros.com\/es\/wp-json\/wp\/v2\/media?parent=46559"}],"wp:term":[{"taxonomy":"product_brand","embeddable":true,"href":"https:\/\/imprentaametros.com\/es\/wp-json\/wp\/v2\/product_brand?post=46559"},{"taxonomy":"product_cat","embeddable":true,"href":"https:\/\/imprentaametros.com\/es\/wp-json\/wp\/v2\/product_cat?post=46559"},{"taxonomy":"product_tag","embeddable":true,"href":"https:\/\/imprentaametros.com\/es\/wp-json\/wp\/v2\/product_tag?post=46559"}],"curies":[{"name":"wp","href":"https:\/\/api.w.org\/{rel}","templated":true}]}}