{"id":46175,"date":"2026-02-25T13:13:14","date_gmt":"2026-02-25T13:13:14","guid":{"rendered":"https:\/\/imprentaametros.com\/tienda\/sin%20categor\u00eda\/sols-blaze\/"},"modified":"2026-02-25T13:13:22","modified_gmt":"2026-02-25T13:13:22","slug":"sols-blaze","status":"publish","type":"product","link":"https:\/\/imprentaametros.com\/es\/tienda\/textil\/gorra-y-gorro\/sols-blaze\/","title":{"rendered":"SOL&#8217;S BLAZE"},"content":{"rendered":"<p><span dir=\"auto\" style=\"vertical-align: inherit;\"><span dir=\"auto\" style=\"vertical-align: inherit;\"><span dir=\"auto\" style=\"vertical-align: inherit;\"><span dir=\"auto\" style=\"vertical-align: inherit;\"><span dir=\"auto\" style=\"vertical-align: inherit;\"><span dir=\"auto\" style=\"vertical-align: inherit;\"><span dir=\"auto\" style=\"vertical-align: inherit;\"><span dir=\"auto\" style=\"vertical-align: inherit;\">6 paneles &#8211; Paneles frontales reforzados y estructurados por medio de una entretela gruesa termofusible &#8211; Cinta de sarga de algod\u00f3n acolchada para m\u00e1s comodidad &#8211; 6 ojales bordados &#8211; Cierre trasero moderno con hebilla de metal<\/span><\/span><\/span><\/span><\/span><\/span><\/span><\/span><\/p>\n<p><span dir=\"auto\" style=\"vertical-align: inherit;\"><span dir=\"auto\" style=\"vertical-align: inherit;\"><span dir=\"auto\" style=\"vertical-align: inherit;\"><span dir=\"auto\" style=\"vertical-align: inherit;\"><span dir=\"auto\" style=\"vertical-align: inherit;\"><span dir=\"auto\" style=\"vertical-align: inherit;\"><span dir=\"auto\" style=\"vertical-align: inherit;\"><span dir=\"auto\" style=\"vertical-align: inherit;\">100% algod\u00f3n sin peinar<\/span><\/span><\/span><\/span><\/span><\/span><\/span><\/span><\/p>\n<p><span dir=\"auto\" style=\"vertical-align: inherit;\"><span dir=\"auto\" style=\"vertical-align: inherit;\"><\/span><\/span><\/p>\n","protected":false},"excerpt":{"rendered":"<p>6 paneles &#8211; Paneles frontales reforzados y estructurados por medio de una entretela gruesa termofusible &#8211; Cinta de sarga de algod\u00f3n acolchada para m\u00e1s comodidad &#8211; 6 ojales bordados &#8211; Cierre trasero moderno con hebilla de metal 100% algod\u00f3n sin peinar<\/p>\n","protected":false},"featured_media":46205,"template":"","meta":[],"product_brand":[26],"product_cat":[1049],"product_tag":[],"class_list":{"0":"post-46175","1":"product","2":"type-product","3":"status-publish","4":"has-post-thumbnail","6":"product_brand-sols","7":"product_cat-gorra-y-gorro","8":"pa_color-blanco","9":"pa_ficha-tecnica-https-mcprod-sologroup-paris-com-default-pdfpublication-pdf-product-sku-03093-store-21-type-template_map","10":"pa_genero-unisex","11":"pa_talla-tun","13":"first","14":"instock","15":"purchasable","16":"product-type-variable","17":"wvs-archive-product-wrapper"},"_links":{"self":[{"href":"https:\/\/imprentaametros.com\/es\/wp-json\/wp\/v2\/product\/46175","targetHints":{"allow":["GET"]}}],"collection":[{"href":"https:\/\/imprentaametros.com\/es\/wp-json\/wp\/v2\/product"}],"about":[{"href":"https:\/\/imprentaametros.com\/es\/wp-json\/wp\/v2\/types\/product"}],"version-history":[{"count":1,"href":"https:\/\/imprentaametros.com\/es\/wp-json\/wp\/v2\/product\/46175\/revisions"}],"predecessor-version":[{"id":46176,"href":"https:\/\/imprentaametros.com\/es\/wp-json\/wp\/v2\/product\/46175\/revisions\/46176"}],"wp:featuredmedia":[{"embeddable":true,"href":"https:\/\/imprentaametros.com\/es\/wp-json\/wp\/v2\/media\/46205"}],"wp:attachment":[{"href":"https:\/\/imprentaametros.com\/es\/wp-json\/wp\/v2\/media?parent=46175"}],"wp:term":[{"taxonomy":"product_brand","embeddable":true,"href":"https:\/\/imprentaametros.com\/es\/wp-json\/wp\/v2\/product_brand?post=46175"},{"taxonomy":"product_cat","embeddable":true,"href":"https:\/\/imprentaametros.com\/es\/wp-json\/wp\/v2\/product_cat?post=46175"},{"taxonomy":"product_tag","embeddable":true,"href":"https:\/\/imprentaametros.com\/es\/wp-json\/wp\/v2\/product_tag?post=46175"}],"curies":[{"name":"wp","href":"https:\/\/api.w.org\/{rel}","templated":true}]}}