{"id":45923,"date":"2026-02-25T13:02:19","date_gmt":"2026-02-25T13:02:19","guid":{"rendered":"https:\/\/imprentaametros.com\/tienda\/sin%20categor\u00eda\/sols-long-beach\/"},"modified":"2026-02-25T13:02:31","modified_gmt":"2026-02-25T13:02:31","slug":"sols-long-beach","status":"publish","type":"product","link":"https:\/\/imprentaametros.com\/es\/tienda\/textil\/gorra-y-gorro\/sols-long-beach\/","title":{"rendered":"SOL&#8217;S LONG BEACH"},"content":{"rendered":"<p><span dir=\"auto\" style=\"vertical-align: inherit;\"><span dir=\"auto\" style=\"vertical-align: inherit;\"><span dir=\"auto\" style=\"vertical-align: inherit;\"><span dir=\"auto\" style=\"vertical-align: inherit;\"><span dir=\"auto\" style=\"vertical-align: inherit;\"><span dir=\"auto\" style=\"vertical-align: inherit;\"><span dir=\"auto\" style=\"vertical-align: inherit;\"><span dir=\"auto\" style=\"vertical-align: inherit;\">5 paneles &#8211; Visera preformada &#8211; 4 agujeros de ventilaci\u00f3n bordados &#8211; Cierre trasero regulable con hebilla met\u00e1lica Amplia zona de personalizaci\u00f3n &#8211; Excelente calidad de algod\u00f3n pesado peinado &#8211; Destinado para cualquier tipo de mercado<\/span><\/span><\/span><\/span><\/span><\/span><\/span><\/span><\/p>\n<p><span dir=\"auto\" style=\"vertical-align: inherit;\"><span dir=\"auto\" style=\"vertical-align: inherit;\"><span dir=\"auto\" style=\"vertical-align: inherit;\"><span dir=\"auto\" style=\"vertical-align: inherit;\"><span dir=\"auto\" style=\"vertical-align: inherit;\"><span dir=\"auto\" style=\"vertical-align: inherit;\"><span dir=\"auto\" style=\"vertical-align: inherit;\"><span dir=\"auto\" style=\"vertical-align: inherit;\">100% algod\u00f3n perchado espeso<\/span><\/span><\/span><\/span><\/span><\/span><\/span><\/span><\/p>\n<p><span dir=\"auto\" style=\"vertical-align: inherit;\"><span dir=\"auto\" style=\"vertical-align: inherit;\"><\/span><\/span><\/p>\n","protected":false},"excerpt":{"rendered":"<p>5 paneles &#8211; Visera preformada &#8211; 4 agujeros de ventilaci\u00f3n bordados &#8211; Cierre trasero regulable con hebilla met\u00e1lica Amplia zona de personalizaci\u00f3n &#8211; Excelente calidad de algod\u00f3n pesado peinado &#8211; Destinado para cualquier tipo de mercado 100% algod\u00f3n perchado espeso<\/p>\n","protected":false},"featured_media":46002,"template":"","meta":[],"product_brand":[26],"product_cat":[1049],"product_tag":[],"class_list":{"0":"post-45923","1":"product","2":"type-product","3":"status-publish","4":"has-post-thumbnail","6":"product_brand-sols","7":"product_cat-gorra-y-gorro","8":"pa_color-blanco","9":"pa_ficha-tecnica-https-mcprod-sologroup-paris-com-default-pdfpublication-pdf-product-sku-00594-store-21-type-template_map","10":"pa_genero-unisex","11":"pa_talla-tun","13":"first","14":"instock","15":"purchasable","16":"product-type-variable","17":"wvs-archive-product-wrapper"},"_links":{"self":[{"href":"https:\/\/imprentaametros.com\/es\/wp-json\/wp\/v2\/product\/45923","targetHints":{"allow":["GET"]}}],"collection":[{"href":"https:\/\/imprentaametros.com\/es\/wp-json\/wp\/v2\/product"}],"about":[{"href":"https:\/\/imprentaametros.com\/es\/wp-json\/wp\/v2\/types\/product"}],"version-history":[{"count":1,"href":"https:\/\/imprentaametros.com\/es\/wp-json\/wp\/v2\/product\/45923\/revisions"}],"predecessor-version":[{"id":45924,"href":"https:\/\/imprentaametros.com\/es\/wp-json\/wp\/v2\/product\/45923\/revisions\/45924"}],"wp:featuredmedia":[{"embeddable":true,"href":"https:\/\/imprentaametros.com\/es\/wp-json\/wp\/v2\/media\/46002"}],"wp:attachment":[{"href":"https:\/\/imprentaametros.com\/es\/wp-json\/wp\/v2\/media?parent=45923"}],"wp:term":[{"taxonomy":"product_brand","embeddable":true,"href":"https:\/\/imprentaametros.com\/es\/wp-json\/wp\/v2\/product_brand?post=45923"},{"taxonomy":"product_cat","embeddable":true,"href":"https:\/\/imprentaametros.com\/es\/wp-json\/wp\/v2\/product_cat?post=45923"},{"taxonomy":"product_tag","embeddable":true,"href":"https:\/\/imprentaametros.com\/es\/wp-json\/wp\/v2\/product_tag?post=45923"}],"curies":[{"name":"wp","href":"https:\/\/api.w.org\/{rel}","templated":true}]}}