{"id":283,"date":"2026-01-30T18:32:54","date_gmt":"2026-01-30T18:32:54","guid":{"rendered":"https:\/\/imprentamaxspeed2120.live-website.com\/tienda\/sin%20categor\u00eda\/sols-anfield\/"},"modified":"2026-02-02T08:02:29","modified_gmt":"2026-02-02T08:02:29","slug":"sols-anfield","status":"publish","type":"product","link":"https:\/\/imprentaametros.com\/es\/tienda\/textil\/accesorio-textil\/sols-anfield\/","title":{"rendered":"SOL&#8217;S ANFIELD"},"content":{"rendered":"<p><span dir=\"auto\" style=\"vertical-align: inherit;\"><span dir=\"auto\" style=\"vertical-align: inherit;\"><span dir=\"auto\" style=\"vertical-align: inherit;\"><span dir=\"auto\" style=\"vertical-align: inherit;\"><span dir=\"auto\" style=\"vertical-align: inherit;\"><span dir=\"auto\" style=\"vertical-align: inherit;\">Malla agujereada y transpirable &#8211; Cuello redondo &#8211; Ribete en el mismo tono (cuello, mu\u00f1ecas) &#8211; Ligero, s\u00f3lido y robusto Su tejido de malla permite una f\u00e1cil personalizaci\u00f3n. &#8211; Facil personalizaci\u00f3n gracias a su tejido de malla<\/span><\/span><\/span><\/span><\/span><\/span><\/p>\n<p><span dir=\"auto\" style=\"vertical-align: inherit;\"><span dir=\"auto\" style=\"vertical-align: inherit;\"><span dir=\"auto\" style=\"vertical-align: inherit;\"><span dir=\"auto\" style=\"vertical-align: inherit;\"><span dir=\"auto\" style=\"vertical-align: inherit;\"><span dir=\"auto\" style=\"vertical-align: inherit;\">100% poli\u00e9ster\u00a0malla<\/span><\/span><\/span><\/span><\/span><\/span><\/p>\n<p><span dir=\"auto\" style=\"vertical-align: inherit;\"><span dir=\"auto\" style=\"vertical-align: inherit;\"><\/span><\/span><\/p>\n","protected":false},"excerpt":{"rendered":"<p>Malla agujereada y transpirable &#8211; Cuello redondo &#8211; Ribete en el mismo tono (cuello, mu\u00f1ecas) &#8211; Ligero, s\u00f3lido y robusto Su tejido de malla permite una f\u00e1cil personalizaci\u00f3n. &#8211; Facil personalizaci\u00f3n gracias a su tejido de malla 100% poli\u00e9ster\u00a0malla<\/p>\n","protected":false},"featured_media":286,"template":"","meta":[],"product_brand":[26],"product_cat":[27],"product_tag":[],"class_list":{"0":"post-283","1":"product","2":"type-product","3":"status-publish","4":"has-post-thumbnail","6":"product_brand-sols","7":"product_cat-accesorio-textil","8":"pa_color-rojo","9":"pa_ficha-tecnica-https-mcprod-sologroup-paris-com-default-pdfpublication-pdf-product-sku-90210-store-21-type-template_map","10":"pa_genero-nino","11":"pa_talla-m","13":"first","14":"instock","15":"purchasable","16":"product-type-variable","17":"wvs-archive-product-wrapper"},"_links":{"self":[{"href":"https:\/\/imprentaametros.com\/es\/wp-json\/wp\/v2\/product\/283","targetHints":{"allow":["GET"]}}],"collection":[{"href":"https:\/\/imprentaametros.com\/es\/wp-json\/wp\/v2\/product"}],"about":[{"href":"https:\/\/imprentaametros.com\/es\/wp-json\/wp\/v2\/types\/product"}],"version-history":[{"count":2,"href":"https:\/\/imprentaametros.com\/es\/wp-json\/wp\/v2\/product\/283\/revisions"}],"predecessor-version":[{"id":6014,"href":"https:\/\/imprentaametros.com\/es\/wp-json\/wp\/v2\/product\/283\/revisions\/6014"}],"wp:featuredmedia":[{"embeddable":true,"href":"https:\/\/imprentaametros.com\/es\/wp-json\/wp\/v2\/media\/286"}],"wp:attachment":[{"href":"https:\/\/imprentaametros.com\/es\/wp-json\/wp\/v2\/media?parent=283"}],"wp:term":[{"taxonomy":"product_brand","embeddable":true,"href":"https:\/\/imprentaametros.com\/es\/wp-json\/wp\/v2\/product_brand?post=283"},{"taxonomy":"product_cat","embeddable":true,"href":"https:\/\/imprentaametros.com\/es\/wp-json\/wp\/v2\/product_cat?post=283"},{"taxonomy":"product_tag","embeddable":true,"href":"https:\/\/imprentaametros.com\/es\/wp-json\/wp\/v2\/product_tag?post=283"}],"curies":[{"name":"wp","href":"https:\/\/api.w.org\/{rel}","templated":true}]}}