{"id":233,"date":"2026-01-30T18:29:23","date_gmt":"2026-01-30T18:29:23","guid":{"rendered":"https:\/\/imprentamaxspeed2120.live-website.com\/tienda\/sin%20categor\u00eda\/neoblu-tara\/"},"modified":"2026-01-30T18:31:29","modified_gmt":"2026-01-30T18:31:29","slug":"neoblu-tara","status":"publish","type":"product","link":"https:\/\/imprentaametros.com\/es\/tienda\/textil\/accesorio-textil\/neoblu-tara\/","title":{"rendered":"NEOBLU TARA"},"content":{"rendered":"<p><span dir=\"auto\" style=\"vertical-align: inherit;\"><span dir=\"auto\" style=\"vertical-align: inherit;\"><span dir=\"auto\" style=\"vertical-align: inherit;\"><span dir=\"auto\" style=\"vertical-align: inherit;\"><span dir=\"auto\" style=\"vertical-align: inherit;\"><span dir=\"auto\" style=\"vertical-align: inherit;\">Pa\u00f1uelo &#8211; Largo: 60 cm &#8211; Ancho: 60 cmAccesorio intemporal del guardarropa femenino, el pa\u00f1uelo de sat\u00e9n es un accesorio imprescindible que puede llevarse alrededor del cuello, como cintur\u00f3n o en el pelo.<\/span><\/span><\/span><\/span><\/span><\/span><\/p>\n<p><span dir=\"auto\" style=\"vertical-align: inherit;\"><span dir=\"auto\" style=\"vertical-align: inherit;\"><span dir=\"auto\" style=\"vertical-align: inherit;\"><span dir=\"auto\" style=\"vertical-align: inherit;\"><span dir=\"auto\" style=\"vertical-align: inherit;\"><span dir=\"auto\" style=\"vertical-align: inherit;\">100% poli\u00e9ster &#8211; Pa\u00f1uelo<\/span><\/span><\/span><\/span><\/span><\/span><\/p>\n<p><span dir=\"auto\" style=\"vertical-align: inherit;\"><span dir=\"auto\" style=\"vertical-align: inherit;\"><\/span><\/span><\/p>\n","protected":false},"excerpt":{"rendered":"<p>Pa\u00f1uelo &#8211; Largo: 60 cm &#8211; Ancho: 60 cmAccesorio intemporal del guardarropa femenino, el pa\u00f1uelo de sat\u00e9n es un accesorio imprescindible que puede llevarse alrededor del cuello, como cintur\u00f3n o en el pelo. 100% poli\u00e9ster &#8211; Pa\u00f1uelo<\/p>\n","protected":false},"featured_media":236,"template":"","meta":[],"product_brand":[70],"product_cat":[27],"product_tag":[],"class_list":{"0":"post-233","1":"product","2":"type-product","3":"status-publish","4":"has-post-thumbnail","6":"product_brand-neoblu","7":"product_cat-accesorio-textil","8":"pa_color-negro-profundo","9":"pa_ficha-tecnica-https-mcprod-sologroup-paris-com-default-pdfpublication-pdf-product-sku-03205-store-21-type-template_map","10":"pa_genero-mujer","11":"pa_talla-tun","13":"first","14":"instock","15":"purchasable","16":"product-type-variable","17":"wvs-archive-product-wrapper"},"_links":{"self":[{"href":"https:\/\/imprentaametros.com\/es\/wp-json\/wp\/v2\/product\/233","targetHints":{"allow":["GET"]}}],"collection":[{"href":"https:\/\/imprentaametros.com\/es\/wp-json\/wp\/v2\/product"}],"about":[{"href":"https:\/\/imprentaametros.com\/es\/wp-json\/wp\/v2\/types\/product"}],"version-history":[{"count":1,"href":"https:\/\/imprentaametros.com\/es\/wp-json\/wp\/v2\/product\/233\/revisions"}],"predecessor-version":[{"id":234,"href":"https:\/\/imprentaametros.com\/es\/wp-json\/wp\/v2\/product\/233\/revisions\/234"}],"wp:featuredmedia":[{"embeddable":true,"href":"https:\/\/imprentaametros.com\/es\/wp-json\/wp\/v2\/media\/236"}],"wp:attachment":[{"href":"https:\/\/imprentaametros.com\/es\/wp-json\/wp\/v2\/media?parent=233"}],"wp:term":[{"taxonomy":"product_brand","embeddable":true,"href":"https:\/\/imprentaametros.com\/es\/wp-json\/wp\/v2\/product_brand?post=233"},{"taxonomy":"product_cat","embeddable":true,"href":"https:\/\/imprentaametros.com\/es\/wp-json\/wp\/v2\/product_cat?post=233"},{"taxonomy":"product_tag","embeddable":true,"href":"https:\/\/imprentaametros.com\/es\/wp-json\/wp\/v2\/product_tag?post=233"}],"curies":[{"name":"wp","href":"https:\/\/api.w.org\/{rel}","templated":true}]}}