{"id":205,"date":"2026-01-30T18:29:23","date_gmt":"2026-01-30T18:29:23","guid":{"rendered":"https:\/\/imprentamaxspeed2120.live-website.com\/tienda\/sin%20categor\u00eda\/sols-bolt\/"},"modified":"2026-01-30T18:30:28","modified_gmt":"2026-01-30T18:30:28","slug":"sols-bolt","status":"publish","type":"product","link":"https:\/\/imprentaametros.com\/es\/tienda\/textil\/accesorio-textil\/sols-bolt\/","title":{"rendered":"SOL&#8217;S BOLT"},"content":{"rendered":"<p><span dir=\"auto\" style=\"vertical-align: inherit;\"><span dir=\"auto\" style=\"vertical-align: inherit;\"><span dir=\"auto\" style=\"vertical-align: inherit;\"><span dir=\"auto\" style=\"vertical-align: inherit;\"><span dir=\"auto\" style=\"vertical-align: inherit;\"><span dir=\"auto\" style=\"vertical-align: inherit;\">Tubular &#8211; Multifunci\u00f3n &#8211; Puede llevarse en el cuello, cabeza, pelo y mu\u00f1eca &#8211; Acompa\u00f1ado de instrucciones de uso<\/span><\/span><\/span><\/span><\/span><\/span><\/p>\n<p><span dir=\"auto\" style=\"vertical-align: inherit;\"><span dir=\"auto\" style=\"vertical-align: inherit;\"><span dir=\"auto\" style=\"vertical-align: inherit;\"><span dir=\"auto\" style=\"vertical-align: inherit;\"><span dir=\"auto\" style=\"vertical-align: inherit;\"><span dir=\"auto\" style=\"vertical-align: inherit;\">100% poli\u00e9ster &#8211; Braga de cuello multifunci\u00f3n<\/span><\/span><\/span><\/span><\/span><\/span><\/p>\n<p><span dir=\"auto\" style=\"vertical-align: inherit;\"><span dir=\"auto\" style=\"vertical-align: inherit;\"><\/span><\/span><\/p>\n","protected":false},"excerpt":{"rendered":"<p>Tubular &#8211; Multifunci\u00f3n &#8211; Puede llevarse en el cuello, cabeza, pelo y mu\u00f1eca &#8211; Acompa\u00f1ado de instrucciones de uso 100% poli\u00e9ster &#8211; Braga de cuello multifunci\u00f3n<\/p>\n","protected":false},"featured_media":208,"template":"","meta":[],"product_brand":[26],"product_cat":[27],"product_tag":[],"class_list":{"0":"post-205","1":"product","2":"type-product","3":"status-publish","4":"has-post-thumbnail","6":"product_brand-sols","7":"product_cat-accesorio-textil","8":"pa_color-blanco","9":"pa_ficha-tecnica-https-mcprod-sologroup-paris-com-default-pdfpublication-pdf-product-sku-03094-store-21-type-template_map","10":"pa_genero-unisex","11":"pa_talla-tun","13":"first","14":"instock","15":"purchasable","16":"product-type-variable","17":"wvs-archive-product-wrapper"},"_links":{"self":[{"href":"https:\/\/imprentaametros.com\/es\/wp-json\/wp\/v2\/product\/205","targetHints":{"allow":["GET"]}}],"collection":[{"href":"https:\/\/imprentaametros.com\/es\/wp-json\/wp\/v2\/product"}],"about":[{"href":"https:\/\/imprentaametros.com\/es\/wp-json\/wp\/v2\/types\/product"}],"version-history":[{"count":1,"href":"https:\/\/imprentaametros.com\/es\/wp-json\/wp\/v2\/product\/205\/revisions"}],"predecessor-version":[{"id":206,"href":"https:\/\/imprentaametros.com\/es\/wp-json\/wp\/v2\/product\/205\/revisions\/206"}],"wp:featuredmedia":[{"embeddable":true,"href":"https:\/\/imprentaametros.com\/es\/wp-json\/wp\/v2\/media\/208"}],"wp:attachment":[{"href":"https:\/\/imprentaametros.com\/es\/wp-json\/wp\/v2\/media?parent=205"}],"wp:term":[{"taxonomy":"product_brand","embeddable":true,"href":"https:\/\/imprentaametros.com\/es\/wp-json\/wp\/v2\/product_brand?post=205"},{"taxonomy":"product_cat","embeddable":true,"href":"https:\/\/imprentaametros.com\/es\/wp-json\/wp\/v2\/product_cat?post=205"},{"taxonomy":"product_tag","embeddable":true,"href":"https:\/\/imprentaametros.com\/es\/wp-json\/wp\/v2\/product_tag?post=205"}],"curies":[{"name":"wp","href":"https:\/\/api.w.org\/{rel}","templated":true}]}}