{"id":19488,"date":"2026-02-19T07:58:00","date_gmt":"2026-02-19T07:58:00","guid":{"rendered":"https:\/\/imprentaametroshighs4120.live-website.com\/tienda\/sin%20categor\u00eda\/neoblu-teddy\/"},"modified":"2026-02-21T09:16:49","modified_gmt":"2026-02-21T09:16:49","slug":"neoblu-teddy","status":"publish","type":"product","link":"https:\/\/imprentaametros.com\/es\/tienda\/textil\/corbatas-y-pajaritas\/neoblu-teddy\/","title":{"rendered":"NEOBLU TEDDY"},"content":{"rendered":"<p><span dir=\"auto\" style=\"vertical-align: inherit;\"><span dir=\"auto\" style=\"vertical-align: inherit;\"><span dir=\"auto\" style=\"vertical-align: inherit;\"><span dir=\"auto\" style=\"vertical-align: inherit;\"><span dir=\"auto\" style=\"vertical-align: inherit;\"><span dir=\"auto\" style=\"vertical-align: inherit;\"><span dir=\"auto\" style=\"vertical-align: inherit;\"><span dir=\"auto\" style=\"vertical-align: inherit;\">Preanudada &#8211; Cierre de broche Ya no hace falta ser experto en nudos con nuestro nudo ya hecho. Innegablemente m\u00e1s r\u00e1pida y f\u00e1cil de llevar, le permitir\u00e1 lucir chic y elegante en cualquier ocasi\u00f3n.<\/span><\/span><\/span><\/span><\/span><\/span><\/span><\/span><\/p>\n<p><span dir=\"auto\" style=\"vertical-align: inherit;\"><span dir=\"auto\" style=\"vertical-align: inherit;\"><span dir=\"auto\" style=\"vertical-align: inherit;\"><span dir=\"auto\" style=\"vertical-align: inherit;\"><span dir=\"auto\" style=\"vertical-align: inherit;\"><span dir=\"auto\" style=\"vertical-align: inherit;\"><span dir=\"auto\" style=\"vertical-align: inherit;\"><span dir=\"auto\" style=\"vertical-align: inherit;\">100% poli\u00e9ster<\/span><\/span><\/span><\/span><\/span><\/span><\/span><\/span><\/p>\n<p><span dir=\"auto\" style=\"vertical-align: inherit;\"><span dir=\"auto\" style=\"vertical-align: inherit;\"><\/span><\/span><\/p>\n","protected":false},"excerpt":{"rendered":"<p>Preanudada &#8211; Cierre de broche Ya no hace falta ser experto en nudos con nuestro nudo ya hecho. Innegablemente m\u00e1s r\u00e1pida y f\u00e1cil de llevar, le permitir\u00e1 lucir chic y elegante en cualquier ocasi\u00f3n. 100% poli\u00e9ster<\/p>\n","protected":false},"featured_media":19491,"template":"","meta":[],"product_brand":[70],"product_cat":[1039,585],"product_tag":[],"class_list":{"0":"post-19488","1":"product","2":"type-product","3":"status-publish","4":"has-post-thumbnail","6":"product_brand-neoblu","7":"product_cat-corbatas-y-pajaritas","8":"product_cat-textil","9":"pa_color-negro-profundo","10":"pa_color-noche","11":"pa_ficha-tecnica-https-mcprod-sologroup-paris-com-default-pdfpublication-pdf-product-sku-03201-store-21-type-template_map","12":"pa_genero-unisex","13":"pa_talla-tun","15":"first","16":"instock","17":"purchasable","18":"product-type-variable","19":"wvs-archive-product-wrapper"},"yoast_head":"<!-- This site is optimized with the Yoast SEO plugin v27.5 - https:\/\/yoast.com\/product\/yoast-seo-wordpress\/ -->\n<title>NEOBLU TEDDY - Imprenta a Metros<\/title>\n<meta name=\"robots\" content=\"index, follow, max-snippet:-1, max-image-preview:large, max-video-preview:-1\" \/>\n<link rel=\"canonical\" href=\"https:\/\/imprentaametros.com\/es\/tienda\/textil\/corbatas-y-pajaritas\/neoblu-teddy\/\" \/>\n<meta property=\"og:locale\" content=\"es_ES\" \/>\n<meta property=\"og:type\" content=\"article\" \/>\n<meta property=\"og:title\" content=\"NEOBLU TEDDY - Imprenta a Metros\" \/>\n<meta property=\"og:description\" content=\"Preanudada &#8211; Cierre de broche Ya no hace falta ser experto en nudos con nuestro nudo ya hecho. Innegablemente m\u00e1s r\u00e1pida y f\u00e1cil de llevar, le permitir\u00e1 lucir chic y elegante en cualquier ocasi\u00f3n. 100% poli\u00e9ster\" \/>\n<meta property=\"og:url\" content=\"https:\/\/imprentaametros.com\/es\/tienda\/textil\/corbatas-y-pajaritas\/neoblu-teddy\/\" \/>\n<meta property=\"og:site_name\" content=\"Imprenta a Metros\" \/>\n<meta property=\"article:publisher\" content=\"https:\/\/www.facebook.com\/p\/Imprenta-a-metros-61571966490736\/\" \/>\n<meta property=\"article:modified_time\" content=\"2026-02-21T09:16:49+00:00\" \/>\n<meta property=\"og:image\" content=\"https:\/\/imprentaametros.com\/wp-content\/uploads\/2026\/02\/m03201309A.jpeg\" \/>\n\t<meta property=\"og:image:width\" content=\"1004\" \/>\n\t<meta property=\"og:image:height\" content=\"1004\" \/>\n\t<meta property=\"og:image:type\" content=\"image\/jpeg\" \/>\n<meta name=\"twitter:card\" content=\"summary_large_image\" \/>\n<script type=\"application\/ld+json\" class=\"yoast-schema-graph\">{\"@context\":\"https:\\\/\\\/schema.org\",\"@graph\":[{\"@type\":\"WebPage\",\"@id\":\"https:\\\/\\\/imprentaametros.com\\\/tienda\\\/textil\\\/corbatas-y-pajaritas\\\/neoblu-teddy\\\/\",\"url\":\"https:\\\/\\\/imprentaametros.com\\\/tienda\\\/textil\\\/corbatas-y-pajaritas\\\/neoblu-teddy\\\/\",\"name\":\"NEOBLU TEDDY - Imprenta a Metros\",\"isPartOf\":{\"@id\":\"https:\\\/\\\/imprentaametros.com\\\/#website\"},\"primaryImageOfPage\":{\"@id\":\"https:\\\/\\\/imprentaametros.com\\\/tienda\\\/textil\\\/corbatas-y-pajaritas\\\/neoblu-teddy\\\/#primaryimage\"},\"image\":{\"@id\":\"https:\\\/\\\/imprentaametros.com\\\/tienda\\\/textil\\\/corbatas-y-pajaritas\\\/neoblu-teddy\\\/#primaryimage\"},\"thumbnailUrl\":\"https:\\\/\\\/imprentaametros.com\\\/wp-content\\\/uploads\\\/2026\\\/02\\\/m03201309A.jpeg\",\"datePublished\":\"2026-02-19T07:58:00+00:00\",\"dateModified\":\"2026-02-21T09:16:49+00:00\",\"breadcrumb\":{\"@id\":\"https:\\\/\\\/imprentaametros.com\\\/tienda\\\/textil\\\/corbatas-y-pajaritas\\\/neoblu-teddy\\\/#breadcrumb\"},\"inLanguage\":\"es\",\"potentialAction\":[{\"@type\":\"ReadAction\",\"target\":[\"https:\\\/\\\/imprentaametros.com\\\/tienda\\\/textil\\\/corbatas-y-pajaritas\\\/neoblu-teddy\\\/\"]}]},{\"@type\":\"ImageObject\",\"inLanguage\":\"es\",\"@id\":\"https:\\\/\\\/imprentaametros.com\\\/tienda\\\/textil\\\/corbatas-y-pajaritas\\\/neoblu-teddy\\\/#primaryimage\",\"url\":\"https:\\\/\\\/imprentaametros.com\\\/wp-content\\\/uploads\\\/2026\\\/02\\\/m03201309A.jpeg\",\"contentUrl\":\"https:\\\/\\\/imprentaametros.com\\\/wp-content\\\/uploads\\\/2026\\\/02\\\/m03201309A.jpeg\",\"width\":1004,\"height\":1004},{\"@type\":\"BreadcrumbList\",\"@id\":\"https:\\\/\\\/imprentaametros.com\\\/tienda\\\/textil\\\/corbatas-y-pajaritas\\\/neoblu-teddy\\\/#breadcrumb\",\"itemListElement\":[{\"@type\":\"ListItem\",\"position\":1,\"name\":\"Portada\",\"item\":\"https:\\\/\\\/imprentaametros.com\\\/en\\\/\"},{\"@type\":\"ListItem\",\"position\":2,\"name\":\"Tienda\",\"item\":\"https:\\\/\\\/imprentaametros.com\\\/en\\\/tienda\\\/\"},{\"@type\":\"ListItem\",\"position\":3,\"name\":\"NEOBLU TEDDY\"}]},{\"@type\":\"WebSite\",\"@id\":\"https:\\\/\\\/imprentaametros.com\\\/#website\",\"url\":\"https:\\\/\\\/imprentaametros.com\\\/\",\"name\":\"Imprenta a Metros - Impresi\u00f3n digital\",\"description\":\"Impresi\u00f3n digital Online\",\"publisher\":{\"@id\":\"https:\\\/\\\/imprentaametros.com\\\/#organization\"},\"potentialAction\":[{\"@type\":\"SearchAction\",\"target\":{\"@type\":\"EntryPoint\",\"urlTemplate\":\"https:\\\/\\\/imprentaametros.com\\\/?s={search_term_string}\"},\"query-input\":{\"@type\":\"PropertyValueSpecification\",\"valueRequired\":true,\"valueName\":\"search_term_string\"}}],\"inLanguage\":\"es\"},{\"@type\":\"Organization\",\"@id\":\"https:\\\/\\\/imprentaametros.com\\\/#organization\",\"name\":\"Imprenta a Metros - Impresi\u00f3n digital\",\"url\":\"https:\\\/\\\/imprentaametros.com\\\/\",\"logo\":{\"@type\":\"ImageObject\",\"inLanguage\":\"es\",\"@id\":\"https:\\\/\\\/imprentaametros.com\\\/#\\\/schema\\\/logo\\\/image\\\/\",\"url\":\"https:\\\/\\\/imprentaametros.com\\\/wp-content\\\/uploads\\\/2026\\\/01\\\/cropped-LOGO-IMPRENTA-A-MERTOS-2025-Black.png\",\"contentUrl\":\"https:\\\/\\\/imprentaametros.com\\\/wp-content\\\/uploads\\\/2026\\\/01\\\/cropped-LOGO-IMPRENTA-A-MERTOS-2025-Black.png\",\"width\":2060,\"height\":1349,\"caption\":\"Imprenta a Metros - Impresi\u00f3n digital\"},\"image\":{\"@id\":\"https:\\\/\\\/imprentaametros.com\\\/#\\\/schema\\\/logo\\\/image\\\/\"},\"sameAs\":[\"https:\\\/\\\/www.facebook.com\\\/p\\\/Imprenta-a-metros-61571966490736\\\/\",\"https:\\\/\\\/www.instagram.com\\\/imprentaametros_\\\/\"]}]}<\/script>\n<!-- \/ Yoast SEO plugin. -->","yoast_head_json":{"title":"NEOBLU TEDDY - Imprenta a Metros","robots":{"index":"index","follow":"follow","max-snippet":"max-snippet:-1","max-image-preview":"max-image-preview:large","max-video-preview":"max-video-preview:-1"},"canonical":"https:\/\/imprentaametros.com\/es\/tienda\/textil\/corbatas-y-pajaritas\/neoblu-teddy\/","og_locale":"es_ES","og_type":"article","og_title":"NEOBLU TEDDY - Imprenta a Metros","og_description":"Preanudada &#8211; Cierre de broche Ya no hace falta ser experto en nudos con nuestro nudo ya hecho. Innegablemente m\u00e1s r\u00e1pida y f\u00e1cil de llevar, le permitir\u00e1 lucir chic y elegante en cualquier ocasi\u00f3n. 100% poli\u00e9ster","og_url":"https:\/\/imprentaametros.com\/es\/tienda\/textil\/corbatas-y-pajaritas\/neoblu-teddy\/","og_site_name":"Imprenta a Metros","article_publisher":"https:\/\/www.facebook.com\/p\/Imprenta-a-metros-61571966490736\/","article_modified_time":"2026-02-21T09:16:49+00:00","og_image":[{"width":1004,"height":1004,"url":"https:\/\/imprentaametros.com\/wp-content\/uploads\/2026\/02\/m03201309A.jpeg","type":"image\/jpeg"}],"twitter_card":"summary_large_image","schema":{"@context":"https:\/\/schema.org","@graph":[{"@type":"WebPage","@id":"https:\/\/imprentaametros.com\/tienda\/textil\/corbatas-y-pajaritas\/neoblu-teddy\/","url":"https:\/\/imprentaametros.com\/tienda\/textil\/corbatas-y-pajaritas\/neoblu-teddy\/","name":"NEOBLU TEDDY - Imprenta a Metros","isPartOf":{"@id":"https:\/\/imprentaametros.com\/#website"},"primaryImageOfPage":{"@id":"https:\/\/imprentaametros.com\/tienda\/textil\/corbatas-y-pajaritas\/neoblu-teddy\/#primaryimage"},"image":{"@id":"https:\/\/imprentaametros.com\/tienda\/textil\/corbatas-y-pajaritas\/neoblu-teddy\/#primaryimage"},"thumbnailUrl":"https:\/\/imprentaametros.com\/wp-content\/uploads\/2026\/02\/m03201309A.jpeg","datePublished":"2026-02-19T07:58:00+00:00","dateModified":"2026-02-21T09:16:49+00:00","breadcrumb":{"@id":"https:\/\/imprentaametros.com\/tienda\/textil\/corbatas-y-pajaritas\/neoblu-teddy\/#breadcrumb"},"inLanguage":"es","potentialAction":[{"@type":"ReadAction","target":["https:\/\/imprentaametros.com\/tienda\/textil\/corbatas-y-pajaritas\/neoblu-teddy\/"]}]},{"@type":"ImageObject","inLanguage":"es","@id":"https:\/\/imprentaametros.com\/tienda\/textil\/corbatas-y-pajaritas\/neoblu-teddy\/#primaryimage","url":"https:\/\/imprentaametros.com\/wp-content\/uploads\/2026\/02\/m03201309A.jpeg","contentUrl":"https:\/\/imprentaametros.com\/wp-content\/uploads\/2026\/02\/m03201309A.jpeg","width":1004,"height":1004},{"@type":"BreadcrumbList","@id":"https:\/\/imprentaametros.com\/tienda\/textil\/corbatas-y-pajaritas\/neoblu-teddy\/#breadcrumb","itemListElement":[{"@type":"ListItem","position":1,"name":"Portada","item":"https:\/\/imprentaametros.com\/en\/"},{"@type":"ListItem","position":2,"name":"Tienda","item":"https:\/\/imprentaametros.com\/en\/tienda\/"},{"@type":"ListItem","position":3,"name":"NEOBLU TEDDY"}]},{"@type":"WebSite","@id":"https:\/\/imprentaametros.com\/#website","url":"https:\/\/imprentaametros.com\/","name":"Imprenta a Metros - Impresi\u00f3n digital","description":"Impresi\u00f3n digital Online","publisher":{"@id":"https:\/\/imprentaametros.com\/#organization"},"potentialAction":[{"@type":"SearchAction","target":{"@type":"EntryPoint","urlTemplate":"https:\/\/imprentaametros.com\/?s={search_term_string}"},"query-input":{"@type":"PropertyValueSpecification","valueRequired":true,"valueName":"search_term_string"}}],"inLanguage":"es"},{"@type":"Organization","@id":"https:\/\/imprentaametros.com\/#organization","name":"Imprenta a Metros - Impresi\u00f3n digital","url":"https:\/\/imprentaametros.com\/","logo":{"@type":"ImageObject","inLanguage":"es","@id":"https:\/\/imprentaametros.com\/#\/schema\/logo\/image\/","url":"https:\/\/imprentaametros.com\/wp-content\/uploads\/2026\/01\/cropped-LOGO-IMPRENTA-A-MERTOS-2025-Black.png","contentUrl":"https:\/\/imprentaametros.com\/wp-content\/uploads\/2026\/01\/cropped-LOGO-IMPRENTA-A-MERTOS-2025-Black.png","width":2060,"height":1349,"caption":"Imprenta a Metros - Impresi\u00f3n digital"},"image":{"@id":"https:\/\/imprentaametros.com\/#\/schema\/logo\/image\/"},"sameAs":["https:\/\/www.facebook.com\/p\/Imprenta-a-metros-61571966490736\/","https:\/\/www.instagram.com\/imprentaametros_\/"]}]}},"_links":{"self":[{"href":"https:\/\/imprentaametros.com\/es\/wp-json\/wp\/v2\/product\/19488","targetHints":{"allow":["GET"]}}],"collection":[{"href":"https:\/\/imprentaametros.com\/es\/wp-json\/wp\/v2\/product"}],"about":[{"href":"https:\/\/imprentaametros.com\/es\/wp-json\/wp\/v2\/types\/product"}],"version-history":[{"count":1,"href":"https:\/\/imprentaametros.com\/es\/wp-json\/wp\/v2\/product\/19488\/revisions"}],"predecessor-version":[{"id":19489,"href":"https:\/\/imprentaametros.com\/es\/wp-json\/wp\/v2\/product\/19488\/revisions\/19489"}],"wp:featuredmedia":[{"embeddable":true,"href":"https:\/\/imprentaametros.com\/es\/wp-json\/wp\/v2\/media\/19491"}],"wp:attachment":[{"href":"https:\/\/imprentaametros.com\/es\/wp-json\/wp\/v2\/media?parent=19488"}],"wp:term":[{"taxonomy":"product_brand","embeddable":true,"href":"https:\/\/imprentaametros.com\/es\/wp-json\/wp\/v2\/product_brand?post=19488"},{"taxonomy":"product_cat","embeddable":true,"href":"https:\/\/imprentaametros.com\/es\/wp-json\/wp\/v2\/product_cat?post=19488"},{"taxonomy":"product_tag","embeddable":true,"href":"https:\/\/imprentaametros.com\/es\/wp-json\/wp\/v2\/product_tag?post=19488"}],"curies":[{"name":"wp","href":"https:\/\/api.w.org\/{rel}","templated":true}]}}