{"id":19409,"date":"2026-02-19T07:44:11","date_gmt":"2026-02-19T07:44:11","guid":{"rendered":"https:\/\/imprentaametroshighs4120.live-website.com\/tienda\/sin%20categor\u00eda\/sols-equinox-pro\/"},"modified":"2026-02-21T09:16:51","modified_gmt":"2026-02-21T09:16:51","slug":"sols-equinox-pro","status":"publish","type":"product","link":"https:\/\/imprentaametros.com\/es\/tienda\/textil\/chaleco-acolchado\/sols-equinox-pro\/","title":{"rendered":"SOL&#8217;S EQUINOX PRO"},"content":{"rendered":"<p><span dir=\"auto\" style=\"vertical-align: inherit;\"><span dir=\"auto\" style=\"vertical-align: inherit;\"><span dir=\"auto\" style=\"vertical-align: inherit;\"><span dir=\"auto\" style=\"vertical-align: inherit;\"><span dir=\"auto\" style=\"vertical-align: inherit;\"><span dir=\"auto\" style=\"vertical-align: inherit;\"><span dir=\"auto\" style=\"vertical-align: inherit;\"><span dir=\"auto\" style=\"vertical-align: inherit;\">Cuello alto doble bot\u00f3n a presi\u00f3n &#8211; 6 bolsillos cuyo 1 bolsillo interior &#8211; Parte con el\u00e1stico en la espalda de cada lado Funcional y muy resistente. &#8211; Amplia gama de tallas. &#8211; Lavable a 60 \u00b0C.<\/span><\/span><\/span><\/span><\/span><\/span><\/span><\/span><\/p>\n<p><span dir=\"auto\" style=\"vertical-align: inherit;\"><span dir=\"auto\" style=\"vertical-align: inherit;\"><span dir=\"auto\" style=\"vertical-align: inherit;\"><span dir=\"auto\" style=\"vertical-align: inherit;\"><span dir=\"auto\" style=\"vertical-align: inherit;\"><span dir=\"auto\" style=\"vertical-align: inherit;\"><span dir=\"auto\" style=\"vertical-align: inherit;\"><span dir=\"auto\" style=\"vertical-align: inherit;\">65% poli\u00e9ster &#8211; 35% algod\u00f3n &#8211; Relleno 100% poli\u00e9ster<\/span><\/span><\/span><\/span><\/span><\/span><\/span><\/span><\/p>\n<p><span dir=\"auto\" style=\"vertical-align: inherit;\"><span dir=\"auto\" style=\"vertical-align: inherit;\"><\/span><\/span><\/p>\n","protected":false},"excerpt":{"rendered":"<p>Cuello alto doble bot\u00f3n a presi\u00f3n &#8211; 6 bolsillos cuyo 1 bolsillo interior &#8211; Parte con el\u00e1stico en la espalda de cada lado Funcional y muy resistente. &#8211; Amplia gama de tallas. &#8211; Lavable a 60 \u00b0C. 65% poli\u00e9ster &#8211; 35% algod\u00f3n &#8211; Relleno 100% poli\u00e9ster<\/p>\n","protected":false},"featured_media":19412,"template":"","meta":[],"product_brand":[26],"product_cat":[1020,585],"product_tag":[],"class_list":{"0":"post-19409","1":"product","2":"type-product","3":"status-publish","4":"has-post-thumbnail","6":"product_brand-sols","7":"product_cat-chaleco-acolchado","8":"product_cat-textil","9":"pa_color-gris-oscuro","10":"pa_color-negro","11":"pa_color-pro-azul-marino","12":"pa_color-verde-botella","13":"pa_ficha-tecnica-https-mcprod-sologroup-paris-com-default-pdfpublication-pdf-product-sku-80503-store-21-type-template_map","14":"pa_genero-hombre","15":"pa_talla-3xl","16":"pa_talla-4xl","17":"pa_talla-5xl","18":"pa_talla-l","19":"pa_talla-m","20":"pa_talla-s","21":"pa_talla-xl","22":"pa_talla-xxl","24":"first","25":"instock","26":"purchasable","27":"product-type-variable","28":"wvs-archive-product-wrapper"},"_links":{"self":[{"href":"https:\/\/imprentaametros.com\/es\/wp-json\/wp\/v2\/product\/19409","targetHints":{"allow":["GET"]}}],"collection":[{"href":"https:\/\/imprentaametros.com\/es\/wp-json\/wp\/v2\/product"}],"about":[{"href":"https:\/\/imprentaametros.com\/es\/wp-json\/wp\/v2\/types\/product"}],"version-history":[{"count":1,"href":"https:\/\/imprentaametros.com\/es\/wp-json\/wp\/v2\/product\/19409\/revisions"}],"predecessor-version":[{"id":19410,"href":"https:\/\/imprentaametros.com\/es\/wp-json\/wp\/v2\/product\/19409\/revisions\/19410"}],"wp:featuredmedia":[{"embeddable":true,"href":"https:\/\/imprentaametros.com\/es\/wp-json\/wp\/v2\/media\/19412"}],"wp:attachment":[{"href":"https:\/\/imprentaametros.com\/es\/wp-json\/wp\/v2\/media?parent=19409"}],"wp:term":[{"taxonomy":"product_brand","embeddable":true,"href":"https:\/\/imprentaametros.com\/es\/wp-json\/wp\/v2\/product_brand?post=19409"},{"taxonomy":"product_cat","embeddable":true,"href":"https:\/\/imprentaametros.com\/es\/wp-json\/wp\/v2\/product_cat?post=19409"},{"taxonomy":"product_tag","embeddable":true,"href":"https:\/\/imprentaametros.com\/es\/wp-json\/wp\/v2\/product_tag?post=19409"}],"curies":[{"name":"wp","href":"https:\/\/api.w.org\/{rel}","templated":true}]}}