{"id":19015,"date":"2026-02-19T07:28:35","date_gmt":"2026-02-19T07:28:35","guid":{"rendered":"https:\/\/imprentaametroshighs4120.live-website.com\/tienda\/sin%20categor\u00eda\/sols-victoire-bw-women\/"},"modified":"2026-02-21T09:16:57","modified_gmt":"2026-02-21T09:16:57","slug":"sols-victoire-bw-women","status":"publish","type":"product","link":"https:\/\/imprentaametros.com\/es\/tienda\/textil\/chaleco-acolchado\/sols-victoire-bw-women\/","title":{"rendered":"SOL&#8217;S VICTOIRE BW WOMEN"},"content":{"rendered":"<p><span dir=\"auto\" style=\"vertical-align: inherit;\"><span dir=\"auto\" style=\"vertical-align: inherit;\"><span dir=\"auto\" style=\"vertical-align: inherit;\"><span dir=\"auto\" style=\"vertical-align: inherit;\"><span dir=\"auto\" style=\"vertical-align: inherit;\"><span dir=\"auto\" style=\"vertical-align: inherit;\"><span dir=\"auto\" style=\"vertical-align: inherit;\"><span dir=\"auto\" style=\"vertical-align: inherit;\">Abertura con cremallera &#8211; 2 bolsillos delanteros con cremallera &#8211; 2 bolsillos interiores &#8211; Detalles tricolores &#8211; Sistema de doblado \u00abin bag\u00bb con topes A partir de ahora, el relleno de la SOL&#8217;S\u00a0VICTOIRE\u00a0BW est\u00e1 compuesto por un 60% de Sorona\u00ae y un 40% de poli\u00e9ster reciclado. &#8211; \u00bfQu\u00e9 es Sorona\u00ae? &#8211; Sorona\u00ae es una mezcla de fibras de ma\u00edz y poli\u00e9ster reciclado, \u00a1incluso m\u00e1s aislante que la pluma y el plum\u00f3n! &#8211; Esta mezcla aporta un verdadero plus de eco-responsabilidad con la presencia de estas fibras renovables y de origen biol\u00f3gico y del poli\u00e9ster reciclado, conservando las propiedades aislantes de la pluma y el plum\u00f3n. &#8211; Sin plumas ni plum\u00f3n, esta modificaci\u00f3n tambi\u00e9n significa que este producto est\u00e1 ahora certificado como vegano por PETA.<\/span><\/span><\/span><\/span><\/span><\/span><\/span><\/span><\/p>\n<p><span dir=\"auto\" style=\"vertical-align: inherit;\"><span dir=\"auto\" style=\"vertical-align: inherit;\"><span dir=\"auto\" style=\"vertical-align: inherit;\"><span dir=\"auto\" style=\"vertical-align: inherit;\"><span dir=\"auto\" style=\"vertical-align: inherit;\"><span dir=\"auto\" style=\"vertical-align: inherit;\"><span dir=\"auto\" style=\"vertical-align: inherit;\"><span dir=\"auto\" style=\"vertical-align: inherit;\">Tejido exterior y forro: 100% poliamida. &#8211; Relleno (tenga en cuenta que estamos en proceso de transici\u00f3n de las existencias): 90% de plum\u00f3n y 10% de pluma hasta agotar existencias. A continuaci\u00f3n, la transici\u00f3n a un 60% de Sorona 40% de poli\u00e9ster reciclado.<\/span><\/span><\/span><\/span><\/span><\/span><\/span><\/span><\/p>\n<p><span dir=\"auto\" style=\"vertical-align: inherit;\"><span dir=\"auto\" style=\"vertical-align: inherit;\"><\/span><\/span><\/p>\n","protected":false},"excerpt":{"rendered":"<p>Abertura con cremallera &#8211; 2 bolsillos delanteros con cremallera &#8211; 2 bolsillos interiores &#8211; Detalles tricolores &#8211; Sistema de doblado \u00abin bag\u00bb con topes A partir de ahora, el relleno de la SOL&#8217;S\u00a0VICTOIRE\u00a0BW est\u00e1 compuesto por un 60% de Sorona\u00ae y un 40% de poli\u00e9ster reciclado. &#8211; \u00bfQu\u00e9 es Sorona\u00ae? &#8211; Sorona\u00ae es una mezcla [&hellip;]<\/p>\n","protected":false},"featured_media":19018,"template":"","meta":[],"product_brand":[26],"product_cat":[1020,585],"product_tag":[],"class_list":{"0":"post-19015","1":"product","2":"type-product","3":"status-publish","4":"has-post-thumbnail","6":"product_brand-sols","7":"product_cat-chaleco-acolchado","8":"product_cat-textil","9":"pa_color-french-marino","10":"pa_color-negro","11":"pa_ficha-tecnica-https-mcprod-sologroup-paris-com-default-pdfpublication-pdf-product-sku-02937-store-21-type-template_map","12":"pa_genero-mujer","13":"pa_talla-l","14":"pa_talla-m","15":"pa_talla-s","16":"pa_talla-xl","17":"pa_talla-xxl","19":"first","20":"instock","21":"purchasable","22":"product-type-variable","23":"wvs-archive-product-wrapper"},"_links":{"self":[{"href":"https:\/\/imprentaametros.com\/es\/wp-json\/wp\/v2\/product\/19015","targetHints":{"allow":["GET"]}}],"collection":[{"href":"https:\/\/imprentaametros.com\/es\/wp-json\/wp\/v2\/product"}],"about":[{"href":"https:\/\/imprentaametros.com\/es\/wp-json\/wp\/v2\/types\/product"}],"version-history":[{"count":1,"href":"https:\/\/imprentaametros.com\/es\/wp-json\/wp\/v2\/product\/19015\/revisions"}],"predecessor-version":[{"id":19016,"href":"https:\/\/imprentaametros.com\/es\/wp-json\/wp\/v2\/product\/19015\/revisions\/19016"}],"wp:featuredmedia":[{"embeddable":true,"href":"https:\/\/imprentaametros.com\/es\/wp-json\/wp\/v2\/media\/19018"}],"wp:attachment":[{"href":"https:\/\/imprentaametros.com\/es\/wp-json\/wp\/v2\/media?parent=19015"}],"wp:term":[{"taxonomy":"product_brand","embeddable":true,"href":"https:\/\/imprentaametros.com\/es\/wp-json\/wp\/v2\/product_brand?post=19015"},{"taxonomy":"product_cat","embeddable":true,"href":"https:\/\/imprentaametros.com\/es\/wp-json\/wp\/v2\/product_cat?post=19015"},{"taxonomy":"product_tag","embeddable":true,"href":"https:\/\/imprentaametros.com\/es\/wp-json\/wp\/v2\/product_tag?post=19015"}],"curies":[{"name":"wp","href":"https:\/\/api.w.org\/{rel}","templated":true}]}}