{"id":18753,"date":"2026-02-18T09:12:07","date_gmt":"2026-02-18T09:12:07","guid":{"rendered":"https:\/\/imprentaametroshighs4120.live-website.com\/tienda\/sin%20categor\u00eda\/sols-stream-bw-kids\/"},"modified":"2026-02-21T09:17:00","modified_gmt":"2026-02-21T09:17:00","slug":"sols-stream-bw-kids","status":"publish","type":"product","link":"https:\/\/imprentaametros.com\/es\/tienda\/textil\/cazadora-y-parka\/sols-stream-bw-kids\/","title":{"rendered":"SOL&#8217;S STREAM BW KIDS"},"content":{"rendered":"<p><span dir=\"auto\" style=\"vertical-align: inherit;\"><span dir=\"auto\" style=\"vertical-align: inherit;\"><span dir=\"auto\" style=\"vertical-align: inherit;\"><span dir=\"auto\" style=\"vertical-align: inherit;\"><span dir=\"auto\" style=\"vertical-align: inherit;\"><span dir=\"auto\" style=\"vertical-align: inherit;\"><span dir=\"auto\" style=\"vertical-align: inherit;\"><span dir=\"auto\" style=\"vertical-align: inherit;\">Abertura y bolsillos laterales con cremallera de nylon tono sobre tono &#8211; Cursor de metal tono sobre tono con tirador de cremallera de tafet\u00e1n tono sobre tono &#8211; Cuello alto &#8211; Bajo y sisas con bordes el\u00e1sticos tono sobre tono &#8211; Bolsa para guardar la prenda<\/span><\/span><\/span><\/span><\/span><\/span><\/span><\/span><\/p>\n<p><span dir=\"auto\" style=\"vertical-align: inherit;\"><span dir=\"auto\" style=\"vertical-align: inherit;\"><span dir=\"auto\" style=\"vertical-align: inherit;\"><span dir=\"auto\" style=\"vertical-align: inherit;\"><span dir=\"auto\" style=\"vertical-align: inherit;\"><span dir=\"auto\" style=\"vertical-align: inherit;\"><span dir=\"auto\" style=\"vertical-align: inherit;\"><span dir=\"auto\" style=\"vertical-align: inherit;\">Exterior y forro: 100% poli\u00e9ster reciclado &#8211; Relleno: plum\u00f3n 100% poli\u00e9ster<\/span><\/span><\/span><\/span><\/span><\/span><\/span><\/span><\/p>\n<p><span dir=\"auto\" style=\"vertical-align: inherit;\"><span dir=\"auto\" style=\"vertical-align: inherit;\"><\/span><\/span><\/p>\n","protected":false},"excerpt":{"rendered":"<p>Abertura y bolsillos laterales con cremallera de nylon tono sobre tono &#8211; Cursor de metal tono sobre tono con tirador de cremallera de tafet\u00e1n tono sobre tono &#8211; Cuello alto &#8211; Bajo y sisas con bordes el\u00e1sticos tono sobre tono &#8211; Bolsa para guardar la prenda Exterior y forro: 100% poli\u00e9ster reciclado &#8211; Relleno: plum\u00f3n [&hellip;]<\/p>\n","protected":false},"featured_media":18756,"template":"","meta":[],"product_brand":[26],"product_cat":[1003,585],"product_tag":[],"class_list":{"0":"post-18753","1":"product","2":"type-product","3":"status-publish","4":"has-post-thumbnail","6":"product_brand-sols","7":"product_cat-cazadora-y-parka","8":"product_cat-textil","9":"pa_color-french-marino","10":"pa_color-negro","11":"pa_ficha-tecnica-https-mcprod-sologroup-paris-com-default-pdfpublication-pdf-product-sku-04446-store-21-type-template_map","12":"pa_genero-nino","13":"pa_talla-04a","14":"pa_talla-06a","15":"pa_talla-08a","16":"pa_talla-10a","17":"pa_talla-12a","18":"pa_talla-14a","20":"first","21":"instock","22":"purchasable","23":"product-type-variable","24":"wvs-archive-product-wrapper"},"_links":{"self":[{"href":"https:\/\/imprentaametros.com\/es\/wp-json\/wp\/v2\/product\/18753","targetHints":{"allow":["GET"]}}],"collection":[{"href":"https:\/\/imprentaametros.com\/es\/wp-json\/wp\/v2\/product"}],"about":[{"href":"https:\/\/imprentaametros.com\/es\/wp-json\/wp\/v2\/types\/product"}],"version-history":[{"count":1,"href":"https:\/\/imprentaametros.com\/es\/wp-json\/wp\/v2\/product\/18753\/revisions"}],"predecessor-version":[{"id":18754,"href":"https:\/\/imprentaametros.com\/es\/wp-json\/wp\/v2\/product\/18753\/revisions\/18754"}],"wp:featuredmedia":[{"embeddable":true,"href":"https:\/\/imprentaametros.com\/es\/wp-json\/wp\/v2\/media\/18756"}],"wp:attachment":[{"href":"https:\/\/imprentaametros.com\/es\/wp-json\/wp\/v2\/media?parent=18753"}],"wp:term":[{"taxonomy":"product_brand","embeddable":true,"href":"https:\/\/imprentaametros.com\/es\/wp-json\/wp\/v2\/product_brand?post=18753"},{"taxonomy":"product_cat","embeddable":true,"href":"https:\/\/imprentaametros.com\/es\/wp-json\/wp\/v2\/product_cat?post=18753"},{"taxonomy":"product_tag","embeddable":true,"href":"https:\/\/imprentaametros.com\/es\/wp-json\/wp\/v2\/product_tag?post=18753"}],"curies":[{"name":"wp","href":"https:\/\/api.w.org\/{rel}","templated":true}]}}