{"id":18606,"date":"2026-02-18T08:38:45","date_gmt":"2026-02-18T08:38:45","guid":{"rendered":"https:\/\/imprentaametroshighs4120.live-website.com\/tienda\/sin%20categor\u00eda\/sols-noah\/"},"modified":"2026-02-21T09:17:03","modified_gmt":"2026-02-21T09:17:03","slug":"sols-noah","status":"publish","type":"product","link":"https:\/\/imprentaametros.com\/es\/tienda\/textil\/cazadora-y-parka\/sols-noah\/","title":{"rendered":"SOL&#8217;S NOAH"},"content":{"rendered":"<p><span dir=\"auto\" style=\"vertical-align: inherit;\"><span dir=\"auto\" style=\"vertical-align: inherit;\"><span dir=\"auto\" style=\"vertical-align: inherit;\"><span dir=\"auto\" style=\"vertical-align: inherit;\"><span dir=\"auto\" style=\"vertical-align: inherit;\"><span dir=\"auto\" style=\"vertical-align: inherit;\"><span dir=\"auto\" style=\"vertical-align: inherit;\"><span dir=\"auto\" style=\"vertical-align: inherit;\">Existe en 3 dise\u00f1os a cuadros diferentes &#8211; Abertura principal abotonada &#8211; Cuello camisa &#8211; Bolsillos laterales &#8211; 2 bolsillos de parche en el pecho, abotonados &#8211; Pu\u00f1os abotonados con una abertura &#8211; Bolsillo interior en el pecho en el lado del coraz\u00f3n con cierre Velcro &#8211; Forro acolchado &#8211; Cremallera interior bajo del dorso para la personalizaci\u00f3n &#8211; Dorso alargado y corte c\u00f3modo<\/span><\/span><\/span><\/span><\/span><\/span><\/span><\/span><\/p>\n<p><span dir=\"auto\" style=\"vertical-align: inherit;\"><span dir=\"auto\" style=\"vertical-align: inherit;\"><span dir=\"auto\" style=\"vertical-align: inherit;\"><span dir=\"auto\" style=\"vertical-align: inherit;\"><span dir=\"auto\" style=\"vertical-align: inherit;\"><span dir=\"auto\" style=\"vertical-align: inherit;\"><span dir=\"auto\" style=\"vertical-align: inherit;\"><span dir=\"auto\" style=\"vertical-align: inherit;\">Exterior: franela 100% algod\u00f3n\u00a0 &#8211; Interior: tafet\u00e1n 100% poli\u00e9ster reciclado 210T<\/span><\/span><\/span><\/span><\/span><\/span><\/span><\/span><\/p>\n<p><span dir=\"auto\" style=\"vertical-align: inherit;\"><span dir=\"auto\" style=\"vertical-align: inherit;\"><\/span><\/span><\/p>\n","protected":false},"excerpt":{"rendered":"<p>Existe en 3 dise\u00f1os a cuadros diferentes &#8211; Abertura principal abotonada &#8211; Cuello camisa &#8211; Bolsillos laterales &#8211; 2 bolsillos de parche en el pecho, abotonados &#8211; Pu\u00f1os abotonados con una abertura &#8211; Bolsillo interior en el pecho en el lado del coraz\u00f3n con cierre Velcro &#8211; Forro acolchado &#8211; Cremallera interior bajo del dorso [&hellip;]<\/p>\n","protected":false},"featured_media":18609,"template":"","meta":[],"product_brand":[26],"product_cat":[1003,585],"product_tag":[],"class_list":{"0":"post-18606","1":"product","2":"type-product","3":"status-publish","4":"has-post-thumbnail","6":"product_brand-sols","7":"product_cat-cazadora-y-parka","8":"product_cat-textil","9":"pa_color-azul-royal","10":"pa_color-burdeos-medio","11":"pa_color-verde-imperio","12":"pa_ficha-tecnica-https-mcprod-sologroup-paris-com-default-pdfpublication-pdf-product-sku-03989-store-21-type-template_map","13":"pa_genero-unisex","14":"pa_talla-55","15":"pa_talla-56","16":"pa_talla-57","18":"first","19":"instock","20":"purchasable","21":"product-type-variable","22":"wvs-archive-product-wrapper"},"_links":{"self":[{"href":"https:\/\/imprentaametros.com\/es\/wp-json\/wp\/v2\/product\/18606","targetHints":{"allow":["GET"]}}],"collection":[{"href":"https:\/\/imprentaametros.com\/es\/wp-json\/wp\/v2\/product"}],"about":[{"href":"https:\/\/imprentaametros.com\/es\/wp-json\/wp\/v2\/types\/product"}],"version-history":[{"count":1,"href":"https:\/\/imprentaametros.com\/es\/wp-json\/wp\/v2\/product\/18606\/revisions"}],"predecessor-version":[{"id":18607,"href":"https:\/\/imprentaametros.com\/es\/wp-json\/wp\/v2\/product\/18606\/revisions\/18607"}],"wp:featuredmedia":[{"embeddable":true,"href":"https:\/\/imprentaametros.com\/es\/wp-json\/wp\/v2\/media\/18609"}],"wp:attachment":[{"href":"https:\/\/imprentaametros.com\/es\/wp-json\/wp\/v2\/media?parent=18606"}],"wp:term":[{"taxonomy":"product_brand","embeddable":true,"href":"https:\/\/imprentaametros.com\/es\/wp-json\/wp\/v2\/product_brand?post=18606"},{"taxonomy":"product_cat","embeddable":true,"href":"https:\/\/imprentaametros.com\/es\/wp-json\/wp\/v2\/product_cat?post=18606"},{"taxonomy":"product_tag","embeddable":true,"href":"https:\/\/imprentaametros.com\/es\/wp-json\/wp\/v2\/product_tag?post=18606"}],"curies":[{"name":"wp","href":"https:\/\/api.w.org\/{rel}","templated":true}]}}