{"id":18473,"date":"2026-02-18T08:35:26","date_gmt":"2026-02-18T08:35:26","guid":{"rendered":"https:\/\/imprentaametroshighs4120.live-website.com\/tienda\/sin%20categor\u00eda\/sols-wilson-men\/"},"modified":"2026-02-21T09:17:05","modified_gmt":"2026-02-21T09:17:05","slug":"sols-wilson-men","status":"publish","type":"product","link":"https:\/\/imprentaametros.com\/es\/tienda\/textil\/cazadora-y-parka\/sols-wilson-men\/","title":{"rendered":"SOL&#8217;S WILSON MEN"},"content":{"rendered":"<p><span dir=\"auto\" style=\"vertical-align: inherit;\"><span dir=\"auto\" style=\"vertical-align: inherit;\"><span dir=\"auto\" style=\"vertical-align: inherit;\"><span dir=\"auto\" style=\"vertical-align: inherit;\"><span dir=\"auto\" style=\"vertical-align: inherit;\"><span dir=\"auto\" style=\"vertical-align: inherit;\"><span dir=\"auto\" style=\"vertical-align: inherit;\"><span dir=\"auto\" style=\"vertical-align: inherit;\">Abertura con cremallera &#8211; 2 bolsillos delanteros con cremallera\u00a0 &#8211; 2 bolsillos interiores\u00a0 &#8211; Peque\u00f1o cuello alto &#8211; Corte ce\u00f1ido\u00a0 &#8211; Sistema de doblado \u00abin bag\u00bb con topesA partir de ahora, el relleno de la SOL&#8217;S WILSON\u00a0est\u00e1 compuesto por un 60% de Sorona\u00ae y un 40% de poli\u00e9ster reciclado. &#8211; \u00bfQu\u00e9 es Sorona\u00ae? &#8211; Sorona\u00ae es una mezcla de fibras de ma\u00edz y poli\u00e9ster reciclado, \u00a1incluso m\u00e1s aislante que la pluma y el plum\u00f3n! &#8211; Esta mezcla aporta un verdadero plus de eco-responsabilidad con la presencia de estas fibras renovables y de origen biol\u00f3gico y del poli\u00e9ster reciclado, conservando las propiedades aislantes de la pluma y el plum\u00f3n. &#8211; Sin plumas ni plum\u00f3n, esta modificaci\u00f3n tambi\u00e9n significa que este producto est\u00e1 ahora certificado como vegano por PETA.<\/span><\/span><\/span><\/span><\/span><\/span><\/span><\/span><\/p>\n<p><span dir=\"auto\" style=\"vertical-align: inherit;\"><span dir=\"auto\" style=\"vertical-align: inherit;\"><span dir=\"auto\" style=\"vertical-align: inherit;\"><span dir=\"auto\" style=\"vertical-align: inherit;\"><span dir=\"auto\" style=\"vertical-align: inherit;\"><span dir=\"auto\" style=\"vertical-align: inherit;\"><span dir=\"auto\" style=\"vertical-align: inherit;\"><span dir=\"auto\" style=\"vertical-align: inherit;\">Tejido exterior y forro: 100% poliamida. &#8211; Relleno (tenga en cuenta que estamos en proceso de transici\u00f3n de las existencias): 90% de plum\u00f3n y 10% de pluma hasta agotar existencias. A continuaci\u00f3n, la transici\u00f3n a un 60% de Sorona 40% de poli\u00e9ster reciclado.<\/span><\/span><\/span><\/span><\/span><\/span><\/span><\/span><\/p>\n<p><span dir=\"auto\" style=\"vertical-align: inherit;\"><span dir=\"auto\" style=\"vertical-align: inherit;\"><\/span><\/span><\/p>\n","protected":false},"excerpt":{"rendered":"<p>Abertura con cremallera &#8211; 2 bolsillos delanteros con cremallera\u00a0 &#8211; 2 bolsillos interiores\u00a0 &#8211; Peque\u00f1o cuello alto &#8211; Corte ce\u00f1ido\u00a0 &#8211; Sistema de doblado \u00abin bag\u00bb con topesA partir de ahora, el relleno de la SOL&#8217;S WILSON\u00a0est\u00e1 compuesto por un 60% de Sorona\u00ae y un 40% de poli\u00e9ster reciclado. &#8211; \u00bfQu\u00e9 es Sorona\u00ae? &#8211; Sorona\u00ae [&hellip;]<\/p>\n","protected":false},"featured_media":18476,"template":"","meta":[],"product_brand":[26],"product_cat":[1003,585],"product_tag":[],"class_list":{"0":"post-18473","1":"product","2":"type-product","3":"status-publish","4":"has-post-thumbnail","6":"product_brand-sols","7":"product_cat-cazadora-y-parka","8":"product_cat-textil","9":"pa_color-azul-royal","10":"pa_color-french-marino","11":"pa_color-gris-metalico","12":"pa_color-negro","13":"pa_ficha-tecnica-https-mcprod-sologroup-paris-com-default-pdfpublication-pdf-product-sku-02898-store-21-type-template_map","14":"pa_genero-hombre","15":"pa_talla-3xl","16":"pa_talla-l","17":"pa_talla-m","18":"pa_talla-s","19":"pa_talla-xl","20":"pa_talla-xxl","22":"first","23":"instock","24":"purchasable","25":"product-type-variable","26":"wvs-archive-product-wrapper"},"_links":{"self":[{"href":"https:\/\/imprentaametros.com\/es\/wp-json\/wp\/v2\/product\/18473","targetHints":{"allow":["GET"]}}],"collection":[{"href":"https:\/\/imprentaametros.com\/es\/wp-json\/wp\/v2\/product"}],"about":[{"href":"https:\/\/imprentaametros.com\/es\/wp-json\/wp\/v2\/types\/product"}],"version-history":[{"count":1,"href":"https:\/\/imprentaametros.com\/es\/wp-json\/wp\/v2\/product\/18473\/revisions"}],"predecessor-version":[{"id":18474,"href":"https:\/\/imprentaametros.com\/es\/wp-json\/wp\/v2\/product\/18473\/revisions\/18474"}],"wp:featuredmedia":[{"embeddable":true,"href":"https:\/\/imprentaametros.com\/es\/wp-json\/wp\/v2\/media\/18476"}],"wp:attachment":[{"href":"https:\/\/imprentaametros.com\/es\/wp-json\/wp\/v2\/media?parent=18473"}],"wp:term":[{"taxonomy":"product_brand","embeddable":true,"href":"https:\/\/imprentaametros.com\/es\/wp-json\/wp\/v2\/product_brand?post=18473"},{"taxonomy":"product_cat","embeddable":true,"href":"https:\/\/imprentaametros.com\/es\/wp-json\/wp\/v2\/product_cat?post=18473"},{"taxonomy":"product_tag","embeddable":true,"href":"https:\/\/imprentaametros.com\/es\/wp-json\/wp\/v2\/product_tag?post=18473"}],"curies":[{"name":"wp","href":"https:\/\/api.w.org\/{rel}","templated":true}]}}