{"id":18205,"date":"2026-02-18T07:54:58","date_gmt":"2026-02-18T07:54:58","guid":{"rendered":"https:\/\/imprentaametroshighs4120.live-website.com\/tienda\/sin%20categor\u00eda\/sols-urban\/"},"modified":"2026-02-21T09:17:10","modified_gmt":"2026-02-21T09:17:10","slug":"sols-urban","status":"publish","type":"product","link":"https:\/\/imprentaametros.com\/es\/tienda\/textil\/bolsas\/sols-urban\/","title":{"rendered":"SOL&#8217;S URBAN"},"content":{"rendered":"<p><span dir=\"auto\" style=\"vertical-align: inherit;\"><span dir=\"auto\" style=\"vertical-align: inherit;\"><span dir=\"auto\" style=\"vertical-align: inherit;\"><span dir=\"auto\" style=\"vertical-align: inherit;\"><span dir=\"auto\" style=\"vertical-align: inherit;\"><span dir=\"auto\" style=\"vertical-align: inherit;\"><span dir=\"auto\" style=\"vertical-align: inherit;\"><span dir=\"auto\" style=\"vertical-align: inherit;\">\u00c1ngulos frontales reforzados con aberturas &#8211; Cordeles de ajuste Mochila perfecta para las campa\u00f1as masivas con una amplia superficie para la personalizaci\u00f3n y un amplio abanico de colores.<\/span><\/span><\/span><\/span><\/span><\/span><\/span><\/span><\/p>\n<p><span dir=\"auto\" style=\"vertical-align: inherit;\"><span dir=\"auto\" style=\"vertical-align: inherit;\"><span dir=\"auto\" style=\"vertical-align: inherit;\"><span dir=\"auto\" style=\"vertical-align: inherit;\"><span dir=\"auto\" style=\"vertical-align: inherit;\"><span dir=\"auto\" style=\"vertical-align: inherit;\"><span dir=\"auto\" style=\"vertical-align: inherit;\"><span dir=\"auto\" style=\"vertical-align: inherit;\">100% poli\u00e9ster<\/span><\/span><\/span><\/span><\/span><\/span><\/span><\/span><\/p>\n<p><span dir=\"auto\" style=\"vertical-align: inherit;\"><span dir=\"auto\" style=\"vertical-align: inherit;\"><\/span><\/span><\/p>\n","protected":false},"excerpt":{"rendered":"<p>\u00c1ngulos frontales reforzados con aberturas &#8211; Cordeles de ajuste Mochila perfecta para las campa\u00f1as masivas con una amplia superficie para la personalizaci\u00f3n y un amplio abanico de colores. 100% poli\u00e9ster<\/p>\n","protected":false},"featured_media":18208,"template":"","meta":[],"product_brand":[26],"product_cat":[969,585],"product_tag":[],"class_list":{"0":"post-18205","1":"product","2":"type-product","3":"status-publish","4":"has-post-thumbnail","6":"product_brand-sols","7":"product_cat-bolsas","8":"product_cat-textil","9":"pa_color-amarillo","10":"pa_color-aqua","11":"pa_color-azul-cielo","12":"pa_color-azul-royal","13":"pa_color-blanco","14":"pa_color-burdeos","15":"pa_color-camuflaje","16":"pa_color-french-marino","17":"pa_color-grafito","18":"pa_color-gris-puro","19":"pa_color-naranja","20":"pa_color-negro","21":"pa_color-neon-coral","22":"pa_color-purpura","23":"pa_color-rojo","24":"pa_color-rosa-flash","25":"pa_color-verde-manzana","26":"pa_color-verde-pradera","27":"pa_ficha-tecnica-https-mcprod-sologroup-paris-com-default-pdfpublication-pdf-product-sku-70600-store-21-type-template_map","28":"pa_genero-unisex","29":"pa_talla-tun","31":"first","32":"instock","33":"purchasable","34":"product-type-variable","35":"wvs-archive-product-wrapper"},"_links":{"self":[{"href":"https:\/\/imprentaametros.com\/es\/wp-json\/wp\/v2\/product\/18205","targetHints":{"allow":["GET"]}}],"collection":[{"href":"https:\/\/imprentaametros.com\/es\/wp-json\/wp\/v2\/product"}],"about":[{"href":"https:\/\/imprentaametros.com\/es\/wp-json\/wp\/v2\/types\/product"}],"version-history":[{"count":1,"href":"https:\/\/imprentaametros.com\/es\/wp-json\/wp\/v2\/product\/18205\/revisions"}],"predecessor-version":[{"id":18206,"href":"https:\/\/imprentaametros.com\/es\/wp-json\/wp\/v2\/product\/18205\/revisions\/18206"}],"wp:featuredmedia":[{"embeddable":true,"href":"https:\/\/imprentaametros.com\/es\/wp-json\/wp\/v2\/media\/18208"}],"wp:attachment":[{"href":"https:\/\/imprentaametros.com\/es\/wp-json\/wp\/v2\/media?parent=18205"}],"wp:term":[{"taxonomy":"product_brand","embeddable":true,"href":"https:\/\/imprentaametros.com\/es\/wp-json\/wp\/v2\/product_brand?post=18205"},{"taxonomy":"product_cat","embeddable":true,"href":"https:\/\/imprentaametros.com\/es\/wp-json\/wp\/v2\/product_cat?post=18205"},{"taxonomy":"product_tag","embeddable":true,"href":"https:\/\/imprentaametros.com\/es\/wp-json\/wp\/v2\/product_tag?post=18205"}],"curies":[{"name":"wp","href":"https:\/\/api.w.org\/{rel}","templated":true}]}}