{"id":17838,"date":"2026-02-18T07:45:52","date_gmt":"2026-02-18T07:45:52","guid":{"rendered":"https:\/\/imprentaametroshighs4120.live-website.com\/tienda\/sin%20categor\u00eda\/neoblu-charlie\/"},"modified":"2026-02-21T09:17:18","modified_gmt":"2026-02-21T09:17:18","slug":"neoblu-charlie","status":"publish","type":"product","link":"https:\/\/imprentaametros.com\/es\/tienda\/textil\/bolsas\/neoblu-charlie\/","title":{"rendered":"NEOBLU CHARLIE"},"content":{"rendered":"<p><span dir=\"auto\" style=\"vertical-align: inherit;\"><span dir=\"auto\" style=\"vertical-align: inherit;\"><span dir=\"auto\" style=\"vertical-align: inherit;\"><span dir=\"auto\" style=\"vertical-align: inherit;\"><span dir=\"auto\" style=\"vertical-align: inherit;\"><span dir=\"auto\" style=\"vertical-align: inherit;\"><span dir=\"auto\" style=\"vertical-align: inherit;\"><span dir=\"auto\" style=\"vertical-align: inherit;\">Bolso: &#8211; Ciere de cremallera con tirador a tono &#8211; Aberturas delanteras y traseras para tarjetas &#8211; Anilla met\u00e1lica a tono para colgar &#8211;  &#8211; Funda para el tel\u00e9fono: &#8211; Abertura para colocar el tel\u00e9fono (10 x 16 cm) &#8211; Ranura frontal con ventana transparente &#8211; Anilla met\u00e1lica para colgar, tono sobre tono &#8211;  &#8211; Cord\u00f3n extensible: &#8211; Cierra de hebilla metalica a tono &#8211; Llavero met\u00e1lico tono sobre tono &#8211; Hebilla ajustableNEOBLU CHARLIE se convertir\u00e1 r\u00e1pidamente en tu imprescindible. Gracias a este tarjetero, siempre tendr\u00e1 a mano el tel\u00e9fono, las tarjetas de acceso, las tarjetas de pago y la calderilla. Tiene la opci\u00f3n de ajustar la cinta o quedarse solo con los bolsillos que le sean \u00fatiles a diario. Todos los enganches son de metal para garantizar la seguridad de sus pertenencias.<\/span><\/span><\/span><\/span><\/span><\/span><\/span><\/span><\/p>\n<p><span dir=\"auto\" style=\"vertical-align: inherit;\"><span dir=\"auto\" style=\"vertical-align: inherit;\"><span dir=\"auto\" style=\"vertical-align: inherit;\"><span dir=\"auto\" style=\"vertical-align: inherit;\"><span dir=\"auto\" style=\"vertical-align: inherit;\"><span dir=\"auto\" style=\"vertical-align: inherit;\"><span dir=\"auto\" style=\"vertical-align: inherit;\"><span dir=\"auto\" style=\"vertical-align: inherit;\">100% poliuretano &#8211; Forro y cord\u00f3n: 100% poli\u00e9ster reciclado &#8211; Tarjetero y funda de tel\u00e9fono<\/span><\/span><\/span><\/span><\/span><\/span><\/span><\/span><\/p>\n<p><span dir=\"auto\" style=\"vertical-align: inherit;\"><span dir=\"auto\" style=\"vertical-align: inherit;\"><\/span><\/span><\/p>\n","protected":false},"excerpt":{"rendered":"<p>Bolso: &#8211; Ciere de cremallera con tirador a tono &#8211; Aberturas delanteras y traseras para tarjetas &#8211; Anilla met\u00e1lica a tono para colgar &#8211; &#8211; Funda para el tel\u00e9fono: &#8211; Abertura para colocar el tel\u00e9fono (10 x 16 cm) &#8211; Ranura frontal con ventana transparente &#8211; Anilla met\u00e1lica para colgar, tono sobre tono &#8211; &#8211; [&hellip;]<\/p>\n","protected":false},"featured_media":17841,"template":"","meta":[],"product_brand":[70],"product_cat":[969,585],"product_tag":[],"class_list":{"0":"post-17838","1":"product","2":"type-product","3":"status-publish","4":"has-post-thumbnail","6":"product_brand-neoblu","7":"product_cat-bolsas","8":"product_cat-textil","9":"pa_color-negro-profundo","10":"pa_ficha-tecnica-https-mcprod-sologroup-paris-com-default-pdfpublication-pdf-product-sku-03797-store-21-type-template_map","11":"pa_genero-unisex","12":"pa_talla-tun","14":"first","15":"instock","16":"purchasable","17":"product-type-variable","18":"wvs-archive-product-wrapper"},"_links":{"self":[{"href":"https:\/\/imprentaametros.com\/es\/wp-json\/wp\/v2\/product\/17838","targetHints":{"allow":["GET"]}}],"collection":[{"href":"https:\/\/imprentaametros.com\/es\/wp-json\/wp\/v2\/product"}],"about":[{"href":"https:\/\/imprentaametros.com\/es\/wp-json\/wp\/v2\/types\/product"}],"version-history":[{"count":1,"href":"https:\/\/imprentaametros.com\/es\/wp-json\/wp\/v2\/product\/17838\/revisions"}],"predecessor-version":[{"id":17839,"href":"https:\/\/imprentaametros.com\/es\/wp-json\/wp\/v2\/product\/17838\/revisions\/17839"}],"wp:featuredmedia":[{"embeddable":true,"href":"https:\/\/imprentaametros.com\/es\/wp-json\/wp\/v2\/media\/17841"}],"wp:attachment":[{"href":"https:\/\/imprentaametros.com\/es\/wp-json\/wp\/v2\/media?parent=17838"}],"wp:term":[{"taxonomy":"product_brand","embeddable":true,"href":"https:\/\/imprentaametros.com\/es\/wp-json\/wp\/v2\/product_brand?post=17838"},{"taxonomy":"product_cat","embeddable":true,"href":"https:\/\/imprentaametros.com\/es\/wp-json\/wp\/v2\/product_cat?post=17838"},{"taxonomy":"product_tag","embeddable":true,"href":"https:\/\/imprentaametros.com\/es\/wp-json\/wp\/v2\/product_tag?post=17838"}],"curies":[{"name":"wp","href":"https:\/\/api.w.org\/{rel}","templated":true}]}}