{"id":17796,"date":"2026-02-18T07:45:11","date_gmt":"2026-02-18T07:45:11","guid":{"rendered":"https:\/\/imprentaametroshighs4120.live-website.com\/tienda\/sin%20categor\u00eda\/sols-chill\/"},"modified":"2026-02-21T09:17:19","modified_gmt":"2026-02-21T09:17:19","slug":"sols-chill","status":"publish","type":"product","link":"https:\/\/imprentaametros.com\/es\/tienda\/textil\/bolsas\/sols-chill\/","title":{"rendered":"SOL&#8217;S CHILL"},"content":{"rendered":"<p><span dir=\"auto\" style=\"vertical-align: inherit;\"><span dir=\"auto\" style=\"vertical-align: inherit;\"><span dir=\"auto\" style=\"vertical-align: inherit;\"><span dir=\"auto\" style=\"vertical-align: inherit;\"><span dir=\"auto\" style=\"vertical-align: inherit;\"><span dir=\"auto\" style=\"vertical-align: inherit;\"><span dir=\"auto\" style=\"vertical-align: inherit;\"><span dir=\"auto\" style=\"vertical-align: inherit;\">Denim crudo &#8211; Cord\u00f3n ajustable &#8211; Lavar con colores similares &#8211; Lavar antes del primer uso<\/span><\/span><\/span><\/span><\/span><\/span><\/span><\/span><\/p>\n<p><span dir=\"auto\" style=\"vertical-align: inherit;\"><span dir=\"auto\" style=\"vertical-align: inherit;\"><span dir=\"auto\" style=\"vertical-align: inherit;\"><span dir=\"auto\" style=\"vertical-align: inherit;\"><span dir=\"auto\" style=\"vertical-align: inherit;\"><span dir=\"auto\" style=\"vertical-align: inherit;\"><span dir=\"auto\" style=\"vertical-align: inherit;\"><span dir=\"auto\" style=\"vertical-align: inherit;\">70% algod\u00f3n &#8211; 30% poli\u00e9ster<\/span><\/span><\/span><\/span><\/span><\/span><\/span><\/span><\/p>\n<p><span dir=\"auto\" style=\"vertical-align: inherit;\"><span dir=\"auto\" style=\"vertical-align: inherit;\"><\/span><\/span><\/p>\n","protected":false},"excerpt":{"rendered":"<p>Denim crudo &#8211; Cord\u00f3n ajustable &#8211; Lavar con colores similares &#8211; Lavar antes del primer uso 70% algod\u00f3n &#8211; 30% poli\u00e9ster<\/p>\n","protected":false},"featured_media":17799,"template":"","meta":[],"product_brand":[26],"product_cat":[969,585],"product_tag":[],"class_list":{"0":"post-17796","1":"product","2":"type-product","3":"status-publish","4":"has-post-thumbnail","6":"product_brand-sols","7":"product_cat-bolsas","8":"product_cat-textil","9":"pa_color-brut-denim","10":"pa_ficha-tecnica-https-mcprod-sologroup-paris-com-default-pdfpublication-pdf-product-sku-02111-store-21-type-template_map","11":"pa_genero-unisex","12":"pa_talla-tun","14":"first","15":"instock","16":"purchasable","17":"product-type-variable","18":"wvs-archive-product-wrapper"},"_links":{"self":[{"href":"https:\/\/imprentaametros.com\/es\/wp-json\/wp\/v2\/product\/17796","targetHints":{"allow":["GET"]}}],"collection":[{"href":"https:\/\/imprentaametros.com\/es\/wp-json\/wp\/v2\/product"}],"about":[{"href":"https:\/\/imprentaametros.com\/es\/wp-json\/wp\/v2\/types\/product"}],"version-history":[{"count":1,"href":"https:\/\/imprentaametros.com\/es\/wp-json\/wp\/v2\/product\/17796\/revisions"}],"predecessor-version":[{"id":17797,"href":"https:\/\/imprentaametros.com\/es\/wp-json\/wp\/v2\/product\/17796\/revisions\/17797"}],"wp:featuredmedia":[{"embeddable":true,"href":"https:\/\/imprentaametros.com\/es\/wp-json\/wp\/v2\/media\/17799"}],"wp:attachment":[{"href":"https:\/\/imprentaametros.com\/es\/wp-json\/wp\/v2\/media?parent=17796"}],"wp:term":[{"taxonomy":"product_brand","embeddable":true,"href":"https:\/\/imprentaametros.com\/es\/wp-json\/wp\/v2\/product_brand?post=17796"},{"taxonomy":"product_cat","embeddable":true,"href":"https:\/\/imprentaametros.com\/es\/wp-json\/wp\/v2\/product_cat?post=17796"},{"taxonomy":"product_tag","embeddable":true,"href":"https:\/\/imprentaametros.com\/es\/wp-json\/wp\/v2\/product_tag?post=17796"}],"curies":[{"name":"wp","href":"https:\/\/api.w.org\/{rel}","templated":true}]}}