{"id":17658,"date":"2026-02-17T18:29:04","date_gmt":"2026-02-17T18:29:04","guid":{"rendered":"https:\/\/imprentaametroshighs4120.live-website.com\/tienda\/sin%20categor\u00eda\/sols-jupiter-pro\/"},"modified":"2026-02-25T17:16:37","modified_gmt":"2026-02-25T17:16:37","slug":"sols-jupiter-pro","status":"publish","type":"product","link":"https:\/\/imprentaametros.com\/es\/tienda\/textil\/pantalones\/sols-jupiter-pro\/","title":{"rendered":"SOL&#8217;S JUPITER PRO"},"content":{"rendered":"<p><span dir=\"auto\" style=\"vertical-align: inherit;\"><span dir=\"auto\" style=\"vertical-align: inherit;\"><span dir=\"auto\" style=\"vertical-align: inherit;\"><span dir=\"auto\" style=\"vertical-align: inherit;\"><span dir=\"auto\" style=\"vertical-align: inherit;\"><span dir=\"auto\" style=\"vertical-align: inherit;\"><span dir=\"auto\" style=\"vertical-align: inherit;\"><span dir=\"auto\" style=\"vertical-align: inherit;\">Cuello recto redondo &#8211; 6 bolsillos &#8211; Cremallera doble inyectada blanca &#8211; Cintura con el\u00e1stico en la espalda &#8211; Refuerzos en la parte posteriorMono dotado de doble cremallera y m\u00faltiples bolsillos<\/span><\/span><\/span><\/span><\/span><\/span><\/span><\/span><\/p>\n<p><span dir=\"auto\" style=\"vertical-align: inherit;\"><span dir=\"auto\" style=\"vertical-align: inherit;\"><span dir=\"auto\" style=\"vertical-align: inherit;\"><span dir=\"auto\" style=\"vertical-align: inherit;\"><span dir=\"auto\" style=\"vertical-align: inherit;\"><span dir=\"auto\" style=\"vertical-align: inherit;\"><span dir=\"auto\" style=\"vertical-align: inherit;\"><span dir=\"auto\" style=\"vertical-align: inherit;\">65% poli\u00e9ster &#8211; 35% algod\u00f3n<\/span><\/span><\/span><\/span><\/span><\/span><\/span><\/span><\/p>\n<p><span dir=\"auto\" style=\"vertical-align: inherit;\"><span dir=\"auto\" style=\"vertical-align: inherit;\"><\/span><\/span><\/p>\n","protected":false},"excerpt":{"rendered":"<p>Cuello recto redondo &#8211; 6 bolsillos &#8211; Cremallera doble inyectada blanca &#8211; Cintura con el\u00e1stico en la espalda &#8211; Refuerzos en la parte posteriorMono dotado de doble cremallera y m\u00faltiples bolsillos 65% poli\u00e9ster &#8211; 35% algod\u00f3n<\/p>\n","protected":false},"featured_media":17661,"template":"","meta":[],"product_brand":[26],"product_cat":[599,585],"product_tag":[],"class_list":{"0":"post-17658","1":"product","2":"type-product","3":"status-publish","4":"has-post-thumbnail","6":"product_brand-sols","7":"product_cat-pantalones","8":"product_cat-textil","9":"pa_color-coral","10":"pa_color-folk-rojo","11":"pa_ficha-tecnica-923","12":"pa_genero-pantalones","13":"pa_talla-3xl","14":"pa_talla-4xl","15":"pa_talla-l","16":"pa_talla-m","17":"pa_talla-s","18":"pa_talla-xl","19":"pa_talla-xxl","21":"first","22":"instock","23":"purchasable","24":"product-type-variable","25":"wvs-archive-product-wrapper"},"_links":{"self":[{"href":"https:\/\/imprentaametros.com\/es\/wp-json\/wp\/v2\/product\/17658","targetHints":{"allow":["GET"]}}],"collection":[{"href":"https:\/\/imprentaametros.com\/es\/wp-json\/wp\/v2\/product"}],"about":[{"href":"https:\/\/imprentaametros.com\/es\/wp-json\/wp\/v2\/types\/product"}],"version-history":[{"count":1,"href":"https:\/\/imprentaametros.com\/es\/wp-json\/wp\/v2\/product\/17658\/revisions"}],"predecessor-version":[{"id":17659,"href":"https:\/\/imprentaametros.com\/es\/wp-json\/wp\/v2\/product\/17658\/revisions\/17659"}],"wp:featuredmedia":[{"embeddable":true,"href":"https:\/\/imprentaametros.com\/es\/wp-json\/wp\/v2\/media\/17661"}],"wp:attachment":[{"href":"https:\/\/imprentaametros.com\/es\/wp-json\/wp\/v2\/media?parent=17658"}],"wp:term":[{"taxonomy":"product_brand","embeddable":true,"href":"https:\/\/imprentaametros.com\/es\/wp-json\/wp\/v2\/product_brand?post=17658"},{"taxonomy":"product_cat","embeddable":true,"href":"https:\/\/imprentaametros.com\/es\/wp-json\/wp\/v2\/product_cat?post=17658"},{"taxonomy":"product_tag","embeddable":true,"href":"https:\/\/imprentaametros.com\/es\/wp-json\/wp\/v2\/product_tag?post=17658"}],"curies":[{"name":"wp","href":"https:\/\/api.w.org\/{rel}","templated":true}]}}