{"id":17543,"date":"2026-02-17T18:27:09","date_gmt":"2026-02-17T18:27:09","guid":{"rendered":"https:\/\/imprentaametroshighs4120.live-website.com\/tienda\/sin%20categor\u00eda\/sols-docker\/"},"modified":"2026-02-21T09:17:26","modified_gmt":"2026-02-21T09:17:26","slug":"sols-docker","status":"publish","type":"product","link":"https:\/\/imprentaametros.com\/es\/tienda\/textil\/pantalones\/sols-docker\/","title":{"rendered":"SOL&#8217;S DOCKER"},"content":{"rendered":"<p><span dir=\"auto\" style=\"vertical-align: inherit;\"><span dir=\"auto\" style=\"vertical-align: inherit;\"><span dir=\"auto\" style=\"vertical-align: inherit;\"><span dir=\"auto\" style=\"vertical-align: inherit;\"><span dir=\"auto\" style=\"vertical-align: inherit;\"><span dir=\"auto\" style=\"vertical-align: inherit;\"><span dir=\"auto\" style=\"vertical-align: inherit;\"><span dir=\"auto\" style=\"vertical-align: inherit;\">Bragueta con cremallera y bot\u00f3n met\u00e1lico &#8211; Cintura el\u00e1stica con trabillas reforzadas &#8211; 2 bolsillos laterales italianos &#8211; 1 bolsillo de parche con cierre de cremallera en la pierna izquierda &#8211; 2 bolsillos laterales de parche con solapas y botones de presi\u00f3n &#8211; 2 bolsillos traseros con ojal &#8211; 1 bolsillo para billetes &#8211; Corte moderno<\/span><\/span><\/span><\/span><\/span><\/span><\/span><\/span><\/p>\n<p><span dir=\"auto\" style=\"vertical-align: inherit;\"><span dir=\"auto\" style=\"vertical-align: inherit;\"><span dir=\"auto\" style=\"vertical-align: inherit;\"><span dir=\"auto\" style=\"vertical-align: inherit;\"><span dir=\"auto\" style=\"vertical-align: inherit;\"><span dir=\"auto\" style=\"vertical-align: inherit;\"><span dir=\"auto\" style=\"vertical-align: inherit;\"><span dir=\"auto\" style=\"vertical-align: inherit;\">98% algod\u00f3n &#8211; 2% elastano<\/span><\/span><\/span><\/span><\/span><\/span><\/span><\/span><\/p>\n<p><span dir=\"auto\" style=\"vertical-align: inherit;\"><span dir=\"auto\" style=\"vertical-align: inherit;\"><\/span><\/span><\/p>\n","protected":false},"excerpt":{"rendered":"<p>Bragueta con cremallera y bot\u00f3n met\u00e1lico &#8211; Cintura el\u00e1stica con trabillas reforzadas &#8211; 2 bolsillos laterales italianos &#8211; 1 bolsillo de parche con cierre de cremallera en la pierna izquierda &#8211; 2 bolsillos laterales de parche con solapas y botones de presi\u00f3n &#8211; 2 bolsillos traseros con ojal &#8211; 1 bolsillo para billetes &#8211; Corte [&hellip;]<\/p>\n","protected":false},"featured_media":17546,"template":"","meta":[],"product_brand":[26],"product_cat":[599,585],"product_tag":[],"class_list":{"0":"post-17543","1":"product","2":"type-product","3":"status-publish","4":"has-post-thumbnail","6":"product_brand-sols","7":"product_cat-pantalones","8":"product_cat-textil","9":"pa_color-gris-oscuro","10":"pa_color-negro","11":"pa_color-pro-azul-marino","12":"pa_color-verde-bosque","13":"pa_ficha-tecnica-bangladesh","14":"pa_genero-hombre","15":"pa_talla-56","16":"pa_talla-597","17":"pa_talla-600","18":"pa_talla-601","19":"pa_talla-602","20":"pa_talla-36","21":"pa_talla-603","22":"pa_talla-604","23":"pa_talla-605","24":"pa_talla-606","25":"pa_talla-918","26":"pa_talla-919","27":"pa_talla-920","28":"pa_talla-921","30":"first","31":"instock","32":"purchasable","33":"product-type-variable","34":"wvs-archive-product-wrapper"},"_links":{"self":[{"href":"https:\/\/imprentaametros.com\/es\/wp-json\/wp\/v2\/product\/17543","targetHints":{"allow":["GET"]}}],"collection":[{"href":"https:\/\/imprentaametros.com\/es\/wp-json\/wp\/v2\/product"}],"about":[{"href":"https:\/\/imprentaametros.com\/es\/wp-json\/wp\/v2\/types\/product"}],"version-history":[{"count":1,"href":"https:\/\/imprentaametros.com\/es\/wp-json\/wp\/v2\/product\/17543\/revisions"}],"predecessor-version":[{"id":17544,"href":"https:\/\/imprentaametros.com\/es\/wp-json\/wp\/v2\/product\/17543\/revisions\/17544"}],"wp:featuredmedia":[{"embeddable":true,"href":"https:\/\/imprentaametros.com\/es\/wp-json\/wp\/v2\/media\/17546"}],"wp:attachment":[{"href":"https:\/\/imprentaametros.com\/es\/wp-json\/wp\/v2\/media?parent=17543"}],"wp:term":[{"taxonomy":"product_brand","embeddable":true,"href":"https:\/\/imprentaametros.com\/es\/wp-json\/wp\/v2\/product_brand?post=17543"},{"taxonomy":"product_cat","embeddable":true,"href":"https:\/\/imprentaametros.com\/es\/wp-json\/wp\/v2\/product_cat?post=17543"},{"taxonomy":"product_tag","embeddable":true,"href":"https:\/\/imprentaametros.com\/es\/wp-json\/wp\/v2\/product_tag?post=17543"}],"curies":[{"name":"wp","href":"https:\/\/api.w.org\/{rel}","templated":true}]}}