{"id":17343,"date":"2026-02-17T18:21:58","date_gmt":"2026-02-17T18:21:58","guid":{"rendered":"https:\/\/imprentaametroshighs4120.live-website.com\/tienda\/sin%20categor\u00eda\/neoblu-gaspard-women\/"},"modified":"2026-02-25T17:16:48","modified_gmt":"2026-02-25T17:16:48","slug":"neoblu-gaspard-women","status":"publish","type":"product","link":"https:\/\/imprentaametros.com\/es\/tienda\/textil\/pantalones\/neoblu-gaspard-women\/","title":{"rendered":"NEOBLU GASPARD WOMEN"},"content":{"rendered":"<p><span dir=\"auto\" style=\"vertical-align: inherit;\"><span dir=\"auto\" style=\"vertical-align: inherit;\"><span dir=\"auto\" style=\"vertical-align: inherit;\"><span dir=\"auto\" style=\"vertical-align: inherit;\"><span dir=\"auto\" style=\"vertical-align: inherit;\"><span dir=\"auto\" style=\"vertical-align: inherit;\"><span dir=\"auto\" style=\"vertical-align: inherit;\"><span dir=\"auto\" style=\"vertical-align: inherit;\">Cierre con cremallera y bot\u00f3n &#8211; Trabillas para el cintur\u00f3n &#8211; Estilo de 5 bolsillos &#8211; 2 bolsillos delanteros y uno peque\u00f1o &#8211; 2 bolsillos traseros de parche &#8211; Botones y remaches de metal mate El aut\u00e9ntico vaquero en versi\u00f3n el\u00e1stica: talle semialto y pierna \u00abslim\u00bb<\/span><\/span><\/span><\/span><\/span><\/span><\/span><\/span><\/p>\n<p><span dir=\"auto\" style=\"vertical-align: inherit;\"><span dir=\"auto\" style=\"vertical-align: inherit;\"><span dir=\"auto\" style=\"vertical-align: inherit;\"><span dir=\"auto\" style=\"vertical-align: inherit;\"><span dir=\"auto\" style=\"vertical-align: inherit;\"><span dir=\"auto\" style=\"vertical-align: inherit;\"><span dir=\"auto\" style=\"vertical-align: inherit;\"><span dir=\"auto\" style=\"vertical-align: inherit;\">309<\/span><\/span><\/span><\/span><\/span><\/span><\/span><\/span><\/p>\n<p><span dir=\"auto\" style=\"vertical-align: inherit;\"><span dir=\"auto\" style=\"vertical-align: inherit;\"><\/span><\/span><\/p>\n","protected":false},"excerpt":{"rendered":"<p>Cierre con cremallera y bot\u00f3n &#8211; Trabillas para el cintur\u00f3n &#8211; Estilo de 5 bolsillos &#8211; 2 bolsillos delanteros y uno peque\u00f1o &#8211; 2 bolsillos traseros de parche &#8211; Botones y remaches de metal mate El aut\u00e9ntico vaquero en versi\u00f3n el\u00e1stica: talle semialto y pierna \u00abslim\u00bb 309<\/p>\n","protected":false},"featured_media":17346,"template":"","meta":[],"product_brand":[70],"product_cat":[599],"product_tag":[],"class_list":{"0":"post-17343","1":"product","2":"type-product","3":"status-publish","4":"has-post-thumbnail","6":"product_brand-neoblu","7":"product_cat-pantalones","8":"pa_color-blanco-gris-mezcla","9":"pa_color-naranja","10":"pa_color-verde-flash","11":"pa_color-verde-pradera","12":"pa_ficha-tecnica-859","13":"pa_ficha-tecnica-867","14":"pa_ficha-tecnica-861","15":"pa_ficha-tecnica-868","16":"pa_ficha-tecnica-862","17":"pa_ficha-tecnica-869","18":"pa_ficha-tecnica-863","19":"pa_ficha-tecnica-870","20":"pa_ficha-tecnica-864","21":"pa_ficha-tecnica-871","22":"pa_ficha-tecnica-865","23":"pa_ficha-tecnica-872","24":"pa_ficha-tecnica-866","25":"pa_ficha-tecnica-873","26":"pa_genero-para-un-look-informal-y-elegante","27":"pa_talla-pantalones","29":"first","30":"instock","31":"purchasable","32":"product-type-variable","33":"wvs-archive-product-wrapper"},"_links":{"self":[{"href":"https:\/\/imprentaametros.com\/es\/wp-json\/wp\/v2\/product\/17343","targetHints":{"allow":["GET"]}}],"collection":[{"href":"https:\/\/imprentaametros.com\/es\/wp-json\/wp\/v2\/product"}],"about":[{"href":"https:\/\/imprentaametros.com\/es\/wp-json\/wp\/v2\/types\/product"}],"version-history":[{"count":1,"href":"https:\/\/imprentaametros.com\/es\/wp-json\/wp\/v2\/product\/17343\/revisions"}],"predecessor-version":[{"id":17344,"href":"https:\/\/imprentaametros.com\/es\/wp-json\/wp\/v2\/product\/17343\/revisions\/17344"}],"wp:featuredmedia":[{"embeddable":true,"href":"https:\/\/imprentaametros.com\/es\/wp-json\/wp\/v2\/media\/17346"}],"wp:attachment":[{"href":"https:\/\/imprentaametros.com\/es\/wp-json\/wp\/v2\/media?parent=17343"}],"wp:term":[{"taxonomy":"product_brand","embeddable":true,"href":"https:\/\/imprentaametros.com\/es\/wp-json\/wp\/v2\/product_brand?post=17343"},{"taxonomy":"product_cat","embeddable":true,"href":"https:\/\/imprentaametros.com\/es\/wp-json\/wp\/v2\/product_cat?post=17343"},{"taxonomy":"product_tag","embeddable":true,"href":"https:\/\/imprentaametros.com\/es\/wp-json\/wp\/v2\/product_tag?post=17343"}],"curies":[{"name":"wp","href":"https:\/\/api.w.org\/{rel}","templated":true}]}}