{"id":17289,"date":"2026-02-17T18:14:45","date_gmt":"2026-02-17T18:14:45","guid":{"rendered":"https:\/\/imprentaametroshighs4120.live-website.com\/tienda\/sin%20categor\u00eda\/neoblu-gustave-women\/"},"modified":"2026-02-25T17:16:56","modified_gmt":"2026-02-25T17:16:56","slug":"neoblu-gustave-women","status":"publish","type":"product","link":"https:\/\/imprentaametros.com\/es\/tienda\/textil\/pantalones\/neoblu-gustave-women\/","title":{"rendered":"NEOBLU GUSTAVE WOMEN"},"content":{"rendered":"<p><span dir=\"auto\" style=\"vertical-align: inherit;\"><span dir=\"auto\" style=\"vertical-align: inherit;\"><span dir=\"auto\" style=\"vertical-align: inherit;\"><span dir=\"auto\" style=\"vertical-align: inherit;\"><span dir=\"auto\" style=\"vertical-align: inherit;\"><span dir=\"auto\" style=\"vertical-align: inherit;\"><span dir=\"auto\" style=\"vertical-align: inherit;\"><span dir=\"auto\" style=\"vertical-align: inherit;\">Chino &#8211; Cierre con cremallera y bot\u00f3n &#8211; Trabillas para el cintur\u00f3n &#8211; Cintura el\u00e1stica &#8211; 2 bolsillos delanteros italianos &#8211; 2 bolsillos traseros ribeteados con botones Ideal para cualquier ocasi\u00f3n<\/span><\/span><\/span><\/span><\/span><\/span><\/span><\/span><\/p>\n<p><span dir=\"auto\" style=\"vertical-align: inherit;\"><span dir=\"auto\" style=\"vertical-align: inherit;\"><span dir=\"auto\" style=\"vertical-align: inherit;\"><span dir=\"auto\" style=\"vertical-align: inherit;\"><span dir=\"auto\" style=\"vertical-align: inherit;\"><span dir=\"auto\" style=\"vertical-align: inherit;\"><span dir=\"auto\" style=\"vertical-align: inherit;\"><span dir=\"auto\" style=\"vertical-align: inherit;\">Beige<\/span><\/span><\/span><\/span><\/span><\/span><\/span><\/span><\/p>\n<p><span dir=\"auto\" style=\"vertical-align: inherit;\"><span dir=\"auto\" style=\"vertical-align: inherit;\"><\/span><\/span><\/p>\n","protected":false},"excerpt":{"rendered":"<p>Chino &#8211; Cierre con cremallera y bot\u00f3n &#8211; Trabillas para el cintur\u00f3n &#8211; Cintura el\u00e1stica &#8211; 2 bolsillos delanteros italianos &#8211; 2 bolsillos traseros ribeteados con botones Ideal para cualquier ocasi\u00f3n Beige<\/p>\n","protected":false},"featured_media":17292,"template":"","meta":[],"product_brand":[70],"product_cat":[599],"product_tag":[],"class_list":{"0":"post-17289","1":"product","2":"type-product","3":"status-publish","4":"has-post-thumbnail","6":"product_brand-neoblu","7":"product_cat-pantalones","8":"pa_color-blanco-french-marino","9":"pa_color-blanco-gris-mezcla","10":"pa_color-naranja","11":"pa_color-verde-flash","12":"pa_color-verde-pradera","13":"pa_ficha-tecnica-809","14":"pa_ficha-tecnica-811","15":"pa_ficha-tecnica-812","16":"pa_ficha-tecnica-813","17":"pa_ficha-tecnica-814","18":"pa_ficha-tecnica-815","19":"pa_ficha-tecnica-816","20":"pa_ficha-tecnica-817","21":"pa_ficha-tecnica-818","22":"pa_ficha-tecnica-819","23":"pa_ficha-tecnica-820","24":"pa_ficha-tecnica-821","25":"pa_ficha-tecnica-822","26":"pa_ficha-tecnica-823","27":"pa_ficha-tecnica-824","28":"pa_ficha-tecnica-825","29":"pa_ficha-tecnica-827","30":"pa_ficha-tecnica-828","31":"pa_ficha-tecnica-829","32":"pa_ficha-tecnica-830","33":"pa_ficha-tecnica-831","34":"pa_ficha-tecnica-832","35":"pa_ficha-tecnica-833","36":"pa_ficha-tecnica-834","37":"pa_ficha-tecnica-835","38":"pa_ficha-tecnica-836","39":"pa_ficha-tecnica-837","40":"pa_ficha-tecnica-826","41":"pa_genero-se-adapta-a-todo-tipo-de-cuerpos","42":"pa_talla-mujer","44":"first","45":"instock","46":"purchasable","47":"product-type-variable","48":"wvs-archive-product-wrapper"},"_links":{"self":[{"href":"https:\/\/imprentaametros.com\/es\/wp-json\/wp\/v2\/product\/17289","targetHints":{"allow":["GET"]}}],"collection":[{"href":"https:\/\/imprentaametros.com\/es\/wp-json\/wp\/v2\/product"}],"about":[{"href":"https:\/\/imprentaametros.com\/es\/wp-json\/wp\/v2\/types\/product"}],"version-history":[{"count":1,"href":"https:\/\/imprentaametros.com\/es\/wp-json\/wp\/v2\/product\/17289\/revisions"}],"predecessor-version":[{"id":17290,"href":"https:\/\/imprentaametros.com\/es\/wp-json\/wp\/v2\/product\/17289\/revisions\/17290"}],"wp:featuredmedia":[{"embeddable":true,"href":"https:\/\/imprentaametros.com\/es\/wp-json\/wp\/v2\/media\/17292"}],"wp:attachment":[{"href":"https:\/\/imprentaametros.com\/es\/wp-json\/wp\/v2\/media?parent=17289"}],"wp:term":[{"taxonomy":"product_brand","embeddable":true,"href":"https:\/\/imprentaametros.com\/es\/wp-json\/wp\/v2\/product_brand?post=17289"},{"taxonomy":"product_cat","embeddable":true,"href":"https:\/\/imprentaametros.com\/es\/wp-json\/wp\/v2\/product_cat?post=17289"},{"taxonomy":"product_tag","embeddable":true,"href":"https:\/\/imprentaametros.com\/es\/wp-json\/wp\/v2\/product_tag?post=17289"}],"curies":[{"name":"wp","href":"https:\/\/api.w.org\/{rel}","templated":true}]}}