{"id":17241,"date":"2026-02-17T18:03:48","date_gmt":"2026-02-17T18:03:48","guid":{"rendered":"https:\/\/imprentaametroshighs4120.live-website.com\/tienda\/sin%20categor\u00eda\/neoblu-gustave-men\/"},"modified":"2026-02-25T17:16:59","modified_gmt":"2026-02-25T17:16:59","slug":"neoblu-gustave-men","status":"publish","type":"product","link":"https:\/\/imprentaametros.com\/es\/tienda\/textil\/pantalones\/neoblu-gustave-men\/","title":{"rendered":"NEOBLU GUSTAVE MEN"},"content":{"rendered":"<p><span dir=\"auto\" style=\"vertical-align: inherit;\"><span dir=\"auto\" style=\"vertical-align: inherit;\"><span dir=\"auto\" style=\"vertical-align: inherit;\"><span dir=\"auto\" style=\"vertical-align: inherit;\"><span dir=\"auto\" style=\"vertical-align: inherit;\"><span dir=\"auto\" style=\"vertical-align: inherit;\"><span dir=\"auto\" style=\"vertical-align: inherit;\"><span dir=\"auto\" style=\"vertical-align: inherit;\">Chino &#8211; Cierre con cremallera y bot\u00f3n &#8211; Trabillas para el cintur\u00f3n &#8211; Cintura el\u00e1stica &#8211; 2 bolsillos delanteros italianos &#8211; 2 bolsillos traseros ribeteados con botones Prenda esencial del guardarropa masculino<\/span><\/span><\/span><\/span><\/span><\/span><\/span><\/span><\/p>\n<p><span dir=\"auto\" style=\"vertical-align: inherit;\"><span dir=\"auto\" style=\"vertical-align: inherit;\"><span dir=\"auto\" style=\"vertical-align: inherit;\"><span dir=\"auto\" style=\"vertical-align: inherit;\"><span dir=\"auto\" style=\"vertical-align: inherit;\"><span dir=\"auto\" style=\"vertical-align: inherit;\"><span dir=\"auto\" style=\"vertical-align: inherit;\"><span dir=\"auto\" style=\"vertical-align: inherit;\">Beige<\/span><\/span><\/span><\/span><\/span><\/span><\/span><\/span><\/p>\n<p><span dir=\"auto\" style=\"vertical-align: inherit;\"><span dir=\"auto\" style=\"vertical-align: inherit;\"><\/span><\/span><\/p>\n","protected":false},"excerpt":{"rendered":"<p>Chino &#8211; Cierre con cremallera y bot\u00f3n &#8211; Trabillas para el cintur\u00f3n &#8211; Cintura el\u00e1stica &#8211; 2 bolsillos delanteros italianos &#8211; 2 bolsillos traseros ribeteados con botones Prenda esencial del guardarropa masculino Beige<\/p>\n","protected":false},"featured_media":17244,"template":"","meta":[],"product_brand":[70],"product_cat":[599],"product_tag":[],"class_list":{"0":"post-17241","1":"product","2":"type-product","3":"status-publish","4":"has-post-thumbnail","6":"product_brand-neoblu","7":"product_cat-pantalones","8":"pa_color-blanco-french-marino","9":"pa_color-blanco-fucsia","10":"pa_color-blanco-gris-mezcla","11":"pa_color-naranja","12":"pa_color-verde-flash","13":"pa_color-verde-pradera","14":"pa_ficha-tecnica-768","15":"pa_ficha-tecnica-770","16":"pa_ficha-tecnica-771","17":"pa_ficha-tecnica-772","18":"pa_ficha-tecnica-773","19":"pa_ficha-tecnica-774","20":"pa_ficha-tecnica-775","21":"pa_ficha-tecnica-776","22":"pa_ficha-tecnica-777","23":"pa_ficha-tecnica-778","24":"pa_ficha-tecnica-799","25":"pa_ficha-tecnica-800","26":"pa_ficha-tecnica-801","27":"pa_ficha-tecnica-802","28":"pa_ficha-tecnica-803","29":"pa_ficha-tecnica-804","30":"pa_ficha-tecnica-805","31":"pa_ficha-tecnica-806","32":"pa_ficha-tecnica-807","33":"pa_ficha-tecnica-808","34":"pa_ficha-tecnica-789","35":"pa_ficha-tecnica-790","36":"pa_ficha-tecnica-791","37":"pa_ficha-tecnica-792","38":"pa_ficha-tecnica-793","39":"pa_ficha-tecnica-794","40":"pa_ficha-tecnica-795","41":"pa_ficha-tecnica-796","42":"pa_ficha-tecnica-797","43":"pa_ficha-tecnica-798","44":"pa_ficha-tecnica-779","45":"pa_ficha-tecnica-780","46":"pa_ficha-tecnica-781","47":"pa_ficha-tecnica-782","48":"pa_ficha-tecnica-783","49":"pa_ficha-tecnica-784","50":"pa_ficha-tecnica-785","51":"pa_ficha-tecnica-786","52":"pa_ficha-tecnica-787","53":"pa_ficha-tecnica-788","54":"pa_genero-tanto-con-una-camisa-como-con-una-camiseta-su-cintura-y-su-sarga-elasticas-aportan-comodidad-y-se-adaptan-a-todo-tipo-de-cuerpos","55":"pa_talla-hombre","57":"first","58":"instock","59":"purchasable","60":"product-type-variable","61":"wvs-archive-product-wrapper"},"_links":{"self":[{"href":"https:\/\/imprentaametros.com\/es\/wp-json\/wp\/v2\/product\/17241","targetHints":{"allow":["GET"]}}],"collection":[{"href":"https:\/\/imprentaametros.com\/es\/wp-json\/wp\/v2\/product"}],"about":[{"href":"https:\/\/imprentaametros.com\/es\/wp-json\/wp\/v2\/types\/product"}],"version-history":[{"count":1,"href":"https:\/\/imprentaametros.com\/es\/wp-json\/wp\/v2\/product\/17241\/revisions"}],"predecessor-version":[{"id":17242,"href":"https:\/\/imprentaametros.com\/es\/wp-json\/wp\/v2\/product\/17241\/revisions\/17242"}],"wp:featuredmedia":[{"embeddable":true,"href":"https:\/\/imprentaametros.com\/es\/wp-json\/wp\/v2\/media\/17244"}],"wp:attachment":[{"href":"https:\/\/imprentaametros.com\/es\/wp-json\/wp\/v2\/media?parent=17241"}],"wp:term":[{"taxonomy":"product_brand","embeddable":true,"href":"https:\/\/imprentaametros.com\/es\/wp-json\/wp\/v2\/product_brand?post=17241"},{"taxonomy":"product_cat","embeddable":true,"href":"https:\/\/imprentaametros.com\/es\/wp-json\/wp\/v2\/product_cat?post=17241"},{"taxonomy":"product_tag","embeddable":true,"href":"https:\/\/imprentaametros.com\/es\/wp-json\/wp\/v2\/product_tag?post=17241"}],"curies":[{"name":"wp","href":"https:\/\/api.w.org\/{rel}","templated":true}]}}