{"id":17198,"date":"2026-02-17T17:58:10","date_gmt":"2026-02-17T17:58:10","guid":{"rendered":"https:\/\/imprentaametroshighs4120.live-website.com\/tienda\/sin%20categor\u00eda\/neoblu-gabin-women\/"},"modified":"2026-02-25T17:17:03","modified_gmt":"2026-02-25T17:17:03","slug":"neoblu-gabin-women","status":"publish","type":"product","link":"https:\/\/imprentaametros.com\/es\/tienda\/textil\/pantalones\/neoblu-gabin-women\/","title":{"rendered":"NEOBLU GABIN WOMEN"},"content":{"rendered":"<p><span dir=\"auto\" style=\"vertical-align: inherit;\"><span dir=\"auto\" style=\"vertical-align: inherit;\"><span dir=\"auto\" style=\"vertical-align: inherit;\"><span dir=\"auto\" style=\"vertical-align: inherit;\"><span dir=\"auto\" style=\"vertical-align: inherit;\"><span dir=\"auto\" style=\"vertical-align: inherit;\"><span dir=\"auto\" style=\"vertical-align: inherit;\"><span dir=\"auto\" style=\"vertical-align: inherit;\">Cierre con cremallera y bot\u00f3n &#8211; Trabillas para el cintur\u00f3n &#8211; Cintura el\u00e1stica &#8211; 2 bolsillos delanteros italianos &#8211; 2 bolsillos traseros ribeteados &#8211; 2 pinzas traseras Prenda imprescindible del guardarropa femenino<\/span><\/span><\/span><\/span><\/span><\/span><\/span><\/span><\/p>\n<p><span dir=\"auto\" style=\"vertical-align: inherit;\"><span dir=\"auto\" style=\"vertical-align: inherit;\"><span dir=\"auto\" style=\"vertical-align: inherit;\"><span dir=\"auto\" style=\"vertical-align: inherit;\"><span dir=\"auto\" style=\"vertical-align: inherit;\"><span dir=\"auto\" style=\"vertical-align: inherit;\"><span dir=\"auto\" style=\"vertical-align: inherit;\"><span dir=\"auto\" style=\"vertical-align: inherit;\">Negro Profundo<\/span><\/span><\/span><\/span><\/span><\/span><\/span><\/span><\/p>\n<p><span dir=\"auto\" style=\"vertical-align: inherit;\"><span dir=\"auto\" style=\"vertical-align: inherit;\"><\/span><\/span><\/p>\n","protected":false},"excerpt":{"rendered":"<p>Cierre con cremallera y bot\u00f3n &#8211; Trabillas para el cintur\u00f3n &#8211; Cintura el\u00e1stica &#8211; 2 bolsillos delanteros italianos &#8211; 2 bolsillos traseros ribeteados &#8211; 2 pinzas traseras Prenda imprescindible del guardarropa femenino Negro Profundo<\/p>\n","protected":false},"featured_media":17201,"template":"","meta":[],"product_brand":[70],"product_cat":[599],"product_tag":[],"class_list":{"0":"post-17198","1":"product","2":"type-product","3":"status-publish","4":"has-post-thumbnail","6":"product_brand-neoblu","7":"product_cat-pantalones","8":"pa_color-blanco-french-marino","9":"pa_color-blanco-fucsia","10":"pa_color-blanco-gris-mezcla","11":"pa_color-naranja","12":"pa_color-naranja-fluor","13":"pa_color-verde-flash","14":"pa_color-verde-pradera","15":"pa_ficha-tecnica-761","16":"pa_ficha-tecnica-762","17":"pa_ficha-tecnica-763","18":"pa_ficha-tecnica-764","19":"pa_ficha-tecnica-765","20":"pa_ficha-tecnica-766","21":"pa_ficha-tecnica-735","22":"pa_ficha-tecnica-736","23":"pa_ficha-tecnica-737","24":"pa_ficha-tecnica-738","25":"pa_ficha-tecnica-739","26":"pa_ficha-tecnica-740","27":"pa_ficha-tecnica-748","28":"pa_ficha-tecnica-749","29":"pa_ficha-tecnica-750","30":"pa_ficha-tecnica-751","31":"pa_ficha-tecnica-752","32":"pa_ficha-tecnica-753","33":"pa_ficha-tecnica-728","34":"pa_ficha-tecnica-729","35":"pa_ficha-tecnica-730","36":"pa_ficha-tecnica-731","37":"pa_ficha-tecnica-732","38":"pa_ficha-tecnica-733","39":"pa_ficha-tecnica-734","40":"pa_ficha-tecnica-741","41":"pa_ficha-tecnica-742","42":"pa_ficha-tecnica-743","43":"pa_ficha-tecnica-744","44":"pa_ficha-tecnica-745","45":"pa_ficha-tecnica-746","46":"pa_ficha-tecnica-747","47":"pa_ficha-tecnica-760","48":"pa_ficha-tecnica-754","49":"pa_ficha-tecnica-755","50":"pa_ficha-tecnica-756","51":"pa_ficha-tecnica-757","52":"pa_ficha-tecnica-758","53":"pa_ficha-tecnica-759","54":"pa_genero-se-adapta-a-todo-tipo-de-cuerpos","55":"pa_talla-mujer","57":"first","58":"instock","59":"purchasable","60":"product-type-variable","61":"wvs-archive-product-wrapper"},"_links":{"self":[{"href":"https:\/\/imprentaametros.com\/es\/wp-json\/wp\/v2\/product\/17198","targetHints":{"allow":["GET"]}}],"collection":[{"href":"https:\/\/imprentaametros.com\/es\/wp-json\/wp\/v2\/product"}],"about":[{"href":"https:\/\/imprentaametros.com\/es\/wp-json\/wp\/v2\/types\/product"}],"version-history":[{"count":1,"href":"https:\/\/imprentaametros.com\/es\/wp-json\/wp\/v2\/product\/17198\/revisions"}],"predecessor-version":[{"id":17199,"href":"https:\/\/imprentaametros.com\/es\/wp-json\/wp\/v2\/product\/17198\/revisions\/17199"}],"wp:featuredmedia":[{"embeddable":true,"href":"https:\/\/imprentaametros.com\/es\/wp-json\/wp\/v2\/media\/17201"}],"wp:attachment":[{"href":"https:\/\/imprentaametros.com\/es\/wp-json\/wp\/v2\/media?parent=17198"}],"wp:term":[{"taxonomy":"product_brand","embeddable":true,"href":"https:\/\/imprentaametros.com\/es\/wp-json\/wp\/v2\/product_brand?post=17198"},{"taxonomy":"product_cat","embeddable":true,"href":"https:\/\/imprentaametros.com\/es\/wp-json\/wp\/v2\/product_cat?post=17198"},{"taxonomy":"product_tag","embeddable":true,"href":"https:\/\/imprentaametros.com\/es\/wp-json\/wp\/v2\/product_tag?post=17198"}],"curies":[{"name":"wp","href":"https:\/\/api.w.org\/{rel}","templated":true}]}}