{"id":17062,"date":"2026-02-17T17:51:36","date_gmt":"2026-02-17T17:51:36","guid":{"rendered":"https:\/\/imprentaametroshighs4120.live-website.com\/tienda\/sin%20categor\u00eda\/sols-jake-kids\/"},"modified":"2026-02-17T17:52:07","modified_gmt":"2026-02-17T17:52:07","slug":"sols-jake-kids","status":"publish","type":"product","link":"https:\/\/imprentaametros.com\/es\/tienda\/textil\/pantalones\/sols-jake-kids\/","title":{"rendered":"SOL&#8217;S JAKE KIDS"},"content":{"rendered":"<p><span dir=\"auto\" style=\"vertical-align: inherit;\"><span dir=\"auto\" style=\"vertical-align: inherit;\"><span dir=\"auto\" style=\"vertical-align: inherit;\"><span dir=\"auto\" style=\"vertical-align: inherit;\"><span dir=\"auto\" style=\"vertical-align: inherit;\"><span dir=\"auto\" style=\"vertical-align: inherit;\"><span dir=\"auto\" style=\"vertical-align: inherit;\"><span dir=\"auto\" style=\"vertical-align: inherit;\">1 bolsillo de parche trasero &#8211; Acabado de canal\u00e9 2&#215;2 en la cintura y en el bajo de las piernas &#8211; Cord\u00f3n en la cintura<\/span><\/span><\/span><\/span><\/span><\/span><\/span><\/span><\/p>\n<p><span dir=\"auto\" style=\"vertical-align: inherit;\"><span dir=\"auto\" style=\"vertical-align: inherit;\"><span dir=\"auto\" style=\"vertical-align: inherit;\"><span dir=\"auto\" style=\"vertical-align: inherit;\"><span dir=\"auto\" style=\"vertical-align: inherit;\"><span dir=\"auto\" style=\"vertical-align: inherit;\"><span dir=\"auto\" style=\"vertical-align: inherit;\"><span dir=\"auto\" style=\"vertical-align: inherit;\">50% algod\u00f3n &#8211; 50% poli\u00e9ster<\/span><\/span><\/span><\/span><\/span><\/span><\/span><\/span><\/p>\n<p><span dir=\"auto\" style=\"vertical-align: inherit;\"><span dir=\"auto\" style=\"vertical-align: inherit;\"><\/span><\/span><\/p>\n","protected":false},"excerpt":{"rendered":"<p>1 bolsillo de parche trasero &#8211; Acabado de canal\u00e9 2&#215;2 en la cintura y en el bajo de las piernas &#8211; Cord\u00f3n en la cintura 50% algod\u00f3n &#8211; 50% poli\u00e9ster<\/p>\n","protected":false},"featured_media":17065,"template":"","meta":[],"product_brand":[26],"product_cat":[599],"product_tag":[],"class_list":{"0":"post-17062","1":"product","2":"type-product","3":"status-publish","4":"has-post-thumbnail","6":"product_brand-sols","7":"product_cat-pantalones","8":"pa_color-antracita-mezcla","9":"pa_color-french-marino","10":"pa_color-gris-mezcla","11":"pa_color-negro","12":"pa_ficha-tecnica-bangladesh","13":"pa_genero-nino","14":"pa_talla-04a","15":"pa_talla-06a","16":"pa_talla-08a","17":"pa_talla-10a","18":"pa_talla-12a","20":"first","21":"instock","22":"purchasable","23":"product-type-variable","24":"wvs-archive-product-wrapper"},"_links":{"self":[{"href":"https:\/\/imprentaametros.com\/es\/wp-json\/wp\/v2\/product\/17062","targetHints":{"allow":["GET"]}}],"collection":[{"href":"https:\/\/imprentaametros.com\/es\/wp-json\/wp\/v2\/product"}],"about":[{"href":"https:\/\/imprentaametros.com\/es\/wp-json\/wp\/v2\/types\/product"}],"version-history":[{"count":1,"href":"https:\/\/imprentaametros.com\/es\/wp-json\/wp\/v2\/product\/17062\/revisions"}],"predecessor-version":[{"id":17063,"href":"https:\/\/imprentaametros.com\/es\/wp-json\/wp\/v2\/product\/17062\/revisions\/17063"}],"wp:featuredmedia":[{"embeddable":true,"href":"https:\/\/imprentaametros.com\/es\/wp-json\/wp\/v2\/media\/17065"}],"wp:attachment":[{"href":"https:\/\/imprentaametros.com\/es\/wp-json\/wp\/v2\/media?parent=17062"}],"wp:term":[{"taxonomy":"product_brand","embeddable":true,"href":"https:\/\/imprentaametros.com\/es\/wp-json\/wp\/v2\/product_brand?post=17062"},{"taxonomy":"product_cat","embeddable":true,"href":"https:\/\/imprentaametros.com\/es\/wp-json\/wp\/v2\/product_cat?post=17062"},{"taxonomy":"product_tag","embeddable":true,"href":"https:\/\/imprentaametros.com\/es\/wp-json\/wp\/v2\/product_tag?post=17062"}],"curies":[{"name":"wp","href":"https:\/\/api.w.org\/{rel}","templated":true}]}}