{"id":17023,"date":"2026-02-17T17:50:37","date_gmt":"2026-02-17T17:50:37","guid":{"rendered":"https:\/\/imprentaametroshighs4120.live-website.com\/tienda\/sin%20categor\u00eda\/sols-jules-men-length-35\/"},"modified":"2026-02-17T17:51:43","modified_gmt":"2026-02-17T17:51:43","slug":"sols-jules-men-length-35","status":"publish","type":"product","link":"https:\/\/imprentaametros.com\/es\/tienda\/textil\/pantalones\/sols-jules-men-length-35\/","title":{"rendered":"SOL&#8217;S JULES MEN &#8211; LENGTH 35"},"content":{"rendered":"<p><span dir=\"auto\" style=\"vertical-align: inherit;\"><span dir=\"auto\" style=\"vertical-align: inherit;\"><span dir=\"auto\" style=\"vertical-align: inherit;\"><span dir=\"auto\" style=\"vertical-align: inherit;\"><span dir=\"auto\" style=\"vertical-align: inherit;\"><span dir=\"auto\" style=\"vertical-align: inherit;\"><span dir=\"auto\" style=\"vertical-align: inherit;\"><span dir=\"auto\" style=\"vertical-align: inherit;\">Cierre de cremallera con bot\u00f3n &#8211; Con hebillas de cintur\u00f3n &#8211; 2 bolsillos frontales italianos &#8211; 1 peque\u00f1o bolsillo frontal &#8211; 2 bolsillos traseros ribeteados<\/span><\/span><\/span><\/span><\/span><\/span><\/span><\/span><\/p>\n<p><span dir=\"auto\" style=\"vertical-align: inherit;\"><span dir=\"auto\" style=\"vertical-align: inherit;\"><span dir=\"auto\" style=\"vertical-align: inherit;\"><span dir=\"auto\" style=\"vertical-align: inherit;\"><span dir=\"auto\" style=\"vertical-align: inherit;\"><span dir=\"auto\" style=\"vertical-align: inherit;\"><span dir=\"auto\" style=\"vertical-align: inherit;\"><span dir=\"auto\" style=\"vertical-align: inherit;\">98% algod\u00f3n &#8211; 2% elastano<\/span><\/span><\/span><\/span><\/span><\/span><\/span><\/span><\/p>\n<p><span dir=\"auto\" style=\"vertical-align: inherit;\"><span dir=\"auto\" style=\"vertical-align: inherit;\"><\/span><\/span><\/p>\n","protected":false},"excerpt":{"rendered":"<p>Cierre de cremallera con bot\u00f3n &#8211; Con hebillas de cintur\u00f3n &#8211; 2 bolsillos frontales italianos &#8211; 1 peque\u00f1o bolsillo frontal &#8211; 2 bolsillos traseros ribeteados 98% algod\u00f3n &#8211; 2% elastano<\/p>\n","protected":false},"featured_media":17026,"template":"","meta":[],"product_brand":[26],"product_cat":[599],"product_tag":[],"class_list":{"0":"post-17023","1":"product","2":"type-product","3":"status-publish","4":"has-post-thumbnail","6":"product_brand-sols","7":"product_cat-pantalones","8":"pa_color-castano","9":"pa_color-french-marino","10":"pa_color-negro","11":"pa_ficha-tecnica-bangladesh","12":"pa_genero-hombre","13":"pa_talla-56","14":"pa_talla-597","15":"pa_talla-600","16":"pa_talla-601","17":"pa_talla-602","18":"pa_talla-603","19":"pa_talla-604","20":"pa_talla-605","21":"pa_talla-606","23":"first","24":"instock","25":"purchasable","26":"product-type-variable","27":"wvs-archive-product-wrapper"},"_links":{"self":[{"href":"https:\/\/imprentaametros.com\/es\/wp-json\/wp\/v2\/product\/17023","targetHints":{"allow":["GET"]}}],"collection":[{"href":"https:\/\/imprentaametros.com\/es\/wp-json\/wp\/v2\/product"}],"about":[{"href":"https:\/\/imprentaametros.com\/es\/wp-json\/wp\/v2\/types\/product"}],"version-history":[{"count":1,"href":"https:\/\/imprentaametros.com\/es\/wp-json\/wp\/v2\/product\/17023\/revisions"}],"predecessor-version":[{"id":17024,"href":"https:\/\/imprentaametros.com\/es\/wp-json\/wp\/v2\/product\/17023\/revisions\/17024"}],"wp:featuredmedia":[{"embeddable":true,"href":"https:\/\/imprentaametros.com\/es\/wp-json\/wp\/v2\/media\/17026"}],"wp:attachment":[{"href":"https:\/\/imprentaametros.com\/es\/wp-json\/wp\/v2\/media?parent=17023"}],"wp:term":[{"taxonomy":"product_brand","embeddable":true,"href":"https:\/\/imprentaametros.com\/es\/wp-json\/wp\/v2\/product_brand?post=17023"},{"taxonomy":"product_cat","embeddable":true,"href":"https:\/\/imprentaametros.com\/es\/wp-json\/wp\/v2\/product_cat?post=17023"},{"taxonomy":"product_tag","embeddable":true,"href":"https:\/\/imprentaametros.com\/es\/wp-json\/wp\/v2\/product_tag?post=17023"}],"curies":[{"name":"wp","href":"https:\/\/api.w.org\/{rel}","templated":true}]}}