{"id":16987,"date":"2026-02-17T17:45:49","date_gmt":"2026-02-17T17:45:49","guid":{"rendered":"https:\/\/imprentaametroshighs4120.live-website.com\/tienda\/sin%20categor\u00eda\/sols-jake-women\/"},"modified":"2026-02-17T17:51:09","modified_gmt":"2026-02-17T17:51:09","slug":"sols-jake-women","status":"publish","type":"product","link":"https:\/\/imprentaametros.com\/es\/tienda\/textil\/pantalones\/sols-jake-women\/","title":{"rendered":"SOL&#8217;S JAKE WOMEN"},"content":{"rendered":"<p><span dir=\"auto\" style=\"vertical-align: inherit;\"><span dir=\"auto\" style=\"vertical-align: inherit;\"><span dir=\"auto\" style=\"vertical-align: inherit;\"><span dir=\"auto\" style=\"vertical-align: inherit;\"><span dir=\"auto\" style=\"vertical-align: inherit;\"><span dir=\"auto\" style=\"vertical-align: inherit;\"><span dir=\"auto\" style=\"vertical-align: inherit;\"><span dir=\"auto\" style=\"vertical-align: inherit;\">1 bolsillo de parche trasero &#8211; Acabado de canal\u00e9 2&#215;2 en la cintura y en el bajo de las piernas &#8211; Cord\u00f3n en la cintura<\/span><\/span><\/span><\/span><\/span><\/span><\/span><\/span><\/p>\n<p><span dir=\"auto\" style=\"vertical-align: inherit;\"><span dir=\"auto\" style=\"vertical-align: inherit;\"><span dir=\"auto\" style=\"vertical-align: inherit;\"><span dir=\"auto\" style=\"vertical-align: inherit;\"><span dir=\"auto\" style=\"vertical-align: inherit;\"><span dir=\"auto\" style=\"vertical-align: inherit;\"><span dir=\"auto\" style=\"vertical-align: inherit;\"><span dir=\"auto\" style=\"vertical-align: inherit;\">50% poli\u00e9ster<\/span><\/span><\/span><\/span><\/span><\/span><\/span><\/span><\/p>\n<p><span dir=\"auto\" style=\"vertical-align: inherit;\"><span dir=\"auto\" style=\"vertical-align: inherit;\"><\/span><\/span><\/p>\n","protected":false},"excerpt":{"rendered":"<p>1 bolsillo de parche trasero &#8211; Acabado de canal\u00e9 2&#215;2 en la cintura y en el bajo de las piernas &#8211; Cord\u00f3n en la cintura 50% poli\u00e9ster<\/p>\n","protected":false},"featured_media":16990,"template":"","meta":[],"product_brand":[26],"product_cat":[599],"product_tag":[],"class_list":{"0":"post-16987","1":"product","2":"type-product","3":"status-publish","4":"has-post-thumbnail","6":"product_brand-sols","7":"product_cat-pantalones","8":"pa_color-antracita-mezcla","9":"pa_color-blanco","10":"pa_color-french-marino","11":"pa_color-gris-mezcla","12":"pa_color-negro","13":"pa_ficha-tecnica-650","14":"pa_ficha-tecnica-652","15":"pa_ficha-tecnica-653","16":"pa_ficha-tecnica-654","17":"pa_ficha-tecnica-655","18":"pa_ficha-tecnica-656","19":"pa_ficha-tecnica-657","20":"pa_ficha-tecnica-658","21":"pa_ficha-tecnica-659","22":"pa_ficha-tecnica-660","23":"pa_ficha-tecnica-661","24":"pa_ficha-tecnica-651","25":"pa_ficha-tecnica-668","26":"pa_ficha-tecnica-669","27":"pa_ficha-tecnica-670","28":"pa_ficha-tecnica-671","29":"pa_ficha-tecnica-672","30":"pa_ficha-tecnica-673","31":"pa_ficha-tecnica-662","32":"pa_ficha-tecnica-663","33":"pa_ficha-tecnica-664","34":"pa_ficha-tecnica-665","35":"pa_ficha-tecnica-666","36":"pa_ficha-tecnica-667","37":"pa_ficha-tecnica-644","38":"pa_ficha-tecnica-645","39":"pa_ficha-tecnica-646","40":"pa_ficha-tecnica-647","41":"pa_ficha-tecnica-648","42":"pa_ficha-tecnica-649","43":"pa_genero-mujer","44":"pa_talla-l","45":"pa_talla-m","46":"pa_talla-s","47":"pa_talla-xl","48":"pa_talla-xs","49":"pa_talla-xxl","51":"first","52":"instock","53":"purchasable","54":"product-type-variable","55":"wvs-archive-product-wrapper"},"_links":{"self":[{"href":"https:\/\/imprentaametros.com\/es\/wp-json\/wp\/v2\/product\/16987","targetHints":{"allow":["GET"]}}],"collection":[{"href":"https:\/\/imprentaametros.com\/es\/wp-json\/wp\/v2\/product"}],"about":[{"href":"https:\/\/imprentaametros.com\/es\/wp-json\/wp\/v2\/types\/product"}],"version-history":[{"count":1,"href":"https:\/\/imprentaametros.com\/es\/wp-json\/wp\/v2\/product\/16987\/revisions"}],"predecessor-version":[{"id":16988,"href":"https:\/\/imprentaametros.com\/es\/wp-json\/wp\/v2\/product\/16987\/revisions\/16988"}],"wp:featuredmedia":[{"embeddable":true,"href":"https:\/\/imprentaametros.com\/es\/wp-json\/wp\/v2\/media\/16990"}],"wp:attachment":[{"href":"https:\/\/imprentaametros.com\/es\/wp-json\/wp\/v2\/media?parent=16987"}],"wp:term":[{"taxonomy":"product_brand","embeddable":true,"href":"https:\/\/imprentaametros.com\/es\/wp-json\/wp\/v2\/product_brand?post=16987"},{"taxonomy":"product_cat","embeddable":true,"href":"https:\/\/imprentaametros.com\/es\/wp-json\/wp\/v2\/product_cat?post=16987"},{"taxonomy":"product_tag","embeddable":true,"href":"https:\/\/imprentaametros.com\/es\/wp-json\/wp\/v2\/product_tag?post=16987"}],"curies":[{"name":"wp","href":"https:\/\/api.w.org\/{rel}","templated":true}]}}