{"id":16941,"date":"2026-02-17T17:35:38","date_gmt":"2026-02-17T17:35:38","guid":{"rendered":"https:\/\/imprentaametroshighs4120.live-website.com\/tienda\/sin%20categor\u00eda\/sols-jake-men\/"},"modified":"2026-02-17T17:46:39","modified_gmt":"2026-02-17T17:46:39","slug":"sols-jake-men","status":"publish","type":"product","link":"https:\/\/imprentaametros.com\/es\/tienda\/textil\/pantalones\/sols-jake-men\/","title":{"rendered":"SOL&#8217;S JAKE MEN"},"content":{"rendered":"<p><span dir=\"auto\" style=\"vertical-align: inherit;\"><span dir=\"auto\" style=\"vertical-align: inherit;\"><span dir=\"auto\" style=\"vertical-align: inherit;\"><span dir=\"auto\" style=\"vertical-align: inherit;\"><span dir=\"auto\" style=\"vertical-align: inherit;\"><span dir=\"auto\" style=\"vertical-align: inherit;\"><span dir=\"auto\" style=\"vertical-align: inherit;\"><span dir=\"auto\" style=\"vertical-align: inherit;\">2 bolsillos italianos &#8211; 1 bolsillo de parche trasero &#8211; Acabado de canal\u00e9 2&#215;2 en la cintura y en el bajo de las piernas &#8211; Cord\u00f3n en la cinturaNAUWSLUITENDE PASVORM<\/span><\/span><\/span><\/span><\/span><\/span><\/span><\/span><\/p>\n<p><span dir=\"auto\" style=\"vertical-align: inherit;\"><span dir=\"auto\" style=\"vertical-align: inherit;\"><span dir=\"auto\" style=\"vertical-align: inherit;\"><span dir=\"auto\" style=\"vertical-align: inherit;\"><span dir=\"auto\" style=\"vertical-align: inherit;\"><span dir=\"auto\" style=\"vertical-align: inherit;\"><span dir=\"auto\" style=\"vertical-align: inherit;\"><span dir=\"auto\" style=\"vertical-align: inherit;\">50% poli\u00e9ster<\/span><\/span><\/span><\/span><\/span><\/span><\/span><\/span><\/p>\n<p><span dir=\"auto\" style=\"vertical-align: inherit;\"><span dir=\"auto\" style=\"vertical-align: inherit;\"><\/span><\/span><\/p>\n","protected":false},"excerpt":{"rendered":"<p>2 bolsillos italianos &#8211; 1 bolsillo de parche trasero &#8211; Acabado de canal\u00e9 2&#215;2 en la cintura y en el bajo de las piernas &#8211; Cord\u00f3n en la cinturaNAUWSLUITENDE PASVORM 50% poli\u00e9ster<\/p>\n","protected":false},"featured_media":16944,"template":"","meta":[],"product_brand":[26],"product_cat":[599],"product_tag":[],"class_list":{"0":"post-16941","1":"product","2":"type-product","3":"status-publish","4":"has-post-thumbnail","6":"product_brand-sols","7":"product_cat-pantalones","8":"pa_color-antracita-mezcla","9":"pa_color-blanco","10":"pa_color-french-marino","11":"pa_color-gris-mezcla","12":"pa_color-negro","13":"pa_ficha-tecnica-616","14":"pa_ficha-tecnica-617","15":"pa_ficha-tecnica-618","16":"pa_ficha-tecnica-619","17":"pa_ficha-tecnica-620","18":"pa_ficha-tecnica-621","19":"pa_ficha-tecnica-622","20":"pa_ficha-tecnica-623","21":"pa_ficha-tecnica-624","22":"pa_ficha-tecnica-625","23":"pa_ficha-tecnica-626","24":"pa_ficha-tecnica-627","25":"pa_ficha-tecnica-628","26":"pa_ficha-tecnica-629","27":"pa_ficha-tecnica-637","28":"pa_ficha-tecnica-638","29":"pa_ficha-tecnica-639","30":"pa_ficha-tecnica-640","31":"pa_ficha-tecnica-641","32":"pa_ficha-tecnica-642","33":"pa_ficha-tecnica-643","34":"pa_ficha-tecnica-630","35":"pa_ficha-tecnica-631","36":"pa_ficha-tecnica-632","37":"pa_ficha-tecnica-633","38":"pa_ficha-tecnica-634","39":"pa_ficha-tecnica-635","40":"pa_ficha-tecnica-636","41":"pa_ficha-tecnica-609","42":"pa_ficha-tecnica-610","43":"pa_ficha-tecnica-611","44":"pa_ficha-tecnica-612","45":"pa_ficha-tecnica-613","46":"pa_ficha-tecnica-614","47":"pa_ficha-tecnica-615","48":"pa_genero-hombre","49":"pa_talla-3xl","50":"pa_talla-l","51":"pa_talla-m","52":"pa_talla-s","53":"pa_talla-xl","54":"pa_talla-xs","55":"pa_talla-xxl","57":"first","58":"instock","59":"purchasable","60":"product-type-variable","61":"wvs-archive-product-wrapper"},"_links":{"self":[{"href":"https:\/\/imprentaametros.com\/es\/wp-json\/wp\/v2\/product\/16941","targetHints":{"allow":["GET"]}}],"collection":[{"href":"https:\/\/imprentaametros.com\/es\/wp-json\/wp\/v2\/product"}],"about":[{"href":"https:\/\/imprentaametros.com\/es\/wp-json\/wp\/v2\/types\/product"}],"version-history":[{"count":1,"href":"https:\/\/imprentaametros.com\/es\/wp-json\/wp\/v2\/product\/16941\/revisions"}],"predecessor-version":[{"id":16942,"href":"https:\/\/imprentaametros.com\/es\/wp-json\/wp\/v2\/product\/16941\/revisions\/16942"}],"wp:featuredmedia":[{"embeddable":true,"href":"https:\/\/imprentaametros.com\/es\/wp-json\/wp\/v2\/media\/16944"}],"wp:attachment":[{"href":"https:\/\/imprentaametros.com\/es\/wp-json\/wp\/v2\/media?parent=16941"}],"wp:term":[{"taxonomy":"product_brand","embeddable":true,"href":"https:\/\/imprentaametros.com\/es\/wp-json\/wp\/v2\/product_brand?post=16941"},{"taxonomy":"product_cat","embeddable":true,"href":"https:\/\/imprentaametros.com\/es\/wp-json\/wp\/v2\/product_cat?post=16941"},{"taxonomy":"product_tag","embeddable":true,"href":"https:\/\/imprentaametros.com\/es\/wp-json\/wp\/v2\/product_tag?post=16941"}],"curies":[{"name":"wp","href":"https:\/\/api.w.org\/{rel}","templated":true}]}}