{"id":16832,"date":"2026-02-17T17:33:21","date_gmt":"2026-02-17T17:33:21","guid":{"rendered":"https:\/\/imprentaametroshighs4120.live-website.com\/?post_type=product&#038;p=16832"},"modified":"2026-02-17T17:37:04","modified_gmt":"2026-02-17T17:37:04","slug":"bono-dtf-textil-50m","status":"publish","type":"product","link":"https:\/\/imprentaametros.com\/es\/tienda\/bono-por-metros\/bono-dtf-textil-50m\/","title":{"rendered":"Bono DTF Textil 50m"},"content":{"rendered":"<div class=\"woocommerce-tabs wc-tabs-wrapper\">\n<div id=\"tab-description\" class=\"woocommerce-Tabs-panel woocommerce-Tabs-panel--description panel entry-content wc-tab\" role=\"tabpanel\" aria-labelledby=\"tab-title-description\">\n<p data-start=\"348\" data-end=\"493\">Un bono pensado para dar estabilidad a tu producci\u00f3n. M\u00e1s metros disponibles significan m\u00e1s libertad creativa y capacidad de respuesta inmediata.<\/p>\n<\/div>\n<\/div>\n","protected":false},"excerpt":{"rendered":"<p data-start=\"1547\" data-end=\"1791\">El Bono de 50 metros est\u00e1 dise\u00f1ado para <strong data-start=\"1587\" data-end=\"1635\">marcas activas y talleres de personalizaci\u00f3n<\/strong> que imprimen de forma constante. Con este bono, aseguras una cantidad considerable de metros a mejor precio, optimizando la rentabilidad de cada campa\u00f1a.<\/p>\n<p data-start=\"1793\" data-end=\"1824\"><strong data-start=\"1793\" data-end=\"1822\">Ventajas del bono de 50m:<\/strong><\/p>\n<ul data-start=\"1825\" data-end=\"2130\">\n<li data-start=\"1825\" data-end=\"1895\">\n<p data-start=\"1827\" data-end=\"1895\">\u2705 Precio m\u00e1s ajustado por metro en comparaci\u00f3n con bonos peque\u00f1os.<\/p>\n<\/li>\n<li data-start=\"1896\" data-end=\"1965\">\n<p data-start=\"1898\" data-end=\"1965\">\u2705 Perfecto para <strong data-start=\"1914\" data-end=\"1940\">producciones regulares<\/strong> de ropa personalizada.<\/p>\n<\/li>\n<li data-start=\"1966\" data-end=\"2046\">\n<p data-start=\"1968\" data-end=\"2046\">\u2705 Te permite responder r\u00e1pidamente a la <strong data-start=\"2008\" data-end=\"2043\">demanda de clientes recurrentes<\/strong>.<\/p>\n<\/li>\n<li data-start=\"2047\" data-end=\"2130\">\n<p data-start=\"2049\" data-end=\"2130\">\u2705 Cubre f\u00e1cilmente <strong data-start=\"2068\" data-end=\"2127\">campa\u00f1as completas o lanzamientos de nuevas colecciones<\/strong>.<\/p>\n<\/li>\n<\/ul>\n","protected":false},"featured_media":16822,"template":"","meta":[],"product_brand":[],"product_cat":[595],"product_tag":[],"class_list":{"0":"post-16832","1":"product","2":"type-product","3":"status-publish","4":"has-post-thumbnail","6":"product_cat-bono-por-metros","8":"first","9":"instock","10":"virtual","11":"taxable","12":"purchasable","13":"product-type-simple"},"_links":{"self":[{"href":"https:\/\/imprentaametros.com\/es\/wp-json\/wp\/v2\/product\/16832","targetHints":{"allow":["GET"]}}],"collection":[{"href":"https:\/\/imprentaametros.com\/es\/wp-json\/wp\/v2\/product"}],"about":[{"href":"https:\/\/imprentaametros.com\/es\/wp-json\/wp\/v2\/types\/product"}],"version-history":[{"count":3,"href":"https:\/\/imprentaametros.com\/es\/wp-json\/wp\/v2\/product\/16832\/revisions"}],"predecessor-version":[{"id":16834,"href":"https:\/\/imprentaametros.com\/es\/wp-json\/wp\/v2\/product\/16832\/revisions\/16834"}],"wp:featuredmedia":[{"embeddable":true,"href":"https:\/\/imprentaametros.com\/es\/wp-json\/wp\/v2\/media\/16822"}],"wp:attachment":[{"href":"https:\/\/imprentaametros.com\/es\/wp-json\/wp\/v2\/media?parent=16832"}],"wp:term":[{"taxonomy":"product_brand","embeddable":true,"href":"https:\/\/imprentaametros.com\/es\/wp-json\/wp\/v2\/product_brand?post=16832"},{"taxonomy":"product_cat","embeddable":true,"href":"https:\/\/imprentaametros.com\/es\/wp-json\/wp\/v2\/product_cat?post=16832"},{"taxonomy":"product_tag","embeddable":true,"href":"https:\/\/imprentaametros.com\/es\/wp-json\/wp\/v2\/product_tag?post=16832"}],"curies":[{"name":"wp","href":"https:\/\/api.w.org\/{rel}","templated":true}]}}