{"id":16778,"date":"2026-02-16T11:12:02","date_gmt":"2026-02-16T11:12:02","guid":{"rendered":"https:\/\/imprentaametroshighs4120.live-website.com\/?post_type=product&#038;p=16778"},"modified":"2026-02-17T16:31:35","modified_gmt":"2026-02-17T16:31:35","slug":"impresion-dtf-textil-tarifa-15m","status":"publish","type":"product","link":"https:\/\/imprentaametros.com\/es\/tienda\/impresion-digital\/dtf-textil\/impresion-dtf-textil-tarifa-15m\/","title":{"rendered":"Impresi\u00f3n DTF T\u00e9xtil (Tarifa 15m)"},"content":{"rendered":"<p data-start=\"253\" data-end=\"517\">El Bono DTF Textil de 15 metros es la opci\u00f3n m\u00e1s pr\u00e1ctica para\u00a0<strong data-start=\"316\" data-end=\"382\">proyectos peque\u00f1os, pedidos personalizados o tiradas reducidas<\/strong>. Es perfecto si quieres probar nuevas ideas de dise\u00f1o o si necesitas cubrir encargos puntuales sin comprometerte a un volumen mayor.<\/p>\n","protected":false},"excerpt":{"rendered":"<p><img decoding=\"async\" class=\"emoji\" role=\"img\" draggable=\"false\" src=\"https:\/\/s.w.org\/images\/core\/emoji\/17.0.2\/svg\/2705.svg\" alt=\"\u2705\" \/>\u00a0Ideal para\u00a0<strong data-start=\"566\" data-end=\"601\">emprendedores o peque\u00f1as marcas<\/strong>\u00a0que est\u00e1n empezando.<\/p>\n<p data-start=\"627\" data-end=\"704\"><img decoding=\"async\" class=\"emoji\" role=\"img\" draggable=\"false\" src=\"https:\/\/s.w.org\/images\/core\/emoji\/17.0.2\/svg\/2705.svg\" alt=\"\u2705\" \/>\u00a0Flexibilidad para realizar\u00a0<strong data-start=\"656\" data-end=\"701\">pruebas de dise\u00f1o o colecciones limitadas<\/strong>.<\/p>\n<p data-start=\"707\" data-end=\"800\"><img decoding=\"async\" class=\"emoji\" role=\"img\" draggable=\"false\" src=\"https:\/\/s.w.org\/images\/core\/emoji\/17.0.2\/svg\/2705.svg\" alt=\"\u2705\" \/>\u00a0Perfecto para\u00a0<strong data-start=\"723\" data-end=\"755\">personalizaciones exclusivas<\/strong>\u00a0en textil (camisetas, sudaderas, gorras\u2026).<\/p>\n<p data-start=\"803\" data-end=\"881\"><img decoding=\"async\" class=\"emoji\" role=\"img\" draggable=\"false\" src=\"https:\/\/s.w.org\/images\/core\/emoji\/17.0.2\/svg\/2705.svg\" alt=\"\u2705\" \/>\u00a0Inversi\u00f3n reducida, con la seguridad de disponer de metros siempre listos.<\/p>\n","protected":false},"featured_media":16684,"template":"","meta":[],"product_brand":[],"product_cat":[591,590],"product_tag":[],"class_list":{"0":"post-16778","1":"product","2":"type-product","3":"status-publish","4":"has-post-thumbnail","6":"product_cat-dtf-textil","7":"product_cat-impresion-digital","9":"first","10":"instock","11":"virtual","12":"taxable","13":"purchasable","14":"product-type-simple"},"_links":{"self":[{"href":"https:\/\/imprentaametros.com\/es\/wp-json\/wp\/v2\/product\/16778","targetHints":{"allow":["GET"]}}],"collection":[{"href":"https:\/\/imprentaametros.com\/es\/wp-json\/wp\/v2\/product"}],"about":[{"href":"https:\/\/imprentaametros.com\/es\/wp-json\/wp\/v2\/types\/product"}],"version-history":[{"count":3,"href":"https:\/\/imprentaametros.com\/es\/wp-json\/wp\/v2\/product\/16778\/revisions"}],"predecessor-version":[{"id":16800,"href":"https:\/\/imprentaametros.com\/es\/wp-json\/wp\/v2\/product\/16778\/revisions\/16800"}],"wp:featuredmedia":[{"embeddable":true,"href":"https:\/\/imprentaametros.com\/es\/wp-json\/wp\/v2\/media\/16684"}],"wp:attachment":[{"href":"https:\/\/imprentaametros.com\/es\/wp-json\/wp\/v2\/media?parent=16778"}],"wp:term":[{"taxonomy":"product_brand","embeddable":true,"href":"https:\/\/imprentaametros.com\/es\/wp-json\/wp\/v2\/product_brand?post=16778"},{"taxonomy":"product_cat","embeddable":true,"href":"https:\/\/imprentaametros.com\/es\/wp-json\/wp\/v2\/product_cat?post=16778"},{"taxonomy":"product_tag","embeddable":true,"href":"https:\/\/imprentaametros.com\/es\/wp-json\/wp\/v2\/product_tag?post=16778"}],"curies":[{"name":"wp","href":"https:\/\/api.w.org\/{rel}","templated":true}]}}