{"id":16536,"date":"2026-02-04T18:55:23","date_gmt":"2026-02-04T18:55:23","guid":{"rendered":"https:\/\/imprentamaxspeed2120.live-website.com\/tienda\/sin%20categor\u00eda\/sols-broadway\/"},"modified":"2026-02-09T14:10:20","modified_gmt":"2026-02-09T14:10:20","slug":"sols-broadway","status":"publish","type":"product","link":"https:\/\/imprentaametros.com\/es\/tienda\/textil\/camisa\/sols-broadway\/","title":{"rendered":"SOL&#8217;S BROADWAY"},"content":{"rendered":"<p><span dir=\"auto\" style=\"vertical-align: inherit;\"><span dir=\"auto\" style=\"vertical-align: inherit;\"><span dir=\"auto\" style=\"vertical-align: inherit;\"><span dir=\"auto\" style=\"vertical-align: inherit;\"><span dir=\"auto\" style=\"vertical-align: inherit;\"><span dir=\"auto\" style=\"vertical-align: inherit;\"><span dir=\"auto\" style=\"vertical-align: inherit;\"><span dir=\"auto\" style=\"vertical-align: inherit;\">Corte ajustado &#8211; Mangas cortas &#8211; Cuello con un solo bot\u00f3n &#8211; Tapeta de 7 botones tono sobre tono Realizada en algod\u00f3n y elastano, dotada de un corte ajustado, esta prenda proporciona un bonito aspecto planchado y una sensaci\u00f3n de comodidad. Articulo muy fashion.<\/span><\/span><\/span><\/span><\/span><\/span><\/span><\/span><\/p>\n<p><span dir=\"auto\" style=\"vertical-align: inherit;\"><span dir=\"auto\" style=\"vertical-align: inherit;\"><span dir=\"auto\" style=\"vertical-align: inherit;\"><span dir=\"auto\" style=\"vertical-align: inherit;\"><span dir=\"auto\" style=\"vertical-align: inherit;\"><span dir=\"auto\" style=\"vertical-align: inherit;\"><span dir=\"auto\" style=\"vertical-align: inherit;\"><span dir=\"auto\" style=\"vertical-align: inherit;\">97% algod\u00f3n &#8211; 3% elastano<\/span><\/span><\/span><\/span><\/span><\/span><\/span><\/span><\/p>\n<p><span dir=\"auto\" style=\"vertical-align: inherit;\"><span dir=\"auto\" style=\"vertical-align: inherit;\"><\/span><\/span><\/p>\n","protected":false},"excerpt":{"rendered":"<p>Corte ajustado &#8211; Mangas cortas &#8211; Cuello con un solo bot\u00f3n &#8211; Tapeta de 7 botones tono sobre tono Realizada en algod\u00f3n y elastano, dotada de un corte ajustado, esta prenda proporciona un bonito aspecto planchado y una sensaci\u00f3n de comodidad. Articulo muy fashion. 97% algod\u00f3n &#8211; 3% elastano<\/p>\n","protected":false},"featured_media":16539,"template":"","meta":[],"product_brand":[26],"product_cat":[553,585],"product_tag":[],"class_list":{"0":"post-16536","1":"product","2":"type-product","3":"status-publish","4":"has-post-thumbnail","6":"product_brand-sols","7":"product_cat-camisa","8":"product_cat-textil","9":"pa_color-azul-cielo","10":"pa_color-azul-oscuro","11":"pa_color-blanco","12":"pa_color-burdeos-medio","13":"pa_color-negro","14":"pa_ficha-tecnica-https-mcprod-sologroup-paris-com-default-pdfpublication-pdf-product-sku-17030-store-21-type-template_map","15":"pa_genero-hombre","16":"pa_talla-3xl","17":"pa_talla-4xl","18":"pa_talla-5xl","19":"pa_talla-l","20":"pa_talla-m","21":"pa_talla-s","22":"pa_talla-xl","23":"pa_talla-xxl","25":"first","26":"instock","27":"purchasable","28":"product-type-variable","29":"wvs-archive-product-wrapper"},"_links":{"self":[{"href":"https:\/\/imprentaametros.com\/es\/wp-json\/wp\/v2\/product\/16536","targetHints":{"allow":["GET"]}}],"collection":[{"href":"https:\/\/imprentaametros.com\/es\/wp-json\/wp\/v2\/product"}],"about":[{"href":"https:\/\/imprentaametros.com\/es\/wp-json\/wp\/v2\/types\/product"}],"version-history":[{"count":1,"href":"https:\/\/imprentaametros.com\/es\/wp-json\/wp\/v2\/product\/16536\/revisions"}],"predecessor-version":[{"id":16537,"href":"https:\/\/imprentaametros.com\/es\/wp-json\/wp\/v2\/product\/16536\/revisions\/16537"}],"wp:featuredmedia":[{"embeddable":true,"href":"https:\/\/imprentaametros.com\/es\/wp-json\/wp\/v2\/media\/16539"}],"wp:attachment":[{"href":"https:\/\/imprentaametros.com\/es\/wp-json\/wp\/v2\/media?parent=16536"}],"wp:term":[{"taxonomy":"product_brand","embeddable":true,"href":"https:\/\/imprentaametros.com\/es\/wp-json\/wp\/v2\/product_brand?post=16536"},{"taxonomy":"product_cat","embeddable":true,"href":"https:\/\/imprentaametros.com\/es\/wp-json\/wp\/v2\/product_cat?post=16536"},{"taxonomy":"product_tag","embeddable":true,"href":"https:\/\/imprentaametros.com\/es\/wp-json\/wp\/v2\/product_tag?post=16536"}],"curies":[{"name":"wp","href":"https:\/\/api.w.org\/{rel}","templated":true}]}}