{"id":16390,"date":"2026-02-04T18:50:36","date_gmt":"2026-02-04T18:50:36","guid":{"rendered":"https:\/\/imprentamaxspeed2120.live-website.com\/tienda\/sin%20categor\u00eda\/sols-effect\/"},"modified":"2026-02-09T14:10:28","modified_gmt":"2026-02-09T14:10:28","slug":"sols-effect","status":"publish","type":"product","link":"https:\/\/imprentaametros.com\/es\/tienda\/textil\/camisa\/sols-effect\/","title":{"rendered":"SOL&#8217;S EFFECT"},"content":{"rendered":"<p><span dir=\"auto\" style=\"vertical-align: inherit;\"><span dir=\"auto\" style=\"vertical-align: inherit;\"><span dir=\"auto\" style=\"vertical-align: inherit;\"><span dir=\"auto\" style=\"vertical-align: inherit;\"><span dir=\"auto\" style=\"vertical-align: inherit;\"><span dir=\"auto\" style=\"vertical-align: inherit;\"><span dir=\"auto\" style=\"vertical-align: inherit;\"><span dir=\"auto\" style=\"vertical-align: inherit;\">Corte ce\u00f1ido &#8211; Mangas 3\/4 con vuelta y abertura &#8211; Cuello con un solo bot\u00f3n &#8211; Tapeta de 7 botones tono sobre tono &#8211; Pinzas en la parte delantera y trasera Realizada en algod\u00f3n y elastano, y dotada de un corte ce\u00f1ido, esta prenda proporciona un bonito aspecto planchado y una sensaci\u00f3n de comodidad. Articulo muy fashion.<\/span><\/span><\/span><\/span><\/span><\/span><\/span><\/span><\/p>\n<p><span dir=\"auto\" style=\"vertical-align: inherit;\"><span dir=\"auto\" style=\"vertical-align: inherit;\"><span dir=\"auto\" style=\"vertical-align: inherit;\"><span dir=\"auto\" style=\"vertical-align: inherit;\"><span dir=\"auto\" style=\"vertical-align: inherit;\"><span dir=\"auto\" style=\"vertical-align: inherit;\"><span dir=\"auto\" style=\"vertical-align: inherit;\"><span dir=\"auto\" style=\"vertical-align: inherit;\">97% algod\u00f3n &#8211; 3% elastano<\/span><\/span><\/span><\/span><\/span><\/span><\/span><\/span><\/p>\n<p><span dir=\"auto\" style=\"vertical-align: inherit;\"><span dir=\"auto\" style=\"vertical-align: inherit;\"><\/span><\/span><\/p>\n","protected":false},"excerpt":{"rendered":"<p>Corte ce\u00f1ido &#8211; Mangas 3\/4 con vuelta y abertura &#8211; Cuello con un solo bot\u00f3n &#8211; Tapeta de 7 botones tono sobre tono &#8211; Pinzas en la parte delantera y trasera Realizada en algod\u00f3n y elastano, y dotada de un corte ce\u00f1ido, esta prenda proporciona un bonito aspecto planchado y una sensaci\u00f3n de comodidad. Articulo [&hellip;]<\/p>\n","protected":false},"featured_media":16393,"template":"","meta":[],"product_brand":[26],"product_cat":[553,585],"product_tag":[],"class_list":{"0":"post-16390","1":"product","2":"type-product","3":"status-publish","4":"has-post-thumbnail","6":"product_brand-sols","7":"product_cat-camisa","8":"product_cat-textil","9":"pa_color-azul-cielo","10":"pa_color-azul-oscuro","11":"pa_color-blanco","12":"pa_color-burdeos-medio","13":"pa_color-negro","14":"pa_ficha-tecnica-https-mcprod-sologroup-paris-com-default-pdfpublication-pdf-product-sku-17010-store-21-type-template_map","15":"pa_genero-mujer","16":"pa_talla-3xl","17":"pa_talla-l","18":"pa_talla-m","19":"pa_talla-s","20":"pa_talla-xl","21":"pa_talla-xs","22":"pa_talla-xxl","24":"first","25":"instock","26":"purchasable","27":"product-type-variable","28":"wvs-archive-product-wrapper"},"_links":{"self":[{"href":"https:\/\/imprentaametros.com\/es\/wp-json\/wp\/v2\/product\/16390","targetHints":{"allow":["GET"]}}],"collection":[{"href":"https:\/\/imprentaametros.com\/es\/wp-json\/wp\/v2\/product"}],"about":[{"href":"https:\/\/imprentaametros.com\/es\/wp-json\/wp\/v2\/types\/product"}],"version-history":[{"count":1,"href":"https:\/\/imprentaametros.com\/es\/wp-json\/wp\/v2\/product\/16390\/revisions"}],"predecessor-version":[{"id":16391,"href":"https:\/\/imprentaametros.com\/es\/wp-json\/wp\/v2\/product\/16390\/revisions\/16391"}],"wp:featuredmedia":[{"embeddable":true,"href":"https:\/\/imprentaametros.com\/es\/wp-json\/wp\/v2\/media\/16393"}],"wp:attachment":[{"href":"https:\/\/imprentaametros.com\/es\/wp-json\/wp\/v2\/media?parent=16390"}],"wp:term":[{"taxonomy":"product_brand","embeddable":true,"href":"https:\/\/imprentaametros.com\/es\/wp-json\/wp\/v2\/product_brand?post=16390"},{"taxonomy":"product_cat","embeddable":true,"href":"https:\/\/imprentaametros.com\/es\/wp-json\/wp\/v2\/product_cat?post=16390"},{"taxonomy":"product_tag","embeddable":true,"href":"https:\/\/imprentaametros.com\/es\/wp-json\/wp\/v2\/product_tag?post=16390"}],"curies":[{"name":"wp","href":"https:\/\/api.w.org\/{rel}","templated":true}]}}