{"id":16144,"date":"2026-02-04T18:44:05","date_gmt":"2026-02-04T18:44:05","guid":{"rendered":"https:\/\/imprentamaxspeed2120.live-website.com\/tienda\/sin%20categor\u00eda\/sols-elite\/"},"modified":"2026-02-09T14:10:41","modified_gmt":"2026-02-09T14:10:41","slug":"sols-elite","status":"publish","type":"product","link":"https:\/\/imprentaametros.com\/es\/tienda\/textil\/camisa\/sols-elite\/","title":{"rendered":"SOL&#8217;S ELITE"},"content":{"rendered":"<p><span dir=\"auto\" style=\"vertical-align: inherit;\"><span dir=\"auto\" style=\"vertical-align: inherit;\"><span dir=\"auto\" style=\"vertical-align: inherit;\"><span dir=\"auto\" style=\"vertical-align: inherit;\"><span dir=\"auto\" style=\"vertical-align: inherit;\"><span dir=\"auto\" style=\"vertical-align: inherit;\"><span dir=\"auto\" style=\"vertical-align: inherit;\"><span dir=\"auto\" style=\"vertical-align: inherit;\">Corte ce\u00f1ido &#8211; Mangas cortas &#8211; Cuello cl\u00e1sico &#8211; Tapeta de 7 botones tono sobre tono &#8211; Pinzas en el pecho Prenda cl\u00e1sica del vestuario corporativo muy c\u00f3moda de llevar y de f\u00e1cil cuidado. &#8211; El tejido Oxford (mezcla de 2 hilos) hace que sea muy agradable y resistente.<\/span><\/span><\/span><\/span><\/span><\/span><\/span><\/span><\/p>\n<p><span dir=\"auto\" style=\"vertical-align: inherit;\"><span dir=\"auto\" style=\"vertical-align: inherit;\"><span dir=\"auto\" style=\"vertical-align: inherit;\"><span dir=\"auto\" style=\"vertical-align: inherit;\"><span dir=\"auto\" style=\"vertical-align: inherit;\"><span dir=\"auto\" style=\"vertical-align: inherit;\"><span dir=\"auto\" style=\"vertical-align: inherit;\"><span dir=\"auto\" style=\"vertical-align: inherit;\">70% algod\u00f3n 30% poli\u00e9ster<\/span><\/span><\/span><\/span><\/span><\/span><\/span><\/span><\/p>\n<p><span dir=\"auto\" style=\"vertical-align: inherit;\"><span dir=\"auto\" style=\"vertical-align: inherit;\"><\/span><\/span><\/p>\n","protected":false},"excerpt":{"rendered":"<p>Corte ce\u00f1ido &#8211; Mangas cortas &#8211; Cuello cl\u00e1sico &#8211; Tapeta de 7 botones tono sobre tono &#8211; Pinzas en el pecho Prenda cl\u00e1sica del vestuario corporativo muy c\u00f3moda de llevar y de f\u00e1cil cuidado. &#8211; El tejido Oxford (mezcla de 2 hilos) hace que sea muy agradable y resistente. 70% algod\u00f3n 30% poli\u00e9ster<\/p>\n","protected":false},"featured_media":16147,"template":"","meta":[],"product_brand":[26],"product_cat":[553,585],"product_tag":[],"class_list":{"0":"post-16144","1":"product","2":"type-product","3":"status-publish","4":"has-post-thumbnail","6":"product_brand-sols","7":"product_cat-camisa","8":"product_cat-textil","9":"pa_color-azul-cielo","10":"pa_color-blanco","11":"pa_ficha-tecnica-https-mcprod-sologroup-paris-com-default-pdfpublication-pdf-product-sku-16030-store-21-type-template_map","12":"pa_genero-mujer","13":"pa_talla-3xl","14":"pa_talla-l","15":"pa_talla-m","16":"pa_talla-s","17":"pa_talla-xl","18":"pa_talla-xs","19":"pa_talla-xxl","21":"first","22":"instock","23":"purchasable","24":"product-type-variable","25":"wvs-archive-product-wrapper"},"_links":{"self":[{"href":"https:\/\/imprentaametros.com\/es\/wp-json\/wp\/v2\/product\/16144","targetHints":{"allow":["GET"]}}],"collection":[{"href":"https:\/\/imprentaametros.com\/es\/wp-json\/wp\/v2\/product"}],"about":[{"href":"https:\/\/imprentaametros.com\/es\/wp-json\/wp\/v2\/types\/product"}],"version-history":[{"count":1,"href":"https:\/\/imprentaametros.com\/es\/wp-json\/wp\/v2\/product\/16144\/revisions"}],"predecessor-version":[{"id":16145,"href":"https:\/\/imprentaametros.com\/es\/wp-json\/wp\/v2\/product\/16144\/revisions\/16145"}],"wp:featuredmedia":[{"embeddable":true,"href":"https:\/\/imprentaametros.com\/es\/wp-json\/wp\/v2\/media\/16147"}],"wp:attachment":[{"href":"https:\/\/imprentaametros.com\/es\/wp-json\/wp\/v2\/media?parent=16144"}],"wp:term":[{"taxonomy":"product_brand","embeddable":true,"href":"https:\/\/imprentaametros.com\/es\/wp-json\/wp\/v2\/product_brand?post=16144"},{"taxonomy":"product_cat","embeddable":true,"href":"https:\/\/imprentaametros.com\/es\/wp-json\/wp\/v2\/product_cat?post=16144"},{"taxonomy":"product_tag","embeddable":true,"href":"https:\/\/imprentaametros.com\/es\/wp-json\/wp\/v2\/product_tag?post=16144"}],"curies":[{"name":"wp","href":"https:\/\/api.w.org\/{rel}","templated":true}]}}